{"id":69,"date":"2022-11-07T09:31:56","date_gmt":"2022-11-07T08:31:56","guid":{"rendered":"http:\/\/sipar.org\/?page_id=69"},"modified":"2026-01-21T14:54:40","modified_gmt":"2026-01-21T13:54:40","slug":"rapports-annuels","status":"publish","type":"page","link":"https:\/\/sipar.org\/en\/association-cambodge-sipar\/sinformer\/rapports-annuels\/","title":{"rendered":"Annual report"},"content":{"rendered":"<section class=\"section\" id=\"section_1316934466\">\n\t\t<div class=\"section-bg fill\" >\n\t\t\t\t\t\t\t\t\t\n\t\t\t\n\t<div class=\"is-border\"\n\t\tstyle=\"border-width:0px 0px 0px 0px;\">\n\t<\/div>\n\n\t\t<\/div>\n\n\t\t\n\n\t\t<div class=\"section-content relative\">\n\t\t\t\n\n<div class=\"row\"  id=\"row-1361577524\">\n\n\n\t<div id=\"col-1708595468\" class=\"col small-12 large-12\"  >\n\t\t\t\t<div class=\"col-inner text-center\"  >\n\t\t\t\n\t\t\t\n\n\t<div id=\"text-610934070\" class=\"text\">\n\t\t\n\n<h1 class=\"uppercase\" style=\"text-align: center;\">annual reports<\/h1>\n\t\t\n<style>\n#text-610934070 {\n  font-size: 1.3rem;\n}\n<\/style>\n\t<\/div>\n\t\n\n\t\t<\/div>\n\t\t\t\t\n<style>\n#col-1708595468 > .col-inner {\n  padding: 0px 0px 0px 0px;\n  margin: 0px 0px -40px 0px;\n}\n<\/style>\n\t<\/div>\n\n\t\n\n<\/div>\n\n\t\t<\/div>\n\n\t\t\n<style>\n#section_1316934466 {\n  padding-top: 5px;\n  padding-bottom: 5px;\n}\n<\/style>\n\t<\/section>\n\t\n\n\t<section class=\"section\" id=\"section_1335341929\">\n\t\t<div class=\"section-bg fill\" >\n\t\t\t\t\t\t\t\t\t\n\t\t\t\n\n\t\t<\/div>\n\n\t\t\n\n\t\t<div class=\"section-content relative\">\n\t\t\t\n\n<p>Consult our annual reports in English, French and Khmer:<\/p>\n\t<div id=\"text-2544583444\" class=\"text\">\n\t\t\n\n<h2>2024<\/h2>\n\t\t\n<style>\n#text-2544583444 {\n  font-size: 1.1rem;\n}\n<\/style>\n\t<\/div>\n\t\n<div class=\"row\"  id=\"row-2119226160\">\n\n\n\t<div id=\"col-1782426811\" class=\"col medium-4 small-12 large-4\"  >\n\t\t\t\t<div class=\"col-inner\"  >\n\t\t\t\n\t\t\t\n\n\t<div class=\"box has-hover   has-hover box-text-bottom\" >\n\n\t\t<div class=\"box-image\" >\n\t\t\t<a href=\"https:\/\/sipar.org\/wp-content\/uploads\/Annual-Report-2024-FR.pdf\" >\t\t\t<div class=\"\" >\n\t\t\t\t<img loading=\"lazy\" decoding=\"async\" width=\"1241\" height=\"1754\" src=\"https:\/\/sipar.org\/wp-content\/uploads\/Une-Rapport-annuel-2024-Sipar_FR.jpg\" class=\"attachment- size-\" alt=\"Rapport annuel Sipar 2024\" srcset=\"https:\/\/sipar.org\/wp-content\/uploads\/Une-Rapport-annuel-2024-Sipar_FR.jpg 1241w, https:\/\/sipar.org\/wp-content\/uploads\/Une-Rapport-annuel-2024-Sipar_FR-212x300.jpg 212w, https:\/\/sipar.org\/wp-content\/uploads\/Une-Rapport-annuel-2024-Sipar_FR-725x1024.jpg 725w, https:\/\/sipar.org\/wp-content\/uploads\/Une-Rapport-annuel-2024-Sipar_FR-768x1085.jpg 768w, https:\/\/sipar.org\/wp-content\/uploads\/Une-Rapport-annuel-2024-Sipar_FR-1087x1536.jpg 1087w, https:\/\/sipar.org\/wp-content\/uploads\/Une-Rapport-annuel-2024-Sipar_FR-8x12.jpg 8w\" sizes=\"auto, (max-width: 1241px) 100vw, 1241px\" \/>\t\t\t\t\t\t\t\t\t\t\t<\/div>\n\t\t\t<\/a>\t\t<\/div>\n\n\t\t<div class=\"box-text text-center\" >\n\t\t\t<div class=\"box-text-inner\">\n\t\t\t\t\n\n<p>French<\/p>\n\n\t\t\t<\/div>\n\t\t<\/div>\n\t<\/div>\n\t\n\n\t\t<\/div>\n\t\t\t\t\t<\/div>\n\n\t\n\n\t<div id=\"col-1173036537\" class=\"col medium-4 small-12 large-4\"  >\n\t\t\t\t<div class=\"col-inner\"  >\n\t\t\t\n\t\t\t\n\n\t<div class=\"box has-hover   has-hover box-text-bottom\" >\n\n\t\t<div class=\"box-image\" >\n\t\t\t<a href=\"https:\/\/sipar.org\/wp-content\/uploads\/annual-report-en-sipar.pdf\" >\t\t\t<div class=\"\" >\n\t\t\t\t<img loading=\"lazy\" decoding=\"async\" width=\"1241\" height=\"1754\" src=\"https:\/\/sipar.org\/wp-content\/uploads\/annual-report-en-sipar_page-0001.jpg\" class=\"attachment- size-\" alt=\"\" srcset=\"https:\/\/sipar.org\/wp-content\/uploads\/annual-report-en-sipar_page-0001.jpg 1241w, https:\/\/sipar.org\/wp-content\/uploads\/annual-report-en-sipar_page-0001-212x300.jpg 212w, https:\/\/sipar.org\/wp-content\/uploads\/annual-report-en-sipar_page-0001-725x1024.jpg 725w, https:\/\/sipar.org\/wp-content\/uploads\/annual-report-en-sipar_page-0001-768x1085.jpg 768w, https:\/\/sipar.org\/wp-content\/uploads\/annual-report-en-sipar_page-0001-1087x1536.jpg 1087w, https:\/\/sipar.org\/wp-content\/uploads\/annual-report-en-sipar_page-0001-8x12.jpg 8w\" sizes=\"auto, (max-width: 1241px) 100vw, 1241px\" \/>\t\t\t\t\t\t\t\t\t\t\t<\/div>\n\t\t\t<\/a>\t\t<\/div>\n\n\t\t<div class=\"box-text text-center\" >\n\t\t\t<div class=\"box-text-inner\">\n\t\t\t\t\n\n<p>English<\/p>\n\n\t\t\t<\/div>\n\t\t<\/div>\n\t<\/div>\n\t\n\n\t\t<\/div>\n\t\t\t\t\t<\/div>\n\n\t\n\n<\/div>\n\t<div id=\"text-1893873053\" class=\"text\">\n\t\t\n\n<h2>2023<\/h2>\n\t\t\n<style>\n#text-1893873053 {\n  font-size: 1.1rem;\n}\n<\/style>\n\t<\/div>\n\t\n<div class=\"row\"  id=\"row-1451712802\">\n\n\n\t<div id=\"col-947337926\" class=\"col medium-4 small-12 large-4\"  >\n\t\t\t\t<div class=\"col-inner\"  >\n\t\t\t\n\t\t\t\n\n\t<div class=\"box has-hover   has-hover box-text-bottom\" >\n\n\t\t<div class=\"box-image\" >\n\t\t\t<a href=\"https:\/\/sipar.org\/wp-content\/uploads\/Annual-Report-2023-ENG.pdf\" >\t\t\t<div class=\"\" >\n\t\t\t\t<img loading=\"lazy\" decoding=\"async\" width=\"1241\" height=\"1754\" src=\"https:\/\/sipar.org\/wp-content\/uploads\/Annual-Report-2023-FR-1.jpg\" class=\"attachment- size-\" alt=\"Rapport annuel 2023 - Fran\u00e7ais\" srcset=\"https:\/\/sipar.org\/wp-content\/uploads\/Annual-Report-2023-FR-1.jpg 1241w, https:\/\/sipar.org\/wp-content\/uploads\/Annual-Report-2023-FR-1-212x300.jpg 212w, https:\/\/sipar.org\/wp-content\/uploads\/Annual-Report-2023-FR-1-725x1024.jpg 725w, https:\/\/sipar.org\/wp-content\/uploads\/Annual-Report-2023-FR-1-768x1085.jpg 768w, https:\/\/sipar.org\/wp-content\/uploads\/Annual-Report-2023-FR-1-1087x1536.jpg 1087w, https:\/\/sipar.org\/wp-content\/uploads\/Annual-Report-2023-FR-1-8x12.jpg 8w\" sizes=\"auto, (max-width: 1241px) 100vw, 1241px\" \/>\t\t\t\t\t\t\t\t\t\t\t<\/div>\n\t\t\t<\/a>\t\t<\/div>\n\n\t\t<div class=\"box-text text-center\" >\n\t\t\t<div class=\"box-text-inner\">\n\t\t\t\t\n\n<p>French<\/p>\n\n\t\t\t<\/div>\n\t\t<\/div>\n\t<\/div>\n\t\n\n\t\t<\/div>\n\t\t\t\t\t<\/div>\n\n\t\n\n\t<div id=\"col-729028596\" class=\"col medium-4 small-12 large-4\"  >\n\t\t\t\t<div class=\"col-inner\"  >\n\t\t\t\n\t\t\t\n\n\t<div class=\"box has-hover   has-hover box-text-bottom\" >\n\n\t\t<div class=\"box-image\" >\n\t\t\t<a href=\"https:\/\/sipar.org\/wp-content\/uploads\/Annual-Report-2023-ENG.pdf\" >\t\t\t<div class=\"\" >\n\t\t\t\t<img loading=\"lazy\" decoding=\"async\" width=\"1241\" height=\"1754\" src=\"https:\/\/sipar.org\/wp-content\/uploads\/Annual-Report-2023-ENG.jpg\" class=\"attachment- size-\" alt=\"Rapport annuel Sipar 2023 Anglais\" srcset=\"https:\/\/sipar.org\/wp-content\/uploads\/Annual-Report-2023-ENG.jpg 1241w, https:\/\/sipar.org\/wp-content\/uploads\/Annual-Report-2023-ENG-212x300.jpg 212w, https:\/\/sipar.org\/wp-content\/uploads\/Annual-Report-2023-ENG-725x1024.jpg 725w, https:\/\/sipar.org\/wp-content\/uploads\/Annual-Report-2023-ENG-768x1085.jpg 768w, https:\/\/sipar.org\/wp-content\/uploads\/Annual-Report-2023-ENG-1087x1536.jpg 1087w, https:\/\/sipar.org\/wp-content\/uploads\/Annual-Report-2023-ENG-8x12.jpg 8w\" sizes=\"auto, (max-width: 1241px) 100vw, 1241px\" \/>\t\t\t\t\t\t\t\t\t\t\t<\/div>\n\t\t\t<\/a>\t\t<\/div>\n\n\t\t<div class=\"box-text text-center\" >\n\t\t\t<div class=\"box-text-inner\">\n\t\t\t\t\n\n<p>English<\/p>\n\n\t\t\t<\/div>\n\t\t<\/div>\n\t<\/div>\n\t\n\n\t\t<\/div>\n\t\t\t\t\t<\/div>\n\n\t\n\n\t<div id=\"col-1033896326\" class=\"col medium-4 small-12 large-4\"  >\n\t\t\t\t<div class=\"col-inner\"  >\n\t\t\t\n\t\t\t\n\n\t<div class=\"box has-hover   has-hover box-text-bottom\" >\n\n\t\t<div class=\"box-image\" >\n\t\t\t<a href=\"https:\/\/sipar.org\/wp-content\/uploads\/Annual-Report-2023-KH.pdf\" >\t\t\t<div class=\"\" >\n\t\t\t\t<img loading=\"lazy\" decoding=\"async\" width=\"1241\" height=\"1754\" src=\"https:\/\/sipar.org\/wp-content\/uploads\/Annual-Report-2023-KH.jpg\" class=\"attachment- size-\" alt=\"Rapport annuel Sipar 2023 Khmer\" srcset=\"https:\/\/sipar.org\/wp-content\/uploads\/Annual-Report-2023-KH.jpg 1241w, https:\/\/sipar.org\/wp-content\/uploads\/Annual-Report-2023-KH-212x300.jpg 212w, https:\/\/sipar.org\/wp-content\/uploads\/Annual-Report-2023-KH-725x1024.jpg 725w, https:\/\/sipar.org\/wp-content\/uploads\/Annual-Report-2023-KH-768x1085.jpg 768w, https:\/\/sipar.org\/wp-content\/uploads\/Annual-Report-2023-KH-1087x1536.jpg 1087w, https:\/\/sipar.org\/wp-content\/uploads\/Annual-Report-2023-KH-8x12.jpg 8w\" sizes=\"auto, (max-width: 1241px) 100vw, 1241px\" \/>\t\t\t\t\t\t\t\t\t\t\t<\/div>\n\t\t\t<\/a>\t\t<\/div>\n\n\t\t<div class=\"box-text text-center\" >\n\t\t\t<div class=\"box-text-inner\">\n\t\t\t\t\n\n<p>Khmer<\/p>\n\n\t\t\t<\/div>\n\t\t<\/div>\n\t<\/div>\n\t\n\n\t\t<\/div>\n\t\t\t\t\t<\/div>\n\n\t\n\n<\/div>\n\n\t\t<\/div>\n\n\t\t\n<style>\n#section_1335341929 {\n  padding-top: 30px;\n  padding-bottom: 30px;\n}\n<\/style>\n\t<\/section>","protected":false},"excerpt":{"rendered":"","protected":false},"author":1,"featured_media":782,"parent":61,"menu_order":0,"comment_status":"closed","ping_status":"closed","template":"","meta":{"footnotes":""},"class_list":["post-69","page","type-page","status-publish","has-post-thumbnail","hentry"],"yoast_head":"<!-- This site is optimized with the Yoast SEO plugin v27.3 - https:\/\/yoast.com\/product\/yoast-seo-wordpress\/ -->\n<title>Rapports annuels - Sipar<\/title>\n<meta name=\"description\" content=\"Consultez nos rapports annuels en fran\u00e7ais, en anglais et en khmer. Un r\u00e9sum\u00e9 en quelques pages de nos activit\u00e9s au Cambodge par ann\u00e9e.\" \/>\n<meta name=\"robots\" content=\"index, follow, max-snippet:-1, max-image-preview:large, max-video-preview:-1\" \/>\n<link rel=\"canonical\" href=\"https:\/\/sipar.org\/en\/association-cambodge-sipar\/sinformer\/rapports-annuels\/\" \/>\n<meta property=\"og:locale\" content=\"en_US\" \/>\n<meta property=\"og:type\" content=\"article\" \/>\n<meta property=\"og:title\" content=\"Rapports annuels - Sipar\" \/>\n<meta property=\"og:description\" content=\"Consultez nos rapports annuels en fran\u00e7ais, en anglais et en khmer. Un r\u00e9sum\u00e9 en quelques pages de nos activit\u00e9s au Cambodge par ann\u00e9e.\" \/>\n<meta property=\"og:url\" content=\"https:\/\/sipar.org\/en\/association-cambodge-sipar\/sinformer\/rapports-annuels\/\" \/>\n<meta property=\"og:site_name\" content=\"Sipar\" \/>\n<meta property=\"article:publisher\" content=\"https:\/\/facebook.com\/siparfrance\" \/>\n<meta property=\"article:modified_time\" content=\"2026-01-21T13:54:40+00:00\" \/>\n<meta property=\"og:image\" content=\"https:\/\/sipar.org\/wp-content\/uploads\/rapport-annuel-2021-sipar-francais.jpg\" \/>\n\t<meta property=\"og:image:width\" content=\"1241\" \/>\n\t<meta property=\"og:image:height\" content=\"1754\" \/>\n\t<meta property=\"og:image:type\" content=\"image\/jpeg\" \/>\n<meta name=\"twitter:card\" content=\"summary_large_image\" \/>\n<meta name=\"twitter:label1\" content=\"Est. reading time\" \/>\n\t<meta name=\"twitter:data1\" content=\"1 minute\" \/>\n<script type=\"application\/ld+json\" class=\"yoast-schema-graph\">{\"@context\":\"https:\\\/\\\/schema.org\",\"@graph\":[{\"@type\":\"WebPage\",\"@id\":\"https:\\\/\\\/sipar.org\\\/association-cambodge-sipar\\\/sinformer\\\/rapports-annuels\\\/\",\"url\":\"https:\\\/\\\/sipar.org\\\/association-cambodge-sipar\\\/sinformer\\\/rapports-annuels\\\/\",\"name\":\"Rapports annuels - Sipar\",\"isPartOf\":{\"@id\":\"https:\\\/\\\/sipar.org\\\/#website\"},\"primaryImageOfPage\":{\"@id\":\"https:\\\/\\\/sipar.org\\\/association-cambodge-sipar\\\/sinformer\\\/rapports-annuels\\\/#primaryimage\"},\"image\":{\"@id\":\"https:\\\/\\\/sipar.org\\\/association-cambodge-sipar\\\/sinformer\\\/rapports-annuels\\\/#primaryimage\"},\"thumbnailUrl\":\"https:\\\/\\\/sipar.org\\\/wp-content\\\/uploads\\\/rapport-annuel-2021-sipar-francais.jpg\",\"datePublished\":\"2022-11-07T08:31:56+00:00\",\"dateModified\":\"2026-01-21T13:54:40+00:00\",\"description\":\"Consultez nos rapports annuels en fran\u00e7ais, en anglais et en khmer. Un r\u00e9sum\u00e9 en quelques pages de nos activit\u00e9s au Cambodge par ann\u00e9e.\",\"breadcrumb\":{\"@id\":\"https:\\\/\\\/sipar.org\\\/association-cambodge-sipar\\\/sinformer\\\/rapports-annuels\\\/#breadcrumb\"},\"inLanguage\":\"en-US\",\"potentialAction\":[{\"@type\":\"ReadAction\",\"target\":[\"https:\\\/\\\/sipar.org\\\/association-cambodge-sipar\\\/sinformer\\\/rapports-annuels\\\/\"]}]},{\"@type\":\"ImageObject\",\"inLanguage\":\"en-US\",\"@id\":\"https:\\\/\\\/sipar.org\\\/association-cambodge-sipar\\\/sinformer\\\/rapports-annuels\\\/#primaryimage\",\"url\":\"https:\\\/\\\/sipar.org\\\/wp-content\\\/uploads\\\/rapport-annuel-2021-sipar-francais.jpg\",\"contentUrl\":\"https:\\\/\\\/sipar.org\\\/wp-content\\\/uploads\\\/rapport-annuel-2021-sipar-francais.jpg\",\"width\":1241,\"height\":1754,\"caption\":\"rapport annuel sipar 2021 fran\u00e7ais\"},{\"@type\":\"BreadcrumbList\",\"@id\":\"https:\\\/\\\/sipar.org\\\/association-cambodge-sipar\\\/sinformer\\\/rapports-annuels\\\/#breadcrumb\",\"itemListElement\":[{\"@type\":\"ListItem\",\"position\":1,\"name\":\"Accueil\",\"item\":\"https:\\\/\\\/sipar.org\\\/\"},{\"@type\":\"ListItem\",\"position\":2,\"name\":\"Accueil\",\"item\":\"https:\\\/\\\/sipar.org\\\/\"},{\"@type\":\"ListItem\",\"position\":3,\"name\":\"S&rsquo;informer\",\"item\":\"https:\\\/\\\/sipar.org\\\/association-cambodge-sipar\\\/sinformer\\\/\"},{\"@type\":\"ListItem\",\"position\":4,\"name\":\"Rapport annuel\"}]},{\"@type\":\"WebSite\",\"@id\":\"https:\\\/\\\/sipar.org\\\/#website\",\"url\":\"https:\\\/\\\/sipar.org\\\/\",\"name\":\"Sipar\",\"description\":\"Lire et s&#039;instruire pour construire l&#039;avenir\",\"publisher\":{\"@id\":\"https:\\\/\\\/sipar.org\\\/#organization\"},\"potentialAction\":[{\"@type\":\"SearchAction\",\"target\":{\"@type\":\"EntryPoint\",\"urlTemplate\":\"https:\\\/\\\/sipar.org\\\/?s={search_term_string}\"},\"query-input\":{\"@type\":\"PropertyValueSpecification\",\"valueRequired\":true,\"valueName\":\"search_term_string\"}}],\"inLanguage\":\"en-US\"},{\"@type\":\"Organization\",\"@id\":\"https:\\\/\\\/sipar.org\\\/#organization\",\"name\":\"Sipar\",\"url\":\"https:\\\/\\\/sipar.org\\\/\",\"logo\":{\"@type\":\"ImageObject\",\"inLanguage\":\"en-US\",\"@id\":\"https:\\\/\\\/sipar.org\\\/#\\\/schema\\\/logo\\\/image\\\/\",\"url\":\"https:\\\/\\\/sipar.org\\\/wp-content\\\/uploads\\\/LOGO-FINAL-SIPAR.jpg\",\"contentUrl\":\"https:\\\/\\\/sipar.org\\\/wp-content\\\/uploads\\\/LOGO-FINAL-SIPAR.jpg\",\"width\":2362,\"height\":2362,\"caption\":\"Sipar\"},\"image\":{\"@id\":\"https:\\\/\\\/sipar.org\\\/#\\\/schema\\\/logo\\\/image\\\/\"},\"sameAs\":[\"https:\\\/\\\/facebook.com\\\/siparfrance\",\"https:\\\/\\\/instagram.com\\\/siparfrance\",\"https:\\\/\\\/www.linkedin.com\\\/company\\\/sipar-cambodia\",\"https:\\\/\\\/www.youtube.com\\\/channel\\\/UCjYqDfhBs1Q9rpXcPwTTbPg\"]}]}<\/script>\n<!-- \/ Yoast SEO plugin. -->","yoast_head_json":{"title":"Rapports annuels - Sipar","description":"Consultez nos rapports annuels en fran\u00e7ais, en anglais et en khmer. Un r\u00e9sum\u00e9 en quelques pages de nos activit\u00e9s au Cambodge par ann\u00e9e.","robots":{"index":"index","follow":"follow","max-snippet":"max-snippet:-1","max-image-preview":"max-image-preview:large","max-video-preview":"max-video-preview:-1"},"canonical":"https:\/\/sipar.org\/en\/association-cambodge-sipar\/sinformer\/rapports-annuels\/","og_locale":"en_US","og_type":"article","og_title":"Rapports annuels - Sipar","og_description":"Consultez nos rapports annuels en fran\u00e7ais, en anglais et en khmer. Un r\u00e9sum\u00e9 en quelques pages de nos activit\u00e9s au Cambodge par ann\u00e9e.","og_url":"https:\/\/sipar.org\/en\/association-cambodge-sipar\/sinformer\/rapports-annuels\/","og_site_name":"Sipar","article_publisher":"https:\/\/facebook.com\/siparfrance","article_modified_time":"2026-01-21T13:54:40+00:00","og_image":[{"width":1241,"height":1754,"url":"https:\/\/sipar.org\/wp-content\/uploads\/rapport-annuel-2021-sipar-francais.jpg","type":"image\/jpeg"}],"twitter_card":"summary_large_image","twitter_misc":{"Est. reading time":"1 minute"},"schema":{"@context":"https:\/\/schema.org","@graph":[{"@type":"WebPage","@id":"https:\/\/sipar.org\/association-cambodge-sipar\/sinformer\/rapports-annuels\/","url":"https:\/\/sipar.org\/association-cambodge-sipar\/sinformer\/rapports-annuels\/","name":"Rapports annuels - Sipar","isPartOf":{"@id":"https:\/\/sipar.org\/#website"},"primaryImageOfPage":{"@id":"https:\/\/sipar.org\/association-cambodge-sipar\/sinformer\/rapports-annuels\/#primaryimage"},"image":{"@id":"https:\/\/sipar.org\/association-cambodge-sipar\/sinformer\/rapports-annuels\/#primaryimage"},"thumbnailUrl":"https:\/\/sipar.org\/wp-content\/uploads\/rapport-annuel-2021-sipar-francais.jpg","datePublished":"2022-11-07T08:31:56+00:00","dateModified":"2026-01-21T13:54:40+00:00","description":"Consultez nos rapports annuels en fran\u00e7ais, en anglais et en khmer. Un r\u00e9sum\u00e9 en quelques pages de nos activit\u00e9s au Cambodge par ann\u00e9e.","breadcrumb":{"@id":"https:\/\/sipar.org\/association-cambodge-sipar\/sinformer\/rapports-annuels\/#breadcrumb"},"inLanguage":"en-US","potentialAction":[{"@type":"ReadAction","target":["https:\/\/sipar.org\/association-cambodge-sipar\/sinformer\/rapports-annuels\/"]}]},{"@type":"ImageObject","inLanguage":"en-US","@id":"https:\/\/sipar.org\/association-cambodge-sipar\/sinformer\/rapports-annuels\/#primaryimage","url":"https:\/\/sipar.org\/wp-content\/uploads\/rapport-annuel-2021-sipar-francais.jpg","contentUrl":"https:\/\/sipar.org\/wp-content\/uploads\/rapport-annuel-2021-sipar-francais.jpg","width":1241,"height":1754,"caption":"rapport annuel sipar 2021 fran\u00e7ais"},{"@type":"BreadcrumbList","@id":"https:\/\/sipar.org\/association-cambodge-sipar\/sinformer\/rapports-annuels\/#breadcrumb","itemListElement":[{"@type":"ListItem","position":1,"name":"Accueil","item":"https:\/\/sipar.org\/"},{"@type":"ListItem","position":2,"name":"Accueil","item":"https:\/\/sipar.org\/"},{"@type":"ListItem","position":3,"name":"S&rsquo;informer","item":"https:\/\/sipar.org\/association-cambodge-sipar\/sinformer\/"},{"@type":"ListItem","position":4,"name":"Rapport annuel"}]},{"@type":"WebSite","@id":"https:\/\/sipar.org\/#website","url":"https:\/\/sipar.org\/","name":"Sipar","description":"Lire et s&#039;instruire pour construire l&#039;avenir","publisher":{"@id":"https:\/\/sipar.org\/#organization"},"potentialAction":[{"@type":"SearchAction","target":{"@type":"EntryPoint","urlTemplate":"https:\/\/sipar.org\/?s={search_term_string}"},"query-input":{"@type":"PropertyValueSpecification","valueRequired":true,"valueName":"search_term_string"}}],"inLanguage":"en-US"},{"@type":"Organization","@id":"https:\/\/sipar.org\/#organization","name":"Sipar","url":"https:\/\/sipar.org\/","logo":{"@type":"ImageObject","inLanguage":"en-US","@id":"https:\/\/sipar.org\/#\/schema\/logo\/image\/","url":"https:\/\/sipar.org\/wp-content\/uploads\/LOGO-FINAL-SIPAR.jpg","contentUrl":"https:\/\/sipar.org\/wp-content\/uploads\/LOGO-FINAL-SIPAR.jpg","width":2362,"height":2362,"caption":"Sipar"},"image":{"@id":"https:\/\/sipar.org\/#\/schema\/logo\/image\/"},"sameAs":["https:\/\/facebook.com\/siparfrance","https:\/\/instagram.com\/siparfrance","https:\/\/www.linkedin.com\/company\/sipar-cambodia","https:\/\/www.youtube.com\/channel\/UCjYqDfhBs1Q9rpXcPwTTbPg"]}]}},"_links":{"self":[{"href":"https:\/\/sipar.org\/en\/wp-json\/wp\/v2\/pages\/69","targetHints":{"allow":["GET"]}}],"collection":[{"href":"https:\/\/sipar.org\/en\/wp-json\/wp\/v2\/pages"}],"about":[{"href":"https:\/\/sipar.org\/en\/wp-json\/wp\/v2\/types\/page"}],"author":[{"embeddable":true,"href":"https:\/\/sipar.org\/en\/wp-json\/wp\/v2\/users\/1"}],"replies":[{"embeddable":true,"href":"https:\/\/sipar.org\/en\/wp-json\/wp\/v2\/comments?post=69"}],"version-history":[{"count":33,"href":"https:\/\/sipar.org\/en\/wp-json\/wp\/v2\/pages\/69\/revisions"}],"predecessor-version":[{"id":2626,"href":"https:\/\/sipar.org\/en\/wp-json\/wp\/v2\/pages\/69\/revisions\/2626"}],"up":[{"embeddable":true,"href":"https:\/\/sipar.org\/en\/wp-json\/wp\/v2\/pages\/61"}],"wp:featuredmedia":[{"embeddable":true,"href":"https:\/\/sipar.org\/en\/wp-json\/wp\/v2\/media\/782"}],"wp:attachment":[{"href":"https:\/\/sipar.org\/en\/wp-json\/wp\/v2\/media?parent=69"}],"curies":[{"name":"wp","href":"https:\/\/api.w.org\/{rel}","templated":true}]}}