{"id":59,"date":"2022-11-07T09:30:13","date_gmt":"2022-11-07T08:30:13","guid":{"rendered":"http:\/\/sipar.org\/?page_id=59"},"modified":"2026-01-20T10:43:39","modified_gmt":"2026-01-20T09:43:39","slug":"benevolat-au-cambodge","status":"publish","type":"page","link":"https:\/\/sipar.org\/en\/association-cambodge-sipar\/nous-soutenir\/benevolat-au-cambodge\/","title":{"rendered":"Work \/ Volunteer"},"content":{"rendered":"<section class=\"section\" id=\"section_2041726466\">\n\t\t<div class=\"section-bg fill\" >\n\t\t\t\t\t\t\t\t\t\n\t\t\t\n\t<div class=\"is-border\"\n\t\tstyle=\"border-width:0px 0px 0px 0px;\">\n\t<\/div>\n\n\t\t<\/div>\n\n\t\t\n\n\t\t<div class=\"section-content relative\">\n\t\t\t\n\n<div class=\"row\"  id=\"row-1439167147\">\n\n\n\t<div id=\"col-587684413\" class=\"col small-12 large-12\"  >\n\t\t\t\t<div class=\"col-inner text-center\"  >\n\t\t\t\n\t\t\t\n\n\t<div id=\"text-2280725591\" class=\"text\">\n\t\t\n\n<h1 class=\"uppercase\" style=\"text-align: center;\">become a volunteer<\/h1>\n\t\t\n<style>\n#text-2280725591 {\n  font-size: 1.3rem;\n}\n<\/style>\n\t<\/div>\n\t\n\t<div id=\"gap-1146405619\" class=\"gap-element clearfix\" style=\"display:block; height:auto;\">\n\t\t\n<style>\n#gap-1146405619 {\n  padding-top: 30px;\n}\n<\/style>\n\t<\/div>\n\t\n\n\n\t\t<\/div>\n\t\t\t\t\n<style>\n#col-587684413 > .col-inner {\n  padding: 0px 0px 0px 0px;\n  margin: 0px 0px -40px 0px;\n}\n<\/style>\n\t<\/div>\n\n\t\n\n\t<div id=\"col-687597848\" class=\"col medium-6 small-12 large-6\"  >\n\t\t\t\t<div class=\"col-inner\"  >\n\t\t\t\n\t\t\t\n\n\t<div id=\"text-2860152076\" class=\"text\">\n\t\t\n\n<h2>In Cambodia<\/h2>\n\t\t\n<style>\n#text-2860152076 {\n  font-size: 1rem;\n  text-align: center;\n}\n<\/style>\n\t<\/div>\n\t\n\t<div class=\"box has-hover   has-hover box-text-bottom\" >\n\n\t\t<div class=\"box-image\" style=\"width:12%;\">\n\t\t\t\t\t\t<div class=\"\" >\n\t\t\t\t<img loading=\"lazy\" decoding=\"async\" width=\"512\" height=\"512\" src=\"https:\/\/sipar.org\/wp-content\/uploads\/cambodia.png\" class=\"attachment- size-\" alt=\"b\u00e9n\u00e9volat cambodge\" srcset=\"https:\/\/sipar.org\/wp-content\/uploads\/cambodia.png 512w, https:\/\/sipar.org\/wp-content\/uploads\/cambodia-300x300.png 300w, https:\/\/sipar.org\/wp-content\/uploads\/cambodia-150x150.png 150w\" sizes=\"auto, (max-width: 512px) 100vw, 512px\" \/>\t\t\t\t\t\t\t\t\t\t\t<\/div>\n\t\t\t\t\t<\/div>\n\n\t\t<div class=\"box-text text-center\" >\n\t\t\t<div class=\"box-text-inner\">\n\t\t\t\t\n\n\t<div id=\"text-1009451833\" class=\"text\">\n\t\t\n\n<p style=\"text-align: center;\">We do not offer volunteering assignments in Cambodia or civic service, VSI missions or internships.<\/p>\n<p style=\"text-align: center;\">Sipar est engag\u00e9e pour une politique de recrutement 100% locale.<\/p>\n\t\t\n<style>\n#text-1009451833 {\n  font-size: 1rem;\n}\n<\/style>\n\t<\/div>\n\t\n\n\t\t\t<\/div>\n\t\t<\/div>\n\t<\/div>\n\t\n\n\t\t<\/div>\n\t\t\t\t\t<\/div>\n\n\t\n\n\t<div id=\"col-197904317\" class=\"col medium-6 small-12 large-6\"  >\n\t\t\t\t<div class=\"col-inner\"  >\n\t\t\t\n\t\t\t\n\n\t<div id=\"text-725373708\" class=\"text\">\n\t\t\n\n<h2>In France<\/h2>\n\t\t\n<style>\n#text-725373708 {\n  font-size: 1rem;\n  text-align: center;\n}\n<\/style>\n\t<\/div>\n\t\n\t<div id=\"text-4086130871\" class=\"text\">\n\t\t\n\n<p>The generosity, energy and availability of all Sipar volunteers have greatly contributed to the funding and development of the programs.<\/p>\n<p><strong>Would you like to participate?<br \/><\/strong>You have skills in communication, the web, fundraising... Come and join us for a one-off or regular mission!<\/p>\n\t\t\n<style>\n#text-4086130871 {\n  text-align: center;\n}\n<\/style>\n\t<\/div>\n\t\n\n\t\t<\/div>\n\t\t\t\t\t<\/div>\n\n\t\n\n\t<div id=\"col-1898936200\" class=\"col small-12 large-12\"  >\n\t\t\t\t<div class=\"col-inner\"  >\n\t\t\t\n\t\t\t\n\n\n  <div class=\"banner has-hover\" id=\"banner-1491620907\">\n          <div class=\"banner-inner fill\">\n        <div class=\"banner-bg fill\" >\n            <img loading=\"lazy\" decoding=\"async\" width=\"1020\" height=\"765\" src=\"https:\/\/sipar.org\/wp-content\/uploads\/fille-lisant-cambodge.jpg\" class=\"bg attachment-large size-large\" alt=\"petite fille qui lit\" \/>                        <div class=\"overlay\"><\/div>            \n                    <\/div>\n\t\t\n        <div class=\"banner-layers container\">\n            <div class=\"fill banner-link\"><\/div>            \n\n   <div id=\"text-box-34802985\" class=\"text-box banner-layer x50 md-x50 lg-x50 y50 md-y50 lg-y50 res-text\">\n                                <div class=\"text-box-content text dark\">\n              \n              <div class=\"text-inner text-center\">\n                  \n\n<p>Interested? Contact us for more information<\/p>\n<a href=\"https:\/\/sipar.org\/en\/association-cambodge-sipar\/sinformer\/nous-contacter\/\" target=\"_blank\" class=\"button white is-outline\" rel=\"noopener\"  >\n\t\t<span>Know more<\/span>\n\t<\/a>\n\n\n\n              <\/div>\n           <\/div>\n                            \n<style>\n#text-box-34802985 {\n  width: 60%;\n}\n#text-box-34802985 .text-box-content {\n  font-size: 100%;\n}\n<\/style>\n    <\/div>\n \n\n        <\/div>\n      <\/div>\n\n            \n<style>\n#banner-1491620907 {\n  padding-top: 200px;\n}\n#banner-1491620907 .overlay {\n  background-color: rgba(0, 0, 0, 0.605);\n}\n#banner-1491620907 .banner-bg img {\n  object-position: 60% 88%;\n}\n<\/style>\n  <\/div>\n\n\n\n\t\t<\/div>\n\t\t\t\t\t<\/div>\n\n\t\n\n<\/div>\n\n\t\t<\/div>\n\n\t\t\n<style>\n#section_2041726466 {\n  padding-top: 5px;\n  padding-bottom: 5px;\n}\n<\/style>\n\t<\/section>","protected":false},"excerpt":{"rendered":"","protected":false},"author":1,"featured_media":718,"parent":51,"menu_order":0,"comment_status":"closed","ping_status":"closed","template":"","meta":{"footnotes":""},"class_list":["post-59","page","type-page","status-publish","has-post-thumbnail","hentry"],"yoast_head":"<!-- This site is optimized with the Yoast SEO plugin v27.4 - https:\/\/yoast.com\/product\/yoast-seo-wordpress\/ -->\n<title>B\u00e9n\u00e9volat au Cambodge - Sipar<\/title>\n<meta name=\"description\" content=\"Nous ne proposons pas de missions de b\u00e9n\u00e9volat\/ volontariat au Cambodge. Sipar est engag\u00e9 pour une politique de recrutement 100% locale.\" \/>\n<meta name=\"robots\" content=\"index, follow, max-snippet:-1, max-image-preview:large, max-video-preview:-1\" \/>\n<link rel=\"canonical\" href=\"https:\/\/sipar.org\/en\/association-cambodge-sipar\/nous-soutenir\/benevolat-au-cambodge\/\" \/>\n<meta property=\"og:locale\" content=\"en_US\" \/>\n<meta property=\"og:type\" content=\"article\" \/>\n<meta property=\"og:title\" content=\"B\u00e9n\u00e9volat au Cambodge - Sipar\" \/>\n<meta property=\"og:description\" content=\"Nous ne proposons pas de missions de b\u00e9n\u00e9volat\/ volontariat au Cambodge. Sipar est engag\u00e9 pour une politique de recrutement 100% locale.\" \/>\n<meta property=\"og:url\" content=\"https:\/\/sipar.org\/en\/association-cambodge-sipar\/nous-soutenir\/benevolat-au-cambodge\/\" \/>\n<meta property=\"og:site_name\" content=\"Sipar\" \/>\n<meta property=\"article:publisher\" content=\"https:\/\/facebook.com\/siparfrance\" \/>\n<meta property=\"article:modified_time\" content=\"2026-01-20T09:43:39+00:00\" \/>\n<meta property=\"og:image\" content=\"https:\/\/sipar.org\/wp-content\/uploads\/cambodia.png\" \/>\n\t<meta property=\"og:image:width\" content=\"512\" \/>\n\t<meta property=\"og:image:height\" content=\"512\" \/>\n\t<meta property=\"og:image:type\" content=\"image\/png\" \/>\n<meta name=\"twitter:card\" content=\"summary_large_image\" \/>\n<meta name=\"twitter:label1\" content=\"Est. reading time\" \/>\n\t<meta name=\"twitter:data1\" content=\"2 minutes\" \/>\n<script type=\"application\/ld+json\" class=\"yoast-schema-graph\">{\"@context\":\"https:\\\/\\\/schema.org\",\"@graph\":[{\"@type\":\"WebPage\",\"@id\":\"https:\\\/\\\/sipar.org\\\/association-cambodge-sipar\\\/nous-soutenir\\\/benevolat-au-cambodge\\\/\",\"url\":\"https:\\\/\\\/sipar.org\\\/association-cambodge-sipar\\\/nous-soutenir\\\/benevolat-au-cambodge\\\/\",\"name\":\"B\u00e9n\u00e9volat au Cambodge - Sipar\",\"isPartOf\":{\"@id\":\"https:\\\/\\\/sipar.org\\\/#website\"},\"primaryImageOfPage\":{\"@id\":\"https:\\\/\\\/sipar.org\\\/association-cambodge-sipar\\\/nous-soutenir\\\/benevolat-au-cambodge\\\/#primaryimage\"},\"image\":{\"@id\":\"https:\\\/\\\/sipar.org\\\/association-cambodge-sipar\\\/nous-soutenir\\\/benevolat-au-cambodge\\\/#primaryimage\"},\"thumbnailUrl\":\"https:\\\/\\\/sipar.org\\\/wp-content\\\/uploads\\\/cambodia.png\",\"datePublished\":\"2022-11-07T08:30:13+00:00\",\"dateModified\":\"2026-01-20T09:43:39+00:00\",\"description\":\"Nous ne proposons pas de missions de b\u00e9n\u00e9volat\\\/ volontariat au Cambodge. Sipar est engag\u00e9 pour une politique de recrutement 100% locale.\",\"breadcrumb\":{\"@id\":\"https:\\\/\\\/sipar.org\\\/association-cambodge-sipar\\\/nous-soutenir\\\/benevolat-au-cambodge\\\/#breadcrumb\"},\"inLanguage\":\"en-US\",\"potentialAction\":[{\"@type\":\"ReadAction\",\"target\":[\"https:\\\/\\\/sipar.org\\\/association-cambodge-sipar\\\/nous-soutenir\\\/benevolat-au-cambodge\\\/\"]}]},{\"@type\":\"ImageObject\",\"inLanguage\":\"en-US\",\"@id\":\"https:\\\/\\\/sipar.org\\\/association-cambodge-sipar\\\/nous-soutenir\\\/benevolat-au-cambodge\\\/#primaryimage\",\"url\":\"https:\\\/\\\/sipar.org\\\/wp-content\\\/uploads\\\/cambodia.png\",\"contentUrl\":\"https:\\\/\\\/sipar.org\\\/wp-content\\\/uploads\\\/cambodia.png\",\"width\":512,\"height\":512,\"caption\":\"b\u00e9n\u00e9volat cambodge\"},{\"@type\":\"BreadcrumbList\",\"@id\":\"https:\\\/\\\/sipar.org\\\/association-cambodge-sipar\\\/nous-soutenir\\\/benevolat-au-cambodge\\\/#breadcrumb\",\"itemListElement\":[{\"@type\":\"ListItem\",\"position\":1,\"name\":\"Accueil\",\"item\":\"https:\\\/\\\/sipar.org\\\/\"},{\"@type\":\"ListItem\",\"position\":2,\"name\":\"Accueil\",\"item\":\"https:\\\/\\\/sipar.org\\\/\"},{\"@type\":\"ListItem\",\"position\":3,\"name\":\"Nous soutenir\",\"item\":\"https:\\\/\\\/sipar.org\\\/association-cambodge-sipar\\\/nous-soutenir\\\/\"},{\"@type\":\"ListItem\",\"position\":4,\"name\":\"Travailler \\\/ Devenir b\u00e9n\u00e9vole\"}]},{\"@type\":\"WebSite\",\"@id\":\"https:\\\/\\\/sipar.org\\\/#website\",\"url\":\"https:\\\/\\\/sipar.org\\\/\",\"name\":\"Sipar\",\"description\":\"Lire et s&#039;instruire pour construire l&#039;avenir\",\"publisher\":{\"@id\":\"https:\\\/\\\/sipar.org\\\/#organization\"},\"potentialAction\":[{\"@type\":\"SearchAction\",\"target\":{\"@type\":\"EntryPoint\",\"urlTemplate\":\"https:\\\/\\\/sipar.org\\\/?s={search_term_string}\"},\"query-input\":{\"@type\":\"PropertyValueSpecification\",\"valueRequired\":true,\"valueName\":\"search_term_string\"}}],\"inLanguage\":\"en-US\"},{\"@type\":\"Organization\",\"@id\":\"https:\\\/\\\/sipar.org\\\/#organization\",\"name\":\"Sipar\",\"url\":\"https:\\\/\\\/sipar.org\\\/\",\"logo\":{\"@type\":\"ImageObject\",\"inLanguage\":\"en-US\",\"@id\":\"https:\\\/\\\/sipar.org\\\/#\\\/schema\\\/logo\\\/image\\\/\",\"url\":\"https:\\\/\\\/sipar.org\\\/wp-content\\\/uploads\\\/LOGO-FINAL-SIPAR.jpg\",\"contentUrl\":\"https:\\\/\\\/sipar.org\\\/wp-content\\\/uploads\\\/LOGO-FINAL-SIPAR.jpg\",\"width\":2362,\"height\":2362,\"caption\":\"Sipar\"},\"image\":{\"@id\":\"https:\\\/\\\/sipar.org\\\/#\\\/schema\\\/logo\\\/image\\\/\"},\"sameAs\":[\"https:\\\/\\\/facebook.com\\\/siparfrance\",\"https:\\\/\\\/instagram.com\\\/siparfrance\",\"https:\\\/\\\/www.linkedin.com\\\/company\\\/sipar-cambodia\",\"https:\\\/\\\/www.youtube.com\\\/channel\\\/UCjYqDfhBs1Q9rpXcPwTTbPg\"]}]}<\/script>\n<!-- \/ Yoast SEO plugin. -->","yoast_head_json":{"title":"B\u00e9n\u00e9volat au Cambodge - Sipar","description":"Nous ne proposons pas de missions de b\u00e9n\u00e9volat\/ volontariat au Cambodge. Sipar est engag\u00e9 pour une politique de recrutement 100% locale.","robots":{"index":"index","follow":"follow","max-snippet":"max-snippet:-1","max-image-preview":"max-image-preview:large","max-video-preview":"max-video-preview:-1"},"canonical":"https:\/\/sipar.org\/en\/association-cambodge-sipar\/nous-soutenir\/benevolat-au-cambodge\/","og_locale":"en_US","og_type":"article","og_title":"B\u00e9n\u00e9volat au Cambodge - Sipar","og_description":"Nous ne proposons pas de missions de b\u00e9n\u00e9volat\/ volontariat au Cambodge. Sipar est engag\u00e9 pour une politique de recrutement 100% locale.","og_url":"https:\/\/sipar.org\/en\/association-cambodge-sipar\/nous-soutenir\/benevolat-au-cambodge\/","og_site_name":"Sipar","article_publisher":"https:\/\/facebook.com\/siparfrance","article_modified_time":"2026-01-20T09:43:39+00:00","og_image":[{"width":512,"height":512,"url":"https:\/\/sipar.org\/wp-content\/uploads\/cambodia.png","type":"image\/png"}],"twitter_card":"summary_large_image","twitter_misc":{"Est. reading time":"2 minutes"},"schema":{"@context":"https:\/\/schema.org","@graph":[{"@type":"WebPage","@id":"https:\/\/sipar.org\/association-cambodge-sipar\/nous-soutenir\/benevolat-au-cambodge\/","url":"https:\/\/sipar.org\/association-cambodge-sipar\/nous-soutenir\/benevolat-au-cambodge\/","name":"B\u00e9n\u00e9volat au Cambodge - Sipar","isPartOf":{"@id":"https:\/\/sipar.org\/#website"},"primaryImageOfPage":{"@id":"https:\/\/sipar.org\/association-cambodge-sipar\/nous-soutenir\/benevolat-au-cambodge\/#primaryimage"},"image":{"@id":"https:\/\/sipar.org\/association-cambodge-sipar\/nous-soutenir\/benevolat-au-cambodge\/#primaryimage"},"thumbnailUrl":"https:\/\/sipar.org\/wp-content\/uploads\/cambodia.png","datePublished":"2022-11-07T08:30:13+00:00","dateModified":"2026-01-20T09:43:39+00:00","description":"Nous ne proposons pas de missions de b\u00e9n\u00e9volat\/ volontariat au Cambodge. Sipar est engag\u00e9 pour une politique de recrutement 100% locale.","breadcrumb":{"@id":"https:\/\/sipar.org\/association-cambodge-sipar\/nous-soutenir\/benevolat-au-cambodge\/#breadcrumb"},"inLanguage":"en-US","potentialAction":[{"@type":"ReadAction","target":["https:\/\/sipar.org\/association-cambodge-sipar\/nous-soutenir\/benevolat-au-cambodge\/"]}]},{"@type":"ImageObject","inLanguage":"en-US","@id":"https:\/\/sipar.org\/association-cambodge-sipar\/nous-soutenir\/benevolat-au-cambodge\/#primaryimage","url":"https:\/\/sipar.org\/wp-content\/uploads\/cambodia.png","contentUrl":"https:\/\/sipar.org\/wp-content\/uploads\/cambodia.png","width":512,"height":512,"caption":"b\u00e9n\u00e9volat cambodge"},{"@type":"BreadcrumbList","@id":"https:\/\/sipar.org\/association-cambodge-sipar\/nous-soutenir\/benevolat-au-cambodge\/#breadcrumb","itemListElement":[{"@type":"ListItem","position":1,"name":"Accueil","item":"https:\/\/sipar.org\/"},{"@type":"ListItem","position":2,"name":"Accueil","item":"https:\/\/sipar.org\/"},{"@type":"ListItem","position":3,"name":"Nous soutenir","item":"https:\/\/sipar.org\/association-cambodge-sipar\/nous-soutenir\/"},{"@type":"ListItem","position":4,"name":"Travailler \/ Devenir b\u00e9n\u00e9vole"}]},{"@type":"WebSite","@id":"https:\/\/sipar.org\/#website","url":"https:\/\/sipar.org\/","name":"Sipar","description":"Lire et s&#039;instruire pour construire l&#039;avenir","publisher":{"@id":"https:\/\/sipar.org\/#organization"},"potentialAction":[{"@type":"SearchAction","target":{"@type":"EntryPoint","urlTemplate":"https:\/\/sipar.org\/?s={search_term_string}"},"query-input":{"@type":"PropertyValueSpecification","valueRequired":true,"valueName":"search_term_string"}}],"inLanguage":"en-US"},{"@type":"Organization","@id":"https:\/\/sipar.org\/#organization","name":"Sipar","url":"https:\/\/sipar.org\/","logo":{"@type":"ImageObject","inLanguage":"en-US","@id":"https:\/\/sipar.org\/#\/schema\/logo\/image\/","url":"https:\/\/sipar.org\/wp-content\/uploads\/LOGO-FINAL-SIPAR.jpg","contentUrl":"https:\/\/sipar.org\/wp-content\/uploads\/LOGO-FINAL-SIPAR.jpg","width":2362,"height":2362,"caption":"Sipar"},"image":{"@id":"https:\/\/sipar.org\/#\/schema\/logo\/image\/"},"sameAs":["https:\/\/facebook.com\/siparfrance","https:\/\/instagram.com\/siparfrance","https:\/\/www.linkedin.com\/company\/sipar-cambodia","https:\/\/www.youtube.com\/channel\/UCjYqDfhBs1Q9rpXcPwTTbPg"]}]}},"_links":{"self":[{"href":"https:\/\/sipar.org\/en\/wp-json\/wp\/v2\/pages\/59","targetHints":{"allow":["GET"]}}],"collection":[{"href":"https:\/\/sipar.org\/en\/wp-json\/wp\/v2\/pages"}],"about":[{"href":"https:\/\/sipar.org\/en\/wp-json\/wp\/v2\/types\/page"}],"author":[{"embeddable":true,"href":"https:\/\/sipar.org\/en\/wp-json\/wp\/v2\/users\/1"}],"replies":[{"embeddable":true,"href":"https:\/\/sipar.org\/en\/wp-json\/wp\/v2\/comments?post=59"}],"version-history":[{"count":16,"href":"https:\/\/sipar.org\/en\/wp-json\/wp\/v2\/pages\/59\/revisions"}],"predecessor-version":[{"id":2582,"href":"https:\/\/sipar.org\/en\/wp-json\/wp\/v2\/pages\/59\/revisions\/2582"}],"up":[{"embeddable":true,"href":"https:\/\/sipar.org\/en\/wp-json\/wp\/v2\/pages\/51"}],"wp:featuredmedia":[{"embeddable":true,"href":"https:\/\/sipar.org\/en\/wp-json\/wp\/v2\/media\/718"}],"wp:attachment":[{"href":"https:\/\/sipar.org\/en\/wp-json\/wp\/v2\/media?parent=59"}],"curies":[{"name":"wp","href":"https:\/\/api.w.org\/{rel}","templated":true}]}}