{"id":55,"date":"2022-11-07T09:25:29","date_gmt":"2022-11-07T08:25:29","guid":{"rendered":"http:\/\/sipar.org\/?page_id=55"},"modified":"2026-01-20T10:42:10","modified_gmt":"2026-01-20T09:42:10","slug":"partenaire-sipar-mecenat","status":"publish","type":"page","link":"https:\/\/sipar.org\/en\/association-cambodge-sipar\/nous-soutenir\/partenaire-sipar-mecenat\/","title":{"rendered":"Sponsoring \/ Partnerships"},"content":{"rendered":"<section class=\"section\" id=\"section_1478292604\">\n\t\t<div class=\"section-bg fill\" >\n\t\t\t\t\t\t\t\t\t\n\t\t\t\n\t<div class=\"is-border\"\n\t\tstyle=\"border-width:0px 0px 0px 0px;\">\n\t<\/div>\n\n\t\t<\/div>\n\n\t\t\n\n\t\t<div class=\"section-content relative\">\n\t\t\t\n\n<div class=\"row\"  id=\"row-199985798\">\n\n\n\t<div id=\"col-1017910784\" class=\"col small-12 large-12\"  >\n\t\t\t\t<div class=\"col-inner text-center\"  >\n\t\t\t\n\t\t\t\n\n\t<div id=\"text-2657405644\" class=\"text\">\n\t\t\n\n<h1 class=\"uppercase\" style=\"text-align: center;\">Become a partner<\/h1>\n\t\t\n<style>\n#text-2657405644 {\n  font-size: 1.5rem;\n}\n<\/style>\n\t<\/div>\n\t\n\n\t\t<\/div>\n\t\t\t\t\n<style>\n#col-1017910784 > .col-inner {\n  padding: 0px 0px 0px 0px;\n  margin: 0px 0px -40px 0px;\n}\n<\/style>\n\t<\/div>\n\n\t\n\n<\/div>\n\n\t\t<\/div>\n\n\t\t\n<style>\n#section_1478292604 {\n  padding-top: 5px;\n  padding-bottom: 5px;\n}\n<\/style>\n\t<\/section>\n\t\n\n\t<section class=\"section\" id=\"section_1076840989\">\n\t\t<div class=\"section-bg fill\" >\n\t\t\t\t\t\t\t\t\t\n\t\t\t\n\n\t\t<\/div>\n\n\t\t\n\n\t\t<div class=\"section-content relative\">\n\t\t\t\n\n<div class=\"row\"  id=\"row-928888326\">\n\n\n\t<div id=\"col-1107253499\" class=\"col small-12 large-12\"  >\n\t\t\t\t<div class=\"col-inner\"  >\n\t\t\t\n\t\t\t\n\n\t<div id=\"text-3007276051\" class=\"text\">\n\t\t\n\n<h2>You are a corporate or family foundation or a legal entity and you want to support Sipar in its missions?<\/h2>\n\t\t\n<style>\n#text-3007276051 {\n  font-size: 1rem;\n}\n<\/style>\n\t<\/div>\n\t\n<p>We would be happy to discuss our needs with you and introduce you to our projects. Do not hesitate to contact us for more information. With each partner, we are committed to creating a relationship of mutual trust and a common history.<\/p>\n\t<div id=\"gap-1179032113\" class=\"gap-element clearfix\" style=\"display:block; height:auto;\">\n\t\t\n<style>\n#gap-1179032113 {\n  padding-top: 30px;\n}\n<\/style>\n\t<\/div>\n\t\n\n\t<div id=\"text-229800104\" class=\"text\">\n\t\t\n\n<h3>Why choose Sipar as a partner ?<\/h3>\n\t\t\n<style>\n#text-229800104 {\n  font-size: 1rem;\n}\n<\/style>\n\t<\/div>\n\t\n\n\t\t<\/div>\n\t\t\t\t\t<\/div>\n\n\t\n\n\t<div id=\"col-578613801\" class=\"col medium-3 small-12 large-3\"  >\n\t\t\t\t<div class=\"col-inner\"  >\n\t\t\t\n\t\t\t\n\n\t<div id=\"text-575779810\" class=\"text\">\n\t\t\n\n<p>&#8211;<\/p>\n<p>An NGO that <strong>allocates more than 91% of its resources on the ground<\/strong> to implement its programs<\/p>\n\t\t\n<style>\n#text-575779810 {\n  text-align: center;\n}\n<\/style>\n\t<\/div>\n\t\n\n\t\t<\/div>\n\t\t\t\t\t<\/div>\n\n\t\n\n\t<div id=\"col-1598566830\" class=\"col medium-3 small-12 large-3\"  >\n\t\t\t\t<div class=\"col-inner\"  >\n\t\t\t\n\t\t\t\n\n<p style=\"text-align: center;\">&#8211;<\/p>\n<p style=\"text-align: center;\">Quality projects thanks to <strong>more than 40 years of<\/strong> <strong>know-how<\/strong> in the field of education and library science<\/p>\n\n\t\t<\/div>\n\t\t\t\t\t<\/div>\n\n\t\n\n\t<div id=\"col-56239532\" class=\"col medium-3 small-12 large-3\"  >\n\t\t\t\t<div class=\"col-inner\"  >\n\t\t\t\n\t\t\t\n\n<p style=\"text-align: center;\">&#8211;<\/p>\n<p style=\"text-align: center;\">Rigorous and transparent management. Our <strong>accounts are certified<\/strong>, en France comme au Cambodge, par un commissaire aux comptes<\/p>\n\n\t\t<\/div>\n\t\t\t\t\t<\/div>\n\n\t\n\n\t<div id=\"col-751196890\" class=\"col medium-3 small-12 large-3\"  >\n\t\t\t\t<div class=\"col-inner\"  >\n\t\t\t\n\t\t\t\n\n<p style=\"text-align: center;\">&#8211;<\/p>\n<p style=\"text-align: center;\">A commitment to <strong>quality education<\/strong> for all in Cambodia by allowing hundreds of children each month to have access to books<\/p>\n\n\t\t<\/div>\n\t\t\t\t\t<\/div>\n\n\t\n\n<\/div>\n\n\t\t<\/div>\n\n\t\t\n<style>\n#section_1076840989 {\n  padding-top: 30px;\n  padding-bottom: 30px;\n}\n<\/style>\n\t<\/section>\n\t\n\n\t<section class=\"section\" id=\"section_1746072652\">\n\t\t<div class=\"section-bg fill\" >\n\t\t\t\t\t\t\t\t\t\n\t\t\t\n\n\t\t<\/div>\n\n\t\t\n\n\t\t<div class=\"section-content relative\">\n\t\t\t\n\n<div class=\"row row-collapse row-full-width align-middle\"  id=\"row-2076084631\">\n\n\n\t<div id=\"col-1807478120\" class=\"col medium-6 small-12 large-6\"  >\n\t\t\t\t<div class=\"col-inner\"  >\n\t\t\t\n\t\t\t\n\n\t<div class=\"img has-hover x md-x lg-x y md-y lg-y\" id=\"image_302916296\">\n\t\t\t\t\t\t\t\t<div class=\"img-inner dark\" >\n\t\t\t<img loading=\"lazy\" decoding=\"async\" width=\"489\" height=\"181\" src=\"https:\/\/sipar.org\/wp-content\/uploads\/sipar-label-ideas.png\" class=\"attachment-large size-large\" alt=\"Sipar obtient le label IDEAS\" srcset=\"https:\/\/sipar.org\/wp-content\/uploads\/sipar-label-ideas.png 489w, https:\/\/sipar.org\/wp-content\/uploads\/sipar-label-ideas-300x111.png 300w, https:\/\/sipar.org\/wp-content\/uploads\/sipar-label-ideas-18x7.png 18w\" sizes=\"auto, (max-width: 489px) 100vw, 489px\" \/>\t\t\t\t\t\t\n\t\t\t\t\t<\/div>\n\t\t\t\t\t\t\t\t\n<style>\n#image_302916296 {\n  width: 100%;\n}\n<\/style>\n\t<\/div>\n\t\n\n\n\t\t<\/div>\n\t\t\t\t\t<\/div>\n\n\t\n\n\t<div id=\"col-2037095031\" class=\"col medium-6 small-12 large-6\"  >\n\t\t\t\t<div class=\"col-inner\"  >\n\t\t\t\n\t\t\t\n\n<p>Since 2023, Sipar is labeled IDEAS. <a href=\"https:\/\/ideas.asso.fr\/le-label\/\" target=\"_blank\" rel=\"noopener\">The label<\/a> attests to good practices in the field of governance, finance, and evaluation.<\/p>\n<a href=\"https:\/\/sipar.org\/en\/sipar-obtient-le-label-ideas\/\" class=\"button primary is-underline\"  >\n\t\t<span>read our article<\/span>\n\t<\/a>\n\n\n\n\t\t<\/div>\n\t\t\t\t\n<style>\n#col-2037095031 > .col-inner {\n  padding: 5% 5% 5% 5%;\n  max-width: 520px;\n}\n<\/style>\n\t<\/div>\n\n\t\n\n<\/div>\n\n\t\t<\/div>\n\n\t\t\n<style>\n#section_1746072652 {\n  padding-top: 30px;\n  padding-bottom: 30px;\n}\n<\/style>\n\t<\/section>\n\t\n<div class=\"row\"  id=\"row-1550503388\">\n\n\n\t<div id=\"col-42707672\" class=\"col small-12 large-12\"  >\n\t\t\t\t<div class=\"col-inner\"  >\n\t\t\t\n\t\t\t\n\n\t<div id=\"text-766360902\" class=\"text\">\n\t\t\n\n<h2>Your advantages<\/h2>\n\n\t\t\n<style>\n#text-766360902 {\n  font-size: 1rem;\n}\n<\/style>\n\t<\/div>\n\t\n<ul>\n<li>You value your image of citizenship and solidarity<\/li>\n<li>You receive a <a href=\"https:\/\/www.economie.gouv.fr\/particuliers\/prelevement-a-la-source-reductions-fiscales-dons-associations#:~:text=Les%20dons%20ouvrent%20droit%20%C3%A0,r%C3%A9duction%20de%2066%20%E2%82%AC%2C%20etc.\" target=\"_blank\" rel=\"noopener\">tax reduction<\/a>&nbsp;: All your payments under sponsorship allow you to benefit from a tax reduction of 60% of their amount, within the limit of 0.5% of your turnover excluding tax for companies<\/li>\n<\/ul>\n\n\t\t<\/div>\n\t\t\t\t\t<\/div>\n\n\t\n\n<\/div>\n\n\t<section class=\"section dark\" id=\"section_282010715\">\n\t\t<div class=\"section-bg fill\" >\n\t\t\t<img loading=\"lazy\" decoding=\"async\" width=\"2560\" height=\"1707\" src=\"https:\/\/sipar.org\/wp-content\/uploads\/IMG_8433-scaled.jpg\" class=\"bg attachment- size-\" alt=\"association sipar cambdoge\" \/>\t\t\t\t\t\t<div class=\"section-bg-overlay absolute fill\"><\/div>\n\t\t\t\n\n\t\t<\/div>\n\n\t\t\n\n\t\t<div class=\"section-content relative\">\n\t\t\t\n\n<div class=\"row\"  id=\"row-1202930435\">\n\n\n\t<div id=\"col-203453100\" class=\"col medium-12 small-12 large-4\"  >\n\t\t\t\t<div class=\"col-inner\"  >\n\t\t\t\n\t\t\t\n\n\t<div id=\"gap-77920167\" class=\"gap-element clearfix\" style=\"display:block; height:auto;\">\n\t\t\n<style>\n#gap-77920167 {\n  padding-top: 30px;\n}\n<\/style>\n\t<\/div>\n\t\n\n\t<div id=\"text-655870095\" class=\"text\">\n\t\t\n\n\n\t\t\n<style>\n#text-655870095 {\n  font-size: 1.65rem;\n  text-align: center;\n}\n@media (min-width:850px) {\n  #text-655870095 {\n    text-align: left;\n  }\n}\n<\/style>\n\t<\/div>\n\t\n\t<div id=\"text-171060985\" class=\"text\">\n\t\t\n\n\n\t\t\n<style>\n#text-171060985 {\n  text-align: center;\n}\n@media (min-width:850px) {\n  #text-171060985 {\n    text-align: left;\n  }\n}\n<\/style>\n\t<\/div>\n\t\n\t<div id=\"stack-1448333423\" class=\"stack stack-row justify-start items-stretch sm:stack-col md:justify-center\">\n\t\t\n\n\n\t\t\n<style>\n#stack-1448333423 > * {\n  --stack-gap: 0.5rem;\n}\n<\/style>\n\t<\/div>\n\t\n\n\t\t<\/div>\n\t\t\t\t\n<style>\n#col-203453100 > .col-inner {\n  padding: 0px 0px 0px 0;\n}\n@media (min-width:550px) {\n  #col-203453100 > .col-inner {\n    padding: 0px 10% 0px 10%;\n  }\n}\n<\/style>\n\t<\/div>\n\n\t\n\n\t<div id=\"col-946862500\" class=\"col medium-12 small-12 large-4\"  >\n\t\t\t\t<div class=\"col-inner\"  >\n\t\t\t\n\t\t\t\n\n\t<div id=\"gap-114246015\" class=\"gap-element clearfix\" style=\"display:block; height:auto;\">\n\t\t\n<style>\n#gap-114246015 {\n  padding-top: 30px;\n}\n<\/style>\n\t<\/div>\n\t\n\n\t<div id=\"text-1872216053\" class=\"text\">\n\t\t\n\n<h2 class=\"uppercase\">become partner<\/h2>\n\t\t\n<style>\n#text-1872216053 {\n  font-size: 1.65rem;\n  text-align: center;\n}\n@media (min-width:850px) {\n  #text-1872216053 {\n    text-align: center;\n  }\n}\n<\/style>\n\t<\/div>\n\t\n\t<div id=\"text-3949787482\" class=\"text\">\n\t\t\n\n<p style=\"text-align: center;\">You're interested to come a Sipar's partner ? Do not hesitate to send us a message to discuss together&nbsp;<\/p>\n\t\t\n<style>\n#text-3949787482 {\n  text-align: center;\n}\n@media (min-width:850px) {\n  #text-3949787482 {\n    text-align: left;\n  }\n}\n<\/style>\n\t<\/div>\n\t\n<a href=\"https:\/\/sipar.org\/en\/association-cambodge-sipar\/sinformer\/nous-contacter\/\" target=\"_blank\" class=\"button white is-outline expand\" rel=\"noopener\"  >\n\t\t<span>contact us<\/span>\n\t<\/a>\n\n\n\n\t\t<\/div>\n\t\t\t\t\n<style>\n#col-946862500 > .col-inner {\n  padding: 0px 0px 0px 0;\n}\n@media (min-width:550px) {\n  #col-946862500 > .col-inner {\n    padding: 0px 10% 0px 10%;\n  }\n}\n<\/style>\n\t<\/div>\n\n\t\n\n<\/div>\n\n\t\t<\/div>\n\n\t\t\n<style>\n#section_282010715 {\n  padding-top: 30px;\n  padding-bottom: 30px;\n  min-height: 350px;\n}\n#section_282010715 .section-bg-overlay {\n  background-color: rgba(0, 0, 0, 0.628);\n}\n#section_282010715 .section-bg img {\n  object-position: 100% 28%;\n}\n<\/style>\n\t<\/section>\n\t\n\t<div id=\"gap-1848884780\" class=\"gap-element clearfix\" style=\"display:block; height:auto;\">\n\t\t\n<style>\n#gap-1848884780 {\n  padding-top: 40px;\n}\n<\/style>\n\t<\/div>","protected":false},"excerpt":{"rendered":"","protected":false},"author":1,"featured_media":131,"parent":51,"menu_order":0,"comment_status":"closed","ping_status":"closed","template":"","meta":{"footnotes":""},"class_list":["post-55","page","type-page","status-publish","has-post-thumbnail","hentry"],"yoast_head":"<!-- This site is optimized with the Yoast SEO plugin v27.4 - https:\/\/yoast.com\/product\/yoast-seo-wordpress\/ -->\n<title>Devenir partenaire \/ m\u00e9c\u00e8ne - Sipar<\/title>\n<meta name=\"description\" content=\"Envie d&#039;\u00eatre partenaire de Sipar ? Vous choisissez une association transparente, engag\u00e9e en faveur d&#039;une \u00e9ducation juste pour tous au Cambodge\" \/>\n<meta name=\"robots\" content=\"index, follow, max-snippet:-1, max-image-preview:large, max-video-preview:-1\" \/>\n<link rel=\"canonical\" href=\"https:\/\/sipar.org\/en\/association-cambodge-sipar\/nous-soutenir\/partenaire-sipar-mecenat\/\" \/>\n<meta property=\"og:locale\" content=\"en_US\" \/>\n<meta property=\"og:type\" content=\"article\" \/>\n<meta property=\"og:title\" content=\"Devenir partenaire \/ m\u00e9c\u00e8ne - Sipar\" \/>\n<meta property=\"og:description\" content=\"Envie d&#039;\u00eatre partenaire de Sipar ? Vous choisissez une association transparente, engag\u00e9e en faveur d&#039;une \u00e9ducation juste pour tous au Cambodge\" \/>\n<meta property=\"og:url\" content=\"https:\/\/sipar.org\/en\/association-cambodge-sipar\/nous-soutenir\/partenaire-sipar-mecenat\/\" \/>\n<meta property=\"og:site_name\" content=\"Sipar\" \/>\n<meta property=\"article:publisher\" content=\"https:\/\/facebook.com\/siparfrance\" \/>\n<meta property=\"article:modified_time\" content=\"2026-01-20T09:42:10+00:00\" \/>\n<meta property=\"og:image\" content=\"https:\/\/sipar.org\/wp-content\/uploads\/cropped-LOGO-FINAL-SIPAR-1.jpg\" \/>\n\t<meta property=\"og:image:width\" content=\"512\" \/>\n\t<meta property=\"og:image:height\" content=\"512\" \/>\n\t<meta property=\"og:image:type\" content=\"image\/jpeg\" \/>\n<meta name=\"twitter:card\" content=\"summary_large_image\" \/>\n<meta name=\"twitter:label1\" content=\"Est. reading time\" \/>\n\t<meta name=\"twitter:data1\" content=\"2 minutes\" \/>\n<script type=\"application\/ld+json\" class=\"yoast-schema-graph\">{\"@context\":\"https:\\\/\\\/schema.org\",\"@graph\":[{\"@type\":\"WebPage\",\"@id\":\"https:\\\/\\\/sipar.org\\\/association-cambodge-sipar\\\/nous-soutenir\\\/partenaire-sipar-mecenat\\\/\",\"url\":\"https:\\\/\\\/sipar.org\\\/association-cambodge-sipar\\\/nous-soutenir\\\/partenaire-sipar-mecenat\\\/\",\"name\":\"Devenir partenaire \\\/ m\u00e9c\u00e8ne - Sipar\",\"isPartOf\":{\"@id\":\"https:\\\/\\\/sipar.org\\\/#website\"},\"primaryImageOfPage\":{\"@id\":\"https:\\\/\\\/sipar.org\\\/association-cambodge-sipar\\\/nous-soutenir\\\/partenaire-sipar-mecenat\\\/#primaryimage\"},\"image\":{\"@id\":\"https:\\\/\\\/sipar.org\\\/association-cambodge-sipar\\\/nous-soutenir\\\/partenaire-sipar-mecenat\\\/#primaryimage\"},\"thumbnailUrl\":\"https:\\\/\\\/sipar.org\\\/wp-content\\\/uploads\\\/cropped-LOGO-FINAL-SIPAR-1.jpg\",\"datePublished\":\"2022-11-07T08:25:29+00:00\",\"dateModified\":\"2026-01-20T09:42:10+00:00\",\"description\":\"Envie d'\u00eatre partenaire de Sipar ? Vous choisissez une association transparente, engag\u00e9e en faveur d'une \u00e9ducation juste pour tous au Cambodge\",\"breadcrumb\":{\"@id\":\"https:\\\/\\\/sipar.org\\\/association-cambodge-sipar\\\/nous-soutenir\\\/partenaire-sipar-mecenat\\\/#breadcrumb\"},\"inLanguage\":\"en-US\",\"potentialAction\":[{\"@type\":\"ReadAction\",\"target\":[\"https:\\\/\\\/sipar.org\\\/association-cambodge-sipar\\\/nous-soutenir\\\/partenaire-sipar-mecenat\\\/\"]}]},{\"@type\":\"ImageObject\",\"inLanguage\":\"en-US\",\"@id\":\"https:\\\/\\\/sipar.org\\\/association-cambodge-sipar\\\/nous-soutenir\\\/partenaire-sipar-mecenat\\\/#primaryimage\",\"url\":\"https:\\\/\\\/sipar.org\\\/wp-content\\\/uploads\\\/cropped-LOGO-FINAL-SIPAR-1.jpg\",\"contentUrl\":\"https:\\\/\\\/sipar.org\\\/wp-content\\\/uploads\\\/cropped-LOGO-FINAL-SIPAR-1.jpg\",\"width\":512,\"height\":512,\"caption\":\"partenaire sipar\"},{\"@type\":\"BreadcrumbList\",\"@id\":\"https:\\\/\\\/sipar.org\\\/association-cambodge-sipar\\\/nous-soutenir\\\/partenaire-sipar-mecenat\\\/#breadcrumb\",\"itemListElement\":[{\"@type\":\"ListItem\",\"position\":1,\"name\":\"Accueil\",\"item\":\"https:\\\/\\\/sipar.org\\\/\"},{\"@type\":\"ListItem\",\"position\":2,\"name\":\"Accueil\",\"item\":\"https:\\\/\\\/sipar.org\\\/\"},{\"@type\":\"ListItem\",\"position\":3,\"name\":\"Nous soutenir\",\"item\":\"https:\\\/\\\/sipar.org\\\/association-cambodge-sipar\\\/nous-soutenir\\\/\"},{\"@type\":\"ListItem\",\"position\":4,\"name\":\"M\u00e9c\u00e9nat \\\/ Partenariats\"}]},{\"@type\":\"WebSite\",\"@id\":\"https:\\\/\\\/sipar.org\\\/#website\",\"url\":\"https:\\\/\\\/sipar.org\\\/\",\"name\":\"Sipar\",\"description\":\"Lire et s&#039;instruire pour construire l&#039;avenir\",\"publisher\":{\"@id\":\"https:\\\/\\\/sipar.org\\\/#organization\"},\"potentialAction\":[{\"@type\":\"SearchAction\",\"target\":{\"@type\":\"EntryPoint\",\"urlTemplate\":\"https:\\\/\\\/sipar.org\\\/?s={search_term_string}\"},\"query-input\":{\"@type\":\"PropertyValueSpecification\",\"valueRequired\":true,\"valueName\":\"search_term_string\"}}],\"inLanguage\":\"en-US\"},{\"@type\":\"Organization\",\"@id\":\"https:\\\/\\\/sipar.org\\\/#organization\",\"name\":\"Sipar\",\"url\":\"https:\\\/\\\/sipar.org\\\/\",\"logo\":{\"@type\":\"ImageObject\",\"inLanguage\":\"en-US\",\"@id\":\"https:\\\/\\\/sipar.org\\\/#\\\/schema\\\/logo\\\/image\\\/\",\"url\":\"https:\\\/\\\/sipar.org\\\/wp-content\\\/uploads\\\/LOGO-FINAL-SIPAR.jpg\",\"contentUrl\":\"https:\\\/\\\/sipar.org\\\/wp-content\\\/uploads\\\/LOGO-FINAL-SIPAR.jpg\",\"width\":2362,\"height\":2362,\"caption\":\"Sipar\"},\"image\":{\"@id\":\"https:\\\/\\\/sipar.org\\\/#\\\/schema\\\/logo\\\/image\\\/\"},\"sameAs\":[\"https:\\\/\\\/facebook.com\\\/siparfrance\",\"https:\\\/\\\/instagram.com\\\/siparfrance\",\"https:\\\/\\\/www.linkedin.com\\\/company\\\/sipar-cambodia\",\"https:\\\/\\\/www.youtube.com\\\/channel\\\/UCjYqDfhBs1Q9rpXcPwTTbPg\"]}]}<\/script>\n<!-- \/ Yoast SEO plugin. -->","yoast_head_json":{"title":"Devenir partenaire \/ m\u00e9c\u00e8ne - Sipar","description":"Envie d'\u00eatre partenaire de Sipar ? Vous choisissez une association transparente, engag\u00e9e en faveur d'une \u00e9ducation juste pour tous au Cambodge","robots":{"index":"index","follow":"follow","max-snippet":"max-snippet:-1","max-image-preview":"max-image-preview:large","max-video-preview":"max-video-preview:-1"},"canonical":"https:\/\/sipar.org\/en\/association-cambodge-sipar\/nous-soutenir\/partenaire-sipar-mecenat\/","og_locale":"en_US","og_type":"article","og_title":"Devenir partenaire \/ m\u00e9c\u00e8ne - Sipar","og_description":"Envie d'\u00eatre partenaire de Sipar ? Vous choisissez une association transparente, engag\u00e9e en faveur d'une \u00e9ducation juste pour tous au Cambodge","og_url":"https:\/\/sipar.org\/en\/association-cambodge-sipar\/nous-soutenir\/partenaire-sipar-mecenat\/","og_site_name":"Sipar","article_publisher":"https:\/\/facebook.com\/siparfrance","article_modified_time":"2026-01-20T09:42:10+00:00","og_image":[{"width":512,"height":512,"url":"https:\/\/sipar.org\/wp-content\/uploads\/cropped-LOGO-FINAL-SIPAR-1.jpg","type":"image\/jpeg"}],"twitter_card":"summary_large_image","twitter_misc":{"Est. reading time":"2 minutes"},"schema":{"@context":"https:\/\/schema.org","@graph":[{"@type":"WebPage","@id":"https:\/\/sipar.org\/association-cambodge-sipar\/nous-soutenir\/partenaire-sipar-mecenat\/","url":"https:\/\/sipar.org\/association-cambodge-sipar\/nous-soutenir\/partenaire-sipar-mecenat\/","name":"Devenir partenaire \/ m\u00e9c\u00e8ne - Sipar","isPartOf":{"@id":"https:\/\/sipar.org\/#website"},"primaryImageOfPage":{"@id":"https:\/\/sipar.org\/association-cambodge-sipar\/nous-soutenir\/partenaire-sipar-mecenat\/#primaryimage"},"image":{"@id":"https:\/\/sipar.org\/association-cambodge-sipar\/nous-soutenir\/partenaire-sipar-mecenat\/#primaryimage"},"thumbnailUrl":"https:\/\/sipar.org\/wp-content\/uploads\/cropped-LOGO-FINAL-SIPAR-1.jpg","datePublished":"2022-11-07T08:25:29+00:00","dateModified":"2026-01-20T09:42:10+00:00","description":"Envie d'\u00eatre partenaire de Sipar ? Vous choisissez une association transparente, engag\u00e9e en faveur d'une \u00e9ducation juste pour tous au Cambodge","breadcrumb":{"@id":"https:\/\/sipar.org\/association-cambodge-sipar\/nous-soutenir\/partenaire-sipar-mecenat\/#breadcrumb"},"inLanguage":"en-US","potentialAction":[{"@type":"ReadAction","target":["https:\/\/sipar.org\/association-cambodge-sipar\/nous-soutenir\/partenaire-sipar-mecenat\/"]}]},{"@type":"ImageObject","inLanguage":"en-US","@id":"https:\/\/sipar.org\/association-cambodge-sipar\/nous-soutenir\/partenaire-sipar-mecenat\/#primaryimage","url":"https:\/\/sipar.org\/wp-content\/uploads\/cropped-LOGO-FINAL-SIPAR-1.jpg","contentUrl":"https:\/\/sipar.org\/wp-content\/uploads\/cropped-LOGO-FINAL-SIPAR-1.jpg","width":512,"height":512,"caption":"partenaire sipar"},{"@type":"BreadcrumbList","@id":"https:\/\/sipar.org\/association-cambodge-sipar\/nous-soutenir\/partenaire-sipar-mecenat\/#breadcrumb","itemListElement":[{"@type":"ListItem","position":1,"name":"Accueil","item":"https:\/\/sipar.org\/"},{"@type":"ListItem","position":2,"name":"Accueil","item":"https:\/\/sipar.org\/"},{"@type":"ListItem","position":3,"name":"Nous soutenir","item":"https:\/\/sipar.org\/association-cambodge-sipar\/nous-soutenir\/"},{"@type":"ListItem","position":4,"name":"M\u00e9c\u00e9nat \/ Partenariats"}]},{"@type":"WebSite","@id":"https:\/\/sipar.org\/#website","url":"https:\/\/sipar.org\/","name":"Sipar","description":"Lire et s&#039;instruire pour construire l&#039;avenir","publisher":{"@id":"https:\/\/sipar.org\/#organization"},"potentialAction":[{"@type":"SearchAction","target":{"@type":"EntryPoint","urlTemplate":"https:\/\/sipar.org\/?s={search_term_string}"},"query-input":{"@type":"PropertyValueSpecification","valueRequired":true,"valueName":"search_term_string"}}],"inLanguage":"en-US"},{"@type":"Organization","@id":"https:\/\/sipar.org\/#organization","name":"Sipar","url":"https:\/\/sipar.org\/","logo":{"@type":"ImageObject","inLanguage":"en-US","@id":"https:\/\/sipar.org\/#\/schema\/logo\/image\/","url":"https:\/\/sipar.org\/wp-content\/uploads\/LOGO-FINAL-SIPAR.jpg","contentUrl":"https:\/\/sipar.org\/wp-content\/uploads\/LOGO-FINAL-SIPAR.jpg","width":2362,"height":2362,"caption":"Sipar"},"image":{"@id":"https:\/\/sipar.org\/#\/schema\/logo\/image\/"},"sameAs":["https:\/\/facebook.com\/siparfrance","https:\/\/instagram.com\/siparfrance","https:\/\/www.linkedin.com\/company\/sipar-cambodia","https:\/\/www.youtube.com\/channel\/UCjYqDfhBs1Q9rpXcPwTTbPg"]}]}},"_links":{"self":[{"href":"https:\/\/sipar.org\/en\/wp-json\/wp\/v2\/pages\/55","targetHints":{"allow":["GET"]}}],"collection":[{"href":"https:\/\/sipar.org\/en\/wp-json\/wp\/v2\/pages"}],"about":[{"href":"https:\/\/sipar.org\/en\/wp-json\/wp\/v2\/types\/page"}],"author":[{"embeddable":true,"href":"https:\/\/sipar.org\/en\/wp-json\/wp\/v2\/users\/1"}],"replies":[{"embeddable":true,"href":"https:\/\/sipar.org\/en\/wp-json\/wp\/v2\/comments?post=55"}],"version-history":[{"count":36,"href":"https:\/\/sipar.org\/en\/wp-json\/wp\/v2\/pages\/55\/revisions"}],"predecessor-version":[{"id":2580,"href":"https:\/\/sipar.org\/en\/wp-json\/wp\/v2\/pages\/55\/revisions\/2580"}],"up":[{"embeddable":true,"href":"https:\/\/sipar.org\/en\/wp-json\/wp\/v2\/pages\/51"}],"wp:featuredmedia":[{"embeddable":true,"href":"https:\/\/sipar.org\/en\/wp-json\/wp\/v2\/media\/131"}],"wp:attachment":[{"href":"https:\/\/sipar.org\/en\/wp-json\/wp\/v2\/media?parent=55"}],"curies":[{"name":"wp","href":"https:\/\/api.w.org\/{rel}","templated":true}]}}