{"id":49,"date":"2022-11-07T09:24:15","date_gmt":"2022-11-07T08:24:15","guid":{"rendered":"http:\/\/sipar.org\/?page_id=49"},"modified":"2026-01-21T14:24:17","modified_gmt":"2026-01-21T13:24:17","slug":"edition","status":"publish","type":"page","link":"https:\/\/sipar.org\/en\/association-cambodge-sipar\/nos-services\/edition\/","title":{"rendered":"Publishing"},"content":{"rendered":"<section class=\"section\" id=\"section_342152328\">\n\t\t<div class=\"section-bg fill\" >\n\t\t\t\t\t\t\t\t\t\n\t\t\t\n\t<div class=\"is-border\"\n\t\tstyle=\"border-width:0px 0px 0px 0px;\">\n\t<\/div>\n\n\t\t<\/div>\n\n\t\t\n\n\t\t<div class=\"section-content relative\">\n\t\t\t\n\n<div class=\"row\"  id=\"row-2118552564\">\n\n\n\t<div id=\"col-394090457\" class=\"col small-12 large-12\"  >\n\t\t\t\t<div class=\"col-inner text-center\"  >\n\t\t\t\n\t\t\t\n\n\t<div id=\"text-489069097\" class=\"text\">\n\t\t\n\n<h1 class=\"uppercase\" style=\"text-align: center;\">Publishing Services<\/h1>\n\t\t\n<style>\n#text-489069097 {\n  font-size: 1.35rem;\n}\n<\/style>\n\t<\/div>\n\t\n\t<div id=\"gap-1808681333\" class=\"gap-element clearfix\" style=\"display:block; height:auto;\">\n\t\t\n<style>\n#gap-1808681333 {\n  padding-top: 50px;\n}\n<\/style>\n\t<\/div>\n\t\n\n\n\t\t<\/div>\n\t\t\t\t\n<style>\n#col-394090457 > .col-inner {\n  padding: 0px 0px 0px 0px;\n  margin: 0px 0px -40px 0px;\n}\n<\/style>\n\t<\/div>\n\n\t\n\n<\/div>\n<p>Our team provides Publishing services for those who need help:<\/p>\n<ul>\n<li>Text translation from French\/English into Khmer and text re-writing if needed<\/li>\n<li>Khmer text editing (proofreading committee)<\/li>\n<li>Illustrations and art direction<\/li>\n<li>Publishing follow-up, layout and corrections<\/li>\n<li>Printing, binding and finishing<\/li>\n<li>Coaching services for new publishers<\/li>\n<\/ul>\n<p><strong>Quotation: <\/strong>Our service fee is available upon request. To make a quotation, we need to know: editorial services, number of pages, book format, types of paper for the cover and inside, book\u2019s finishing.<\/p>\n\t<div id=\"gap-1506687946\" class=\"gap-element clearfix\" style=\"display:block; height:auto;\">\n\t\t\n<style>\n#gap-1506687946 {\n  padding-top: 30px;\n}\n<\/style>\n\t<\/div>\n\t\n\n\t<div id=\"text-2262584811\" class=\"text\">\n\t\t\n\n<h2>They have already benefited from our services<\/h2>\n\t\t\n<style>\n#text-2262584811 {\n  font-size: 1.1rem;\n}\n<\/style>\n\t<\/div>\n\t\n<p>HE Dr Hang Chuon Naron (Minister of Youth, Education and Sports), <a href=\"https:\/\/www.savethechildren.net\/\" target=\"_blank\" rel=\"noopener\">Save the Children<\/a>, for their First Read programme, <a href=\"https:\/\/www.unicef.org\/\" target=\"_blank\" rel=\"noopener\">UNICEF<\/a>, <a href=\"https:\/\/descartes-cambodge.com\/\" target=\"_blank\" rel=\"noopener\">Ren\u00e9 Descartes secondary school<\/a>, <a href=\"https:\/\/www.gov.uk\/world\/organisations\/british-embassy-phnom-penh\" target=\"_blank\" rel=\"noopener\">United Kingdom ambassy in Cambodia<\/a>, Kinal Foundation...<\/p>\n\n  \n    <div class=\"row large-columns-6 medium-columns-3 small-columns-2 slider row-slider slider-nav-reveal\"  data-flickity-options='{&quot;imagesLoaded&quot;: true, &quot;groupCells&quot;: &quot;100%&quot;, &quot;dragThreshold&quot; : 5, &quot;cellAlign&quot;: &quot;left&quot;,&quot;wrapAround&quot;: true,&quot;prevNextButtons&quot;: true,&quot;percentPosition&quot;: true,&quot;pageDots&quot;: false, &quot;rightToLeft&quot;: false, &quot;autoPlay&quot; : false}' >\n\n  <div class=\"gallery-col col\" >\n          <div class=\"col-inner\">\n            <a class=\"image-lightbox lightbox-gallery\" href=\"https:\/\/sipar.org\/wp-content\/uploads\/editer-livres-khmer-768x859.jpg\" title=\"livre \u00e9dit\u00e9 par sipar\">            <div class=\"box has-hover gallery-box box-overlay dark\">\n              <div class=\"box-image\" >\n                <img loading=\"lazy\" decoding=\"async\" width=\"268\" height=\"300\" src=\"https:\/\/sipar.org\/wp-content\/uploads\/editer-livres-khmer-268x300.jpg\" class=\"attachment-medium size-medium\" alt=\"livre \u00e9dit\u00e9 par sipar\" ids=\"671,672,673,674,675,676\" lightbox_image_size=\"medium_large\" type=\"slider\" columns=\"6\" srcset=\"https:\/\/sipar.org\/wp-content\/uploads\/editer-livres-khmer-268x300.jpg 268w, https:\/\/sipar.org\/wp-content\/uploads\/editer-livres-khmer-768x859.jpg 768w, https:\/\/sipar.org\/wp-content\/uploads\/editer-livres-khmer.jpg 915w\" sizes=\"auto, (max-width: 268px) 100vw, 268px\" \/>                                  <div class=\"overlay fill\"\n                      style=\"background-color: rgba(0,0,0,.15)\">\n                  <\/div>\n                                                              <\/div>\n              <div class=\"box-text text-left\" >\n                 <p>livre \u00e9dit\u00e9 par sipar<\/p>\n              <\/div>\n            <\/div>\n            <\/a>          <\/div>\n         <\/div><div class=\"gallery-col col\" >\n          <div class=\"col-inner\">\n            <a class=\"image-lightbox lightbox-gallery\" href=\"https:\/\/sipar.org\/wp-content\/uploads\/edition-cambodge-livres.jpg\" title=\"\">            <div class=\"box has-hover gallery-box box-overlay dark\">\n              <div class=\"box-image\" >\n                <img loading=\"lazy\" decoding=\"async\" width=\"217\" height=\"300\" src=\"https:\/\/sipar.org\/wp-content\/uploads\/edition-cambodge-livres-217x300.jpg\" class=\"attachment-medium size-medium\" alt=\"\" ids=\"671,672,673,674,675,676\" lightbox_image_size=\"medium_large\" type=\"slider\" columns=\"6\" srcset=\"https:\/\/sipar.org\/wp-content\/uploads\/edition-cambodge-livres-217x300.jpg 217w, https:\/\/sipar.org\/wp-content\/uploads\/edition-cambodge-livres.jpg 741w\" sizes=\"auto, (max-width: 217px) 100vw, 217px\" \/>                                  <div class=\"overlay fill\"\n                      style=\"background-color: rgba(0,0,0,.15)\">\n                  <\/div>\n                                                              <\/div>\n              <div class=\"box-text text-left\" >\n                 <p><\/p>\n              <\/div>\n            <\/div>\n            <\/a>          <\/div>\n         <\/div><div class=\"gallery-col col\" >\n          <div class=\"col-inner\">\n            <a class=\"image-lightbox lightbox-gallery\" href=\"https:\/\/sipar.org\/wp-content\/uploads\/formation-edition-cambodge.jpg\" title=\"\">            <div class=\"box has-hover gallery-box box-overlay dark\">\n              <div class=\"box-image\" >\n                <img loading=\"lazy\" decoding=\"async\" width=\"202\" height=\"300\" src=\"https:\/\/sipar.org\/wp-content\/uploads\/formation-edition-cambodge-202x300.jpg\" class=\"attachment-medium size-medium\" alt=\"\" ids=\"671,672,673,674,675,676\" lightbox_image_size=\"medium_large\" type=\"slider\" columns=\"6\" srcset=\"https:\/\/sipar.org\/wp-content\/uploads\/formation-edition-cambodge-202x300.jpg 202w, https:\/\/sipar.org\/wp-content\/uploads\/formation-edition-cambodge.jpg 689w\" sizes=\"auto, (max-width: 202px) 100vw, 202px\" \/>                                  <div class=\"overlay fill\"\n                      style=\"background-color: rgba(0,0,0,.15)\">\n                  <\/div>\n                                                              <\/div>\n              <div class=\"box-text text-left\" >\n                 <p><\/p>\n              <\/div>\n            <\/div>\n            <\/a>          <\/div>\n         <\/div><div class=\"gallery-col col\" >\n          <div class=\"col-inner\">\n            <a class=\"image-lightbox lightbox-gallery\" href=\"https:\/\/sipar.org\/wp-content\/uploads\/lecture-cambodge-768x541.jpg\" title=\"\">            <div class=\"box has-hover gallery-box box-overlay dark\">\n              <div class=\"box-image\" >\n                <img loading=\"lazy\" decoding=\"async\" width=\"300\" height=\"211\" src=\"https:\/\/sipar.org\/wp-content\/uploads\/lecture-cambodge-300x211.jpg\" class=\"attachment-medium size-medium\" alt=\"\" ids=\"671,672,673,674,675,676\" lightbox_image_size=\"medium_large\" type=\"slider\" columns=\"6\" srcset=\"https:\/\/sipar.org\/wp-content\/uploads\/lecture-cambodge-300x211.jpg 300w, https:\/\/sipar.org\/wp-content\/uploads\/lecture-cambodge-768x541.jpg 768w, https:\/\/sipar.org\/wp-content\/uploads\/lecture-cambodge.jpg 1024w\" sizes=\"auto, (max-width: 300px) 100vw, 300px\" \/>                                  <div class=\"overlay fill\"\n                      style=\"background-color: rgba(0,0,0,.15)\">\n                  <\/div>\n                                                              <\/div>\n              <div class=\"box-text text-left\" >\n                 <p><\/p>\n              <\/div>\n            <\/div>\n            <\/a>          <\/div>\n         <\/div><div class=\"gallery-col col\" >\n          <div class=\"col-inner\">\n            <a class=\"image-lightbox lightbox-gallery\" href=\"https:\/\/sipar.org\/wp-content\/uploads\/livres-khmer.jpg\" title=\"\">            <div class=\"box has-hover gallery-box box-overlay dark\">\n              <div class=\"box-image\" >\n                <img loading=\"lazy\" decoding=\"async\" width=\"202\" height=\"300\" src=\"https:\/\/sipar.org\/wp-content\/uploads\/livres-khmer-202x300.jpg\" class=\"attachment-medium size-medium\" alt=\"\" ids=\"671,672,673,674,675,676\" lightbox_image_size=\"medium_large\" type=\"slider\" columns=\"6\" srcset=\"https:\/\/sipar.org\/wp-content\/uploads\/livres-khmer-202x300.jpg 202w, https:\/\/sipar.org\/wp-content\/uploads\/livres-khmer.jpg 688w\" sizes=\"auto, (max-width: 202px) 100vw, 202px\" \/>                                  <div class=\"overlay fill\"\n                      style=\"background-color: rgba(0,0,0,.15)\">\n                  <\/div>\n                                                              <\/div>\n              <div class=\"box-text text-left\" >\n                 <p><\/p>\n              <\/div>\n            <\/div>\n            <\/a>          <\/div>\n         <\/div><div class=\"gallery-col col\" >\n          <div class=\"col-inner\">\n            <a class=\"image-lightbox lightbox-gallery\" href=\"https:\/\/sipar.org\/wp-content\/uploads\/prestation-edition-cambodge.jpg\" title=\"\">            <div class=\"box has-hover gallery-box box-overlay dark\">\n              <div class=\"box-image\" >\n                <img loading=\"lazy\" decoding=\"async\" width=\"218\" height=\"300\" src=\"https:\/\/sipar.org\/wp-content\/uploads\/prestation-edition-cambodge-218x300.jpg\" class=\"attachment-medium size-medium\" alt=\"\" ids=\"671,672,673,674,675,676\" lightbox_image_size=\"medium_large\" type=\"slider\" columns=\"6\" srcset=\"https:\/\/sipar.org\/wp-content\/uploads\/prestation-edition-cambodge-218x300.jpg 218w, https:\/\/sipar.org\/wp-content\/uploads\/prestation-edition-cambodge.jpg 744w\" sizes=\"auto, (max-width: 218px) 100vw, 218px\" \/>                                  <div class=\"overlay fill\"\n                      style=\"background-color: rgba(0,0,0,.15)\">\n                  <\/div>\n                                                              <\/div>\n              <div class=\"box-text text-left\" >\n                 <p><\/p>\n              <\/div>\n            <\/div>\n            <\/a>          <\/div>\n         <\/div><\/div>\n\n\n\t\t<\/div>\n\n\t\t\n<style>\n#section_342152328 {\n  padding-top: 5px;\n  padding-bottom: 5px;\n}\n<\/style>\n\t<\/section>\n\t\n\n\t<section class=\"section\" id=\"section_1208844594\">\n\t\t<div class=\"section-bg fill\" >\n\t\t\t\t\t\t\t\t\t\n\t\t\t\n\n\t\t<\/div>\n\n\t\t\n\n\t\t<div class=\"section-content relative\">\n\t\t\t\n\n<div class=\"row row-collapse row-full-width align-middle\"  id=\"row-1843256092\">\n\n\n\t<div id=\"col-1916856232\" class=\"col medium-12 small-12 large-3\"  >\n\t\t\t\t<div class=\"col-inner\"  >\n\t\t\t\n\t\t\t\n\n\n\t\t<\/div>\n\t\t\t\t\t<\/div>\n\n\t\n\n\t<div id=\"col-1069628795\" class=\"col medium-12 small-12 large-6\"  >\n\t\t\t\t<div class=\"col-inner text-center\"  >\n\t\t\t\n\t\t\t\n\n\t<div id=\"text-3387830271\" class=\"text\">\n\t\t\n\n<h3>Contact us<\/h3>\n\t\t\n<style>\n#text-3387830271 {\n  font-size: 1.55rem;\n  line-height: 1.2;\n}\n<\/style>\n\t<\/div>\n\t\n<p>If you wish to know more about our services, do not hesitate to send us a message<\/p>\n<a href=\"https:\/\/sipar.org\/en\/association-cambodge-sipar\/sinformer\/nous-contacter\/\" target=\"_blank\" class=\"button success\" rel=\"noopener\"  style=\"padding:1px 30px 1px 30px;\">\n\t\t<span>MESSAGE<\/span>\n\t<\/a>\n\n\n\n\t\t<\/div>\n\t\t\t\t\n<style>\n#col-1069628795 > .col-inner {\n  padding: 50px 40px 40px 40px;\n}\n@media (min-width:550px) {\n  #col-1069628795 > .col-inner {\n    padding: 70px 100px 50px 100px;\n  }\n}\n@media (min-width:850px) {\n  #col-1069628795 > .col-inner {\n    padding: 70px 70px 30px 70px;\n  }\n}\n<\/style>\n\t<\/div>\n\n\t\n\n\t<div id=\"col-1102271488\" class=\"col medium-12 small-12 large-3\"  >\n\t\t\t\t<div class=\"col-inner\"  >\n\t\t\t\n\t\t\t\n\n\n\t\t<\/div>\n\t\t\t\t\t<\/div>\n\n\t\n\n<\/div>\n\n\t\t<\/div>\n\n\t\t\n<style>\n#section_1208844594 {\n  padding-top: 0px;\n  padding-bottom: 0px;\n}\n<\/style>\n\t<\/section>","protected":false},"excerpt":{"rendered":"","protected":false},"author":1,"featured_media":0,"parent":43,"menu_order":0,"comment_status":"closed","ping_status":"closed","template":"","meta":{"footnotes":""},"class_list":["post-49","page","type-page","status-publish","hentry"],"yoast_head":"<!-- This site is optimized with the Yoast SEO plugin v27.3 - https:\/\/yoast.com\/product\/yoast-seo-wordpress\/ -->\n<title>Edition de livres au Cambodge - Sipar<\/title>\n<meta name=\"description\" content=\"Sipar vous accompagne dans l&#039;\u00e9dition de vos livres au Cambodge gr\u00e2ce \u00e0 plus de 10 ans d&#039;exp\u00e9rience dans le domaine.\" \/>\n<meta name=\"robots\" content=\"index, follow, max-snippet:-1, max-image-preview:large, max-video-preview:-1\" \/>\n<link rel=\"canonical\" href=\"https:\/\/sipar.org\/en\/association-cambodge-sipar\/nos-services\/edition\/\" \/>\n<meta property=\"og:locale\" content=\"en_US\" \/>\n<meta property=\"og:type\" content=\"article\" \/>\n<meta property=\"og:title\" content=\"Edition de livres au Cambodge - Sipar\" \/>\n<meta property=\"og:description\" content=\"Sipar vous accompagne dans l&#039;\u00e9dition de vos livres au Cambodge gr\u00e2ce \u00e0 plus de 10 ans d&#039;exp\u00e9rience dans le domaine.\" \/>\n<meta property=\"og:url\" content=\"https:\/\/sipar.org\/en\/association-cambodge-sipar\/nos-services\/edition\/\" \/>\n<meta property=\"og:site_name\" content=\"Sipar\" \/>\n<meta property=\"article:publisher\" content=\"https:\/\/facebook.com\/siparfrance\" \/>\n<meta property=\"article:modified_time\" content=\"2026-01-21T13:24:17+00:00\" \/>\n<meta property=\"og:image\" content=\"https:\/\/sipar.org\/wp-content\/uploads\/LOGO-FINAL-SIPAR.jpg\" \/>\n\t<meta property=\"og:image:width\" content=\"2362\" \/>\n\t<meta property=\"og:image:height\" content=\"2362\" \/>\n\t<meta property=\"og:image:type\" content=\"image\/jpeg\" \/>\n<meta name=\"twitter:card\" content=\"summary_large_image\" \/>\n<meta name=\"twitter:label1\" content=\"Est. reading time\" \/>\n\t<meta name=\"twitter:data1\" content=\"2 minutes\" \/>\n<script type=\"application\/ld+json\" class=\"yoast-schema-graph\">{\"@context\":\"https:\\\/\\\/schema.org\",\"@graph\":[{\"@type\":\"WebPage\",\"@id\":\"https:\\\/\\\/sipar.org\\\/association-cambodge-sipar\\\/nos-services\\\/edition\\\/\",\"url\":\"https:\\\/\\\/sipar.org\\\/association-cambodge-sipar\\\/nos-services\\\/edition\\\/\",\"name\":\"Edition de livres au Cambodge - Sipar\",\"isPartOf\":{\"@id\":\"https:\\\/\\\/sipar.org\\\/#website\"},\"datePublished\":\"2022-11-07T08:24:15+00:00\",\"dateModified\":\"2026-01-21T13:24:17+00:00\",\"description\":\"Sipar vous accompagne dans l'\u00e9dition de vos livres au Cambodge gr\u00e2ce \u00e0 plus de 10 ans d'exp\u00e9rience dans le domaine.\",\"breadcrumb\":{\"@id\":\"https:\\\/\\\/sipar.org\\\/association-cambodge-sipar\\\/nos-services\\\/edition\\\/#breadcrumb\"},\"inLanguage\":\"en-US\",\"potentialAction\":[{\"@type\":\"ReadAction\",\"target\":[\"https:\\\/\\\/sipar.org\\\/association-cambodge-sipar\\\/nos-services\\\/edition\\\/\"]}]},{\"@type\":\"BreadcrumbList\",\"@id\":\"https:\\\/\\\/sipar.org\\\/association-cambodge-sipar\\\/nos-services\\\/edition\\\/#breadcrumb\",\"itemListElement\":[{\"@type\":\"ListItem\",\"position\":1,\"name\":\"Accueil\",\"item\":\"https:\\\/\\\/sipar.org\\\/\"},{\"@type\":\"ListItem\",\"position\":2,\"name\":\"Accueil\",\"item\":\"https:\\\/\\\/sipar.org\\\/\"},{\"@type\":\"ListItem\",\"position\":3,\"name\":\"Nos services\",\"item\":\"https:\\\/\\\/sipar.org\\\/association-cambodge-sipar\\\/nos-services\\\/\"},{\"@type\":\"ListItem\",\"position\":4,\"name\":\"Edition\"}]},{\"@type\":\"WebSite\",\"@id\":\"https:\\\/\\\/sipar.org\\\/#website\",\"url\":\"https:\\\/\\\/sipar.org\\\/\",\"name\":\"Sipar\",\"description\":\"Lire et s&#039;instruire pour construire l&#039;avenir\",\"publisher\":{\"@id\":\"https:\\\/\\\/sipar.org\\\/#organization\"},\"potentialAction\":[{\"@type\":\"SearchAction\",\"target\":{\"@type\":\"EntryPoint\",\"urlTemplate\":\"https:\\\/\\\/sipar.org\\\/?s={search_term_string}\"},\"query-input\":{\"@type\":\"PropertyValueSpecification\",\"valueRequired\":true,\"valueName\":\"search_term_string\"}}],\"inLanguage\":\"en-US\"},{\"@type\":\"Organization\",\"@id\":\"https:\\\/\\\/sipar.org\\\/#organization\",\"name\":\"Sipar\",\"url\":\"https:\\\/\\\/sipar.org\\\/\",\"logo\":{\"@type\":\"ImageObject\",\"inLanguage\":\"en-US\",\"@id\":\"https:\\\/\\\/sipar.org\\\/#\\\/schema\\\/logo\\\/image\\\/\",\"url\":\"https:\\\/\\\/sipar.org\\\/wp-content\\\/uploads\\\/LOGO-FINAL-SIPAR.jpg\",\"contentUrl\":\"https:\\\/\\\/sipar.org\\\/wp-content\\\/uploads\\\/LOGO-FINAL-SIPAR.jpg\",\"width\":2362,\"height\":2362,\"caption\":\"Sipar\"},\"image\":{\"@id\":\"https:\\\/\\\/sipar.org\\\/#\\\/schema\\\/logo\\\/image\\\/\"},\"sameAs\":[\"https:\\\/\\\/facebook.com\\\/siparfrance\",\"https:\\\/\\\/instagram.com\\\/siparfrance\",\"https:\\\/\\\/www.linkedin.com\\\/company\\\/sipar-cambodia\",\"https:\\\/\\\/www.youtube.com\\\/channel\\\/UCjYqDfhBs1Q9rpXcPwTTbPg\"]}]}<\/script>\n<!-- \/ Yoast SEO plugin. -->","yoast_head_json":{"title":"Edition de livres au Cambodge - Sipar","description":"Sipar vous accompagne dans l'\u00e9dition de vos livres au Cambodge gr\u00e2ce \u00e0 plus de 10 ans d'exp\u00e9rience dans le domaine.","robots":{"index":"index","follow":"follow","max-snippet":"max-snippet:-1","max-image-preview":"max-image-preview:large","max-video-preview":"max-video-preview:-1"},"canonical":"https:\/\/sipar.org\/en\/association-cambodge-sipar\/nos-services\/edition\/","og_locale":"en_US","og_type":"article","og_title":"Edition de livres au Cambodge - Sipar","og_description":"Sipar vous accompagne dans l'\u00e9dition de vos livres au Cambodge gr\u00e2ce \u00e0 plus de 10 ans d'exp\u00e9rience dans le domaine.","og_url":"https:\/\/sipar.org\/en\/association-cambodge-sipar\/nos-services\/edition\/","og_site_name":"Sipar","article_publisher":"https:\/\/facebook.com\/siparfrance","article_modified_time":"2026-01-21T13:24:17+00:00","og_image":[{"width":2362,"height":2362,"url":"https:\/\/sipar.org\/wp-content\/uploads\/LOGO-FINAL-SIPAR.jpg","type":"image\/jpeg"}],"twitter_card":"summary_large_image","twitter_misc":{"Est. reading time":"2 minutes"},"schema":{"@context":"https:\/\/schema.org","@graph":[{"@type":"WebPage","@id":"https:\/\/sipar.org\/association-cambodge-sipar\/nos-services\/edition\/","url":"https:\/\/sipar.org\/association-cambodge-sipar\/nos-services\/edition\/","name":"Edition de livres au Cambodge - Sipar","isPartOf":{"@id":"https:\/\/sipar.org\/#website"},"datePublished":"2022-11-07T08:24:15+00:00","dateModified":"2026-01-21T13:24:17+00:00","description":"Sipar vous accompagne dans l'\u00e9dition de vos livres au Cambodge gr\u00e2ce \u00e0 plus de 10 ans d'exp\u00e9rience dans le domaine.","breadcrumb":{"@id":"https:\/\/sipar.org\/association-cambodge-sipar\/nos-services\/edition\/#breadcrumb"},"inLanguage":"en-US","potentialAction":[{"@type":"ReadAction","target":["https:\/\/sipar.org\/association-cambodge-sipar\/nos-services\/edition\/"]}]},{"@type":"BreadcrumbList","@id":"https:\/\/sipar.org\/association-cambodge-sipar\/nos-services\/edition\/#breadcrumb","itemListElement":[{"@type":"ListItem","position":1,"name":"Accueil","item":"https:\/\/sipar.org\/"},{"@type":"ListItem","position":2,"name":"Accueil","item":"https:\/\/sipar.org\/"},{"@type":"ListItem","position":3,"name":"Nos services","item":"https:\/\/sipar.org\/association-cambodge-sipar\/nos-services\/"},{"@type":"ListItem","position":4,"name":"Edition"}]},{"@type":"WebSite","@id":"https:\/\/sipar.org\/#website","url":"https:\/\/sipar.org\/","name":"Sipar","description":"Lire et s&#039;instruire pour construire l&#039;avenir","publisher":{"@id":"https:\/\/sipar.org\/#organization"},"potentialAction":[{"@type":"SearchAction","target":{"@type":"EntryPoint","urlTemplate":"https:\/\/sipar.org\/?s={search_term_string}"},"query-input":{"@type":"PropertyValueSpecification","valueRequired":true,"valueName":"search_term_string"}}],"inLanguage":"en-US"},{"@type":"Organization","@id":"https:\/\/sipar.org\/#organization","name":"Sipar","url":"https:\/\/sipar.org\/","logo":{"@type":"ImageObject","inLanguage":"en-US","@id":"https:\/\/sipar.org\/#\/schema\/logo\/image\/","url":"https:\/\/sipar.org\/wp-content\/uploads\/LOGO-FINAL-SIPAR.jpg","contentUrl":"https:\/\/sipar.org\/wp-content\/uploads\/LOGO-FINAL-SIPAR.jpg","width":2362,"height":2362,"caption":"Sipar"},"image":{"@id":"https:\/\/sipar.org\/#\/schema\/logo\/image\/"},"sameAs":["https:\/\/facebook.com\/siparfrance","https:\/\/instagram.com\/siparfrance","https:\/\/www.linkedin.com\/company\/sipar-cambodia","https:\/\/www.youtube.com\/channel\/UCjYqDfhBs1Q9rpXcPwTTbPg"]}]}},"_links":{"self":[{"href":"https:\/\/sipar.org\/en\/wp-json\/wp\/v2\/pages\/49","targetHints":{"allow":["GET"]}}],"collection":[{"href":"https:\/\/sipar.org\/en\/wp-json\/wp\/v2\/pages"}],"about":[{"href":"https:\/\/sipar.org\/en\/wp-json\/wp\/v2\/types\/page"}],"author":[{"embeddable":true,"href":"https:\/\/sipar.org\/en\/wp-json\/wp\/v2\/users\/1"}],"replies":[{"embeddable":true,"href":"https:\/\/sipar.org\/en\/wp-json\/wp\/v2\/comments?post=49"}],"version-history":[{"count":13,"href":"https:\/\/sipar.org\/en\/wp-json\/wp\/v2\/pages\/49\/revisions"}],"predecessor-version":[{"id":2615,"href":"https:\/\/sipar.org\/en\/wp-json\/wp\/v2\/pages\/49\/revisions\/2615"}],"up":[{"embeddable":true,"href":"https:\/\/sipar.org\/en\/wp-json\/wp\/v2\/pages\/43"}],"wp:attachment":[{"href":"https:\/\/sipar.org\/en\/wp-json\/wp\/v2\/media?parent=49"}],"curies":[{"name":"wp","href":"https:\/\/api.w.org\/{rel}","templated":true}]}}