{"id":23,"date":"2022-11-07T09:13:39","date_gmt":"2022-11-07T08:13:39","guid":{"rendered":"http:\/\/sipar.org\/?page_id=23"},"modified":"2026-02-04T11:14:44","modified_gmt":"2026-02-04T10:14:44","slug":"gouvernance-et-equipes","status":"publish","type":"page","link":"https:\/\/sipar.org\/en\/association-cambodge-sipar\/decouvrir-sipar\/gouvernance-et-equipes\/","title":{"rendered":"Governance and team"},"content":{"rendered":"<section class=\"section\" id=\"section_553778349\">\n\t\t<div class=\"section-bg fill\" >\n\t\t\t\t\t\t\t\t\t\n\t\t\t\n\t<div class=\"is-border\"\n\t\tstyle=\"border-width:0px 0px 0px 0px;\">\n\t<\/div>\n\n\t\t<\/div>\n\n\t\t\n\n\t\t<div class=\"section-content relative\">\n\t\t\t\n\n<div class=\"row\"  id=\"row-848065723\">\n\n\n\t<div id=\"col-956958201\" class=\"col small-12 large-12\"  >\n\t\t\t\t<div class=\"col-inner text-center\"  >\n\t\t\t\n\t\t\t\n\n\t<div id=\"text-1000046097\" class=\"text\">\n\t\t\n\n<h1 class=\"uppercase\" style=\"text-align: center;\">Governance &amp; team<\/h1>\n\t\t\n<style>\n#text-1000046097 {\n  font-size: 1.35rem;\n}\n<\/style>\n\t<\/div>\n\t\n\n\t\t<\/div>\n\t\t\t\t\n<style>\n#col-956958201 > .col-inner {\n  padding: 0px 0px 0px 0px;\n  margin: 0px 0px -40px 0px;\n}\n<\/style>\n\t<\/div>\n\n\t\n\n<\/div>\n\n\t\t<\/div>\n\n\t\t\n<style>\n#section_553778349 {\n  padding-top: 5px;\n  padding-bottom: 5px;\n}\n<\/style>\n\t<\/section>\n\t\n\n\t<section class=\"section\" id=\"section_49954299\">\n\t\t<div class=\"section-bg fill\" >\n\t\t\t\t\t\t\t\t\t\n\t\t\t\n\n\t\t<\/div>\n\n\t\t\n\n\t\t<div class=\"section-content relative\">\n\t\t\t\n\n<div class=\"row\"  id=\"row-1684742058\">\n\n\n\t<div id=\"col-1051123347\" class=\"col small-12 large-12\"  >\n\t\t\t\t<div class=\"col-inner\"  >\n\t\t\t\n\t\t\t\n\n\n  <div class=\"banner has-hover\" id=\"banner-1953620008\">\n          <div class=\"banner-inner fill\">\n        <div class=\"banner-bg fill\" >\n            <img loading=\"lazy\" decoding=\"async\" width=\"1000\" height=\"506\" src=\"https:\/\/sipar.org\/wp-content\/uploads\/equipe-sipar-cambodia-1-1.jpg\" class=\"bg attachment-large size-large\" alt=\"\u00e9quipe sipar cambodia\" \/>                        <div class=\"overlay\"><\/div>            \n                    <\/div>\n\t\t\n        <div class=\"banner-layers container\">\n            <div class=\"fill banner-link\"><\/div>            \n\n   <div id=\"text-box-424050187\" class=\"text-box banner-layer x50 md-x50 lg-x50 y50 md-y50 lg-y50 res-text\">\n                                <div class=\"text-box-content text dark\">\n              \n              <div class=\"text-inner text-center\">\n                  \n\n<p>The Sipar salaried team in Cambodia is 100% local.<\/p>\n<blockquote>\n<p>\" It's essential that Khmer people are the actors of change in their own country \" - Sothik Hok, director<\/p>\n<\/blockquote>\n\n              <\/div>\n           <\/div>\n                            \n<style>\n#text-box-424050187 {\n  width: 60%;\n}\n#text-box-424050187 .text-box-content {\n  font-size: 100%;\n}\n<\/style>\n    <\/div>\n \n\n        <\/div>\n      <\/div>\n\n            \n<style>\n#banner-1953620008 {\n  padding-top: 500px;\n}\n#banner-1953620008 .overlay {\n  background-color: rgba(0,0,0,.5);\n}\n<\/style>\n  <\/div>\n\n\n\n\t\t<\/div>\n\t\t\t\t\t<\/div>\n\n\t\n\n<\/div>\n\n\t\t<\/div>\n\n\t\t\n<style>\n#section_49954299 {\n  padding-top: 30px;\n  padding-bottom: 30px;\n}\n<\/style>\n\t<\/section>\n\t\n\n\t<section class=\"section\" id=\"section_270616702\">\n\t\t<div class=\"section-bg fill\" >\n\t\t\t\t\t\t\t\t\t\n\t\t\t\n\n\t\t<\/div>\n\n\t\t\n\n\t\t<div class=\"section-content relative\">\n\t\t\t\n\n<div class=\"row\"  id=\"row-90342550\">\n\n\n\t<div id=\"col-624900593\" class=\"col small-12 large-12\"  >\n\t\t\t\t<div class=\"col-inner\"  >\n\t\t\t\n\t\t\t\n\n<h2>Board of directors<\/h2>\n<ul>\n<li>BACOT Marie-Anne\u00a0<\/li>\n<li>BITOUZET Christelle - Secretary - Consultant in organization and sustainable development<\/li>\n<li>BOILLEAU G\u00e9rard \u2013 Treasurer \u2013 Expert accountant\u00a0<\/li>\n<li>CHAVENTON Bernadette - Vice President - co-founder of Sipar in 1982.<\/li>\n<li>CROS Jean-Louis - Engineer in large French industrial groups<\/li>\n<li>CROUY Alain \u2013 Vice President - Former International Business Leader - ASN Ashoka<\/li>\n<li>DE LANGRE Herv\u00e9 - Publishing consultant<\/li>\n<li>DUMAS Damien - Company Director<\/li>\n<li>JANNIC Ma\u00fflis - Partnership Manager<\/li>\n<li>KERGUENO Jacqueline - Ex International Youth Press Editor - Development and Training in The Press Africa and Asia<\/li>\n<li>LUCAS Patrice - President - Former Director of Social Policies of a French international group<\/li>\n<li>MARTIN Pascal &#8211;\u00a0<\/li>\n<li>RECAMIER Fran\u00e7oise - former editor-in-chief of Images DOC <em>Images DOC, <\/em>journalist<\/li>\n<\/ul>\n<h2>Management team in Cambodia<\/h2>\n<ul>\n<li>Ms CHENG Villa \u2013 Administrative and Finance Manager<\/li>\n<li>CHOUM Chanta - Program manager of Prisons program<\/li>\n<li>HOK Sothik \u2013 Director and chief editor<\/li>\n<li>Mr KEHM Thann \u2013 Mobile Libraries Program Manager<\/li>\n<li>Ms MAO Kolap - Program Manager of Library and Youth Empowerment<\/li>\n<li>MARY Garance \u2013 Communication, fundraising and partnership officer<\/li>\n<li>Ms MONTARIOL B\u00e9atrice - Advisor in charge of project development<\/li>\n<\/ul>\n<h2>L&rsquo;\u00e9quipe en France<\/h2>\n<ul>\n<li>DRYS Emmylou - Communication and fundraising manager\u00a0<\/li>\n<li>LAPORTA Salom\u00e9 \u2013 Administration and Finance manager<\/li>\n<\/ul>\n\n\t\t<\/div>\n\t\t\t\t\t<\/div>\n\n\t\n\n<\/div>\n\n\t\t<\/div>\n\n\t\t\n<style>\n#section_270616702 {\n  padding-top: 30px;\n  padding-bottom: 30px;\n}\n<\/style>\n\t<\/section>\n\t\n\n\t<section class=\"section\" id=\"section_630988169\">\n\t\t<div class=\"section-bg fill\" >\n\t\t\t\t\t\t\t\t\t\n\t\t\t\n\n\t\t<\/div>\n\n\t\t\n\n\t\t<div class=\"section-content relative\">\n\t\t\t\n\n<div class=\"row row-collapse row-full-width align-middle\"  id=\"row-1513165057\">\n\n\n\t<div id=\"col-1190622406\" class=\"col medium-6 small-12 large-6\"  >\n\t\t\t\t<div class=\"col-inner\"  >\n\t\t\t\n\t\t\t\n\n\t<div class=\"img has-hover x md-x lg-x y md-y lg-y\" id=\"image_741323074\">\n\t\t\t\t\t\t\t\t<div class=\"img-inner dark\" >\n\t\t\t<img loading=\"lazy\" decoding=\"async\" width=\"489\" height=\"181\" src=\"https:\/\/sipar.org\/wp-content\/uploads\/sipar-label-ideas.png\" class=\"attachment-large size-large\" alt=\"Sipar obtient le label IDEAS\" srcset=\"https:\/\/sipar.org\/wp-content\/uploads\/sipar-label-ideas.png 489w, https:\/\/sipar.org\/wp-content\/uploads\/sipar-label-ideas-300x111.png 300w, https:\/\/sipar.org\/wp-content\/uploads\/sipar-label-ideas-18x7.png 18w\" sizes=\"auto, (max-width: 489px) 100vw, 489px\" \/>\t\t\t\t\t\t\n\t\t\t\t\t<\/div>\n\t\t\t\t\t\t\t\t\n<style>\n#image_741323074 {\n  width: 100%;\n}\n<\/style>\n\t<\/div>\n\t\n\n\n\t\t<\/div>\n\t\t\t\t\t<\/div>\n\n\t\n\n\t<div id=\"col-1522473124\" class=\"col medium-6 small-12 large-6\"  >\n\t\t\t\t<div class=\"col-inner\"  >\n\t\t\t\n\t\t\t\n\n<p>Since 2023, Sipar is labeled IDEAS. <a href=\"https:\/\/ideas.asso.fr\/le-label\/\" target=\"_blank\" rel=\"noopener\">The label<\/a> attests to good practices in the field of governance, finance, and evaluation.<\/p>\n<a href=\"https:\/\/sipar.org\/en\/sipar-obtient-le-label-ideas\/\" class=\"button primary is-underline\"  >\n\t\t<span>read our article<\/span>\n\t<\/a>\n\n\n\n\t\t<\/div>\n\t\t\t\t\n<style>\n#col-1522473124 > .col-inner {\n  padding: 5% 5% 5% 5%;\n  max-width: 520px;\n}\n<\/style>\n\t<\/div>\n\n\t\n\n<\/div>\n\n\t\t<\/div>\n\n\t\t\n<style>\n#section_630988169 {\n  padding-top: 30px;\n  padding-bottom: 30px;\n}\n<\/style>\n\t<\/section>","protected":false},"excerpt":{"rendered":"","protected":false},"author":1,"featured_media":408,"parent":15,"menu_order":0,"comment_status":"closed","ping_status":"closed","template":"","meta":{"footnotes":""},"class_list":["post-23","page","type-page","status-publish","has-post-thumbnail","hentry"],"yoast_head":"<!-- This site is optimized with the Yoast SEO plugin v27.4 - https:\/\/yoast.com\/product\/yoast-seo-wordpress\/ -->\n<title>Gouvernance et \u00e9quipes - Sipar<\/title>\n<meta name=\"description\" content=\"L&#039;\u00e9quipe salari\u00e9e Sipar au Cambodge est 100% locale. En France, le conseil d&#039;administration est compos\u00e9 de 12 personnes.\" \/>\n<meta name=\"robots\" content=\"index, follow, max-snippet:-1, max-image-preview:large, max-video-preview:-1\" \/>\n<link rel=\"canonical\" href=\"https:\/\/sipar.org\/en\/association-cambodge-sipar\/decouvrir-sipar\/gouvernance-et-equipes\/\" \/>\n<meta property=\"og:locale\" content=\"en_US\" \/>\n<meta property=\"og:type\" content=\"article\" \/>\n<meta property=\"og:title\" content=\"Gouvernance et \u00e9quipes - Sipar\" \/>\n<meta property=\"og:description\" content=\"L&#039;\u00e9quipe salari\u00e9e Sipar au Cambodge est 100% locale. En France, le conseil d&#039;administration est compos\u00e9 de 12 personnes.\" \/>\n<meta property=\"og:url\" content=\"https:\/\/sipar.org\/en\/association-cambodge-sipar\/decouvrir-sipar\/gouvernance-et-equipes\/\" \/>\n<meta property=\"og:site_name\" content=\"Sipar\" \/>\n<meta property=\"article:publisher\" content=\"https:\/\/facebook.com\/siparfrance\" \/>\n<meta property=\"article:modified_time\" content=\"2026-02-04T10:14:44+00:00\" \/>\n<meta property=\"og:image\" content=\"https:\/\/sipar.org\/wp-content\/uploads\/equipe-sipar-cambodia-1-1.jpg\" \/>\n\t<meta property=\"og:image:width\" content=\"1000\" \/>\n\t<meta property=\"og:image:height\" content=\"506\" \/>\n\t<meta property=\"og:image:type\" content=\"image\/jpeg\" \/>\n<meta name=\"twitter:card\" content=\"summary_large_image\" \/>\n<meta name=\"twitter:label1\" content=\"Est. reading time\" \/>\n\t<meta name=\"twitter:data1\" content=\"2 minutes\" \/>\n<script type=\"application\/ld+json\" class=\"yoast-schema-graph\">{\"@context\":\"https:\\\/\\\/schema.org\",\"@graph\":[{\"@type\":\"WebPage\",\"@id\":\"https:\\\/\\\/sipar.org\\\/association-cambodge-sipar\\\/decouvrir-sipar\\\/gouvernance-et-equipes\\\/\",\"url\":\"https:\\\/\\\/sipar.org\\\/association-cambodge-sipar\\\/decouvrir-sipar\\\/gouvernance-et-equipes\\\/\",\"name\":\"Gouvernance et \u00e9quipes - Sipar\",\"isPartOf\":{\"@id\":\"https:\\\/\\\/sipar.org\\\/#website\"},\"primaryImageOfPage\":{\"@id\":\"https:\\\/\\\/sipar.org\\\/association-cambodge-sipar\\\/decouvrir-sipar\\\/gouvernance-et-equipes\\\/#primaryimage\"},\"image\":{\"@id\":\"https:\\\/\\\/sipar.org\\\/association-cambodge-sipar\\\/decouvrir-sipar\\\/gouvernance-et-equipes\\\/#primaryimage\"},\"thumbnailUrl\":\"https:\\\/\\\/sipar.org\\\/wp-content\\\/uploads\\\/equipe-sipar-cambodia-1-1.jpg\",\"datePublished\":\"2022-11-07T08:13:39+00:00\",\"dateModified\":\"2026-02-04T10:14:44+00:00\",\"description\":\"L'\u00e9quipe salari\u00e9e Sipar au Cambodge est 100% locale. En France, le conseil d'administration est compos\u00e9 de 12 personnes.\",\"breadcrumb\":{\"@id\":\"https:\\\/\\\/sipar.org\\\/association-cambodge-sipar\\\/decouvrir-sipar\\\/gouvernance-et-equipes\\\/#breadcrumb\"},\"inLanguage\":\"en-US\",\"potentialAction\":[{\"@type\":\"ReadAction\",\"target\":[\"https:\\\/\\\/sipar.org\\\/association-cambodge-sipar\\\/decouvrir-sipar\\\/gouvernance-et-equipes\\\/\"]}]},{\"@type\":\"ImageObject\",\"inLanguage\":\"en-US\",\"@id\":\"https:\\\/\\\/sipar.org\\\/association-cambodge-sipar\\\/decouvrir-sipar\\\/gouvernance-et-equipes\\\/#primaryimage\",\"url\":\"https:\\\/\\\/sipar.org\\\/wp-content\\\/uploads\\\/equipe-sipar-cambodia-1-1.jpg\",\"contentUrl\":\"https:\\\/\\\/sipar.org\\\/wp-content\\\/uploads\\\/equipe-sipar-cambodia-1-1.jpg\",\"width\":1000,\"height\":506,\"caption\":\"\u00e9quipe sipar cambodia\"},{\"@type\":\"BreadcrumbList\",\"@id\":\"https:\\\/\\\/sipar.org\\\/association-cambodge-sipar\\\/decouvrir-sipar\\\/gouvernance-et-equipes\\\/#breadcrumb\",\"itemListElement\":[{\"@type\":\"ListItem\",\"position\":1,\"name\":\"Accueil\",\"item\":\"https:\\\/\\\/sipar.org\\\/\"},{\"@type\":\"ListItem\",\"position\":2,\"name\":\"Accueil\",\"item\":\"https:\\\/\\\/sipar.org\\\/\"},{\"@type\":\"ListItem\",\"position\":3,\"name\":\"D\u00e9couvrir Sipar\",\"item\":\"https:\\\/\\\/sipar.org\\\/association-cambodge-sipar\\\/decouvrir-sipar\\\/\"},{\"@type\":\"ListItem\",\"position\":4,\"name\":\"Gouvernance et \u00e9quipes\"}]},{\"@type\":\"WebSite\",\"@id\":\"https:\\\/\\\/sipar.org\\\/#website\",\"url\":\"https:\\\/\\\/sipar.org\\\/\",\"name\":\"Sipar\",\"description\":\"Lire et s&#039;instruire pour construire l&#039;avenir\",\"publisher\":{\"@id\":\"https:\\\/\\\/sipar.org\\\/#organization\"},\"potentialAction\":[{\"@type\":\"SearchAction\",\"target\":{\"@type\":\"EntryPoint\",\"urlTemplate\":\"https:\\\/\\\/sipar.org\\\/?s={search_term_string}\"},\"query-input\":{\"@type\":\"PropertyValueSpecification\",\"valueRequired\":true,\"valueName\":\"search_term_string\"}}],\"inLanguage\":\"en-US\"},{\"@type\":\"Organization\",\"@id\":\"https:\\\/\\\/sipar.org\\\/#organization\",\"name\":\"Sipar\",\"url\":\"https:\\\/\\\/sipar.org\\\/\",\"logo\":{\"@type\":\"ImageObject\",\"inLanguage\":\"en-US\",\"@id\":\"https:\\\/\\\/sipar.org\\\/#\\\/schema\\\/logo\\\/image\\\/\",\"url\":\"https:\\\/\\\/sipar.org\\\/wp-content\\\/uploads\\\/LOGO-FINAL-SIPAR.jpg\",\"contentUrl\":\"https:\\\/\\\/sipar.org\\\/wp-content\\\/uploads\\\/LOGO-FINAL-SIPAR.jpg\",\"width\":2362,\"height\":2362,\"caption\":\"Sipar\"},\"image\":{\"@id\":\"https:\\\/\\\/sipar.org\\\/#\\\/schema\\\/logo\\\/image\\\/\"},\"sameAs\":[\"https:\\\/\\\/facebook.com\\\/siparfrance\",\"https:\\\/\\\/instagram.com\\\/siparfrance\",\"https:\\\/\\\/www.linkedin.com\\\/company\\\/sipar-cambodia\",\"https:\\\/\\\/www.youtube.com\\\/channel\\\/UCjYqDfhBs1Q9rpXcPwTTbPg\"]}]}<\/script>\n<!-- \/ Yoast SEO plugin. -->","yoast_head_json":{"title":"Gouvernance et \u00e9quipes - Sipar","description":"L'\u00e9quipe salari\u00e9e Sipar au Cambodge est 100% locale. En France, le conseil d'administration est compos\u00e9 de 12 personnes.","robots":{"index":"index","follow":"follow","max-snippet":"max-snippet:-1","max-image-preview":"max-image-preview:large","max-video-preview":"max-video-preview:-1"},"canonical":"https:\/\/sipar.org\/en\/association-cambodge-sipar\/decouvrir-sipar\/gouvernance-et-equipes\/","og_locale":"en_US","og_type":"article","og_title":"Gouvernance et \u00e9quipes - Sipar","og_description":"L'\u00e9quipe salari\u00e9e Sipar au Cambodge est 100% locale. En France, le conseil d'administration est compos\u00e9 de 12 personnes.","og_url":"https:\/\/sipar.org\/en\/association-cambodge-sipar\/decouvrir-sipar\/gouvernance-et-equipes\/","og_site_name":"Sipar","article_publisher":"https:\/\/facebook.com\/siparfrance","article_modified_time":"2026-02-04T10:14:44+00:00","og_image":[{"width":1000,"height":506,"url":"https:\/\/sipar.org\/wp-content\/uploads\/equipe-sipar-cambodia-1-1.jpg","type":"image\/jpeg"}],"twitter_card":"summary_large_image","twitter_misc":{"Est. reading time":"2 minutes"},"schema":{"@context":"https:\/\/schema.org","@graph":[{"@type":"WebPage","@id":"https:\/\/sipar.org\/association-cambodge-sipar\/decouvrir-sipar\/gouvernance-et-equipes\/","url":"https:\/\/sipar.org\/association-cambodge-sipar\/decouvrir-sipar\/gouvernance-et-equipes\/","name":"Gouvernance et \u00e9quipes - Sipar","isPartOf":{"@id":"https:\/\/sipar.org\/#website"},"primaryImageOfPage":{"@id":"https:\/\/sipar.org\/association-cambodge-sipar\/decouvrir-sipar\/gouvernance-et-equipes\/#primaryimage"},"image":{"@id":"https:\/\/sipar.org\/association-cambodge-sipar\/decouvrir-sipar\/gouvernance-et-equipes\/#primaryimage"},"thumbnailUrl":"https:\/\/sipar.org\/wp-content\/uploads\/equipe-sipar-cambodia-1-1.jpg","datePublished":"2022-11-07T08:13:39+00:00","dateModified":"2026-02-04T10:14:44+00:00","description":"L'\u00e9quipe salari\u00e9e Sipar au Cambodge est 100% locale. En France, le conseil d'administration est compos\u00e9 de 12 personnes.","breadcrumb":{"@id":"https:\/\/sipar.org\/association-cambodge-sipar\/decouvrir-sipar\/gouvernance-et-equipes\/#breadcrumb"},"inLanguage":"en-US","potentialAction":[{"@type":"ReadAction","target":["https:\/\/sipar.org\/association-cambodge-sipar\/decouvrir-sipar\/gouvernance-et-equipes\/"]}]},{"@type":"ImageObject","inLanguage":"en-US","@id":"https:\/\/sipar.org\/association-cambodge-sipar\/decouvrir-sipar\/gouvernance-et-equipes\/#primaryimage","url":"https:\/\/sipar.org\/wp-content\/uploads\/equipe-sipar-cambodia-1-1.jpg","contentUrl":"https:\/\/sipar.org\/wp-content\/uploads\/equipe-sipar-cambodia-1-1.jpg","width":1000,"height":506,"caption":"\u00e9quipe sipar cambodia"},{"@type":"BreadcrumbList","@id":"https:\/\/sipar.org\/association-cambodge-sipar\/decouvrir-sipar\/gouvernance-et-equipes\/#breadcrumb","itemListElement":[{"@type":"ListItem","position":1,"name":"Accueil","item":"https:\/\/sipar.org\/"},{"@type":"ListItem","position":2,"name":"Accueil","item":"https:\/\/sipar.org\/"},{"@type":"ListItem","position":3,"name":"D\u00e9couvrir Sipar","item":"https:\/\/sipar.org\/association-cambodge-sipar\/decouvrir-sipar\/"},{"@type":"ListItem","position":4,"name":"Gouvernance et \u00e9quipes"}]},{"@type":"WebSite","@id":"https:\/\/sipar.org\/#website","url":"https:\/\/sipar.org\/","name":"Sipar","description":"Lire et s&#039;instruire pour construire l&#039;avenir","publisher":{"@id":"https:\/\/sipar.org\/#organization"},"potentialAction":[{"@type":"SearchAction","target":{"@type":"EntryPoint","urlTemplate":"https:\/\/sipar.org\/?s={search_term_string}"},"query-input":{"@type":"PropertyValueSpecification","valueRequired":true,"valueName":"search_term_string"}}],"inLanguage":"en-US"},{"@type":"Organization","@id":"https:\/\/sipar.org\/#organization","name":"Sipar","url":"https:\/\/sipar.org\/","logo":{"@type":"ImageObject","inLanguage":"en-US","@id":"https:\/\/sipar.org\/#\/schema\/logo\/image\/","url":"https:\/\/sipar.org\/wp-content\/uploads\/LOGO-FINAL-SIPAR.jpg","contentUrl":"https:\/\/sipar.org\/wp-content\/uploads\/LOGO-FINAL-SIPAR.jpg","width":2362,"height":2362,"caption":"Sipar"},"image":{"@id":"https:\/\/sipar.org\/#\/schema\/logo\/image\/"},"sameAs":["https:\/\/facebook.com\/siparfrance","https:\/\/instagram.com\/siparfrance","https:\/\/www.linkedin.com\/company\/sipar-cambodia","https:\/\/www.youtube.com\/channel\/UCjYqDfhBs1Q9rpXcPwTTbPg"]}]}},"_links":{"self":[{"href":"https:\/\/sipar.org\/en\/wp-json\/wp\/v2\/pages\/23","targetHints":{"allow":["GET"]}}],"collection":[{"href":"https:\/\/sipar.org\/en\/wp-json\/wp\/v2\/pages"}],"about":[{"href":"https:\/\/sipar.org\/en\/wp-json\/wp\/v2\/types\/page"}],"author":[{"embeddable":true,"href":"https:\/\/sipar.org\/en\/wp-json\/wp\/v2\/users\/1"}],"replies":[{"embeddable":true,"href":"https:\/\/sipar.org\/en\/wp-json\/wp\/v2\/comments?post=23"}],"version-history":[{"count":21,"href":"https:\/\/sipar.org\/en\/wp-json\/wp\/v2\/pages\/23\/revisions"}],"predecessor-version":[{"id":2670,"href":"https:\/\/sipar.org\/en\/wp-json\/wp\/v2\/pages\/23\/revisions\/2670"}],"up":[{"embeddable":true,"href":"https:\/\/sipar.org\/en\/wp-json\/wp\/v2\/pages\/15"}],"wp:featuredmedia":[{"embeddable":true,"href":"https:\/\/sipar.org\/en\/wp-json\/wp\/v2\/media\/408"}],"wp:attachment":[{"href":"https:\/\/sipar.org\/en\/wp-json\/wp\/v2\/media?parent=23"}],"curies":[{"name":"wp","href":"https:\/\/api.w.org\/{rel}","templated":true}]}}