{"id":21,"date":"2022-11-07T09:13:17","date_gmt":"2022-11-07T08:13:17","guid":{"rendered":"http:\/\/sipar.org\/?page_id=21"},"modified":"2026-01-20T10:53:58","modified_gmt":"2026-01-20T09:53:58","slug":"transparence-financiere","status":"publish","type":"page","link":"https:\/\/sipar.org\/en\/association-cambodge-sipar\/decouvrir-sipar\/transparence-financiere\/","title":{"rendered":"Financial transparency"},"content":{"rendered":"<section class=\"section\" id=\"section_313295915\">\n\t\t<div class=\"section-bg fill\" >\n\t\t\t\t\t\t\t\t\t\n\t\t\t\n\t<div class=\"is-border\"\n\t\tstyle=\"border-width:0px 0px 0px 0px;\">\n\t<\/div>\n\n\t\t<\/div>\n\n\t\t\n\n\t\t<div class=\"section-content relative\">\n\t\t\t\n\n<div class=\"row\"  id=\"row-1035239827\">\n\n\n\t<div id=\"col-365717813\" class=\"col small-12 large-12\"  >\n\t\t\t\t<div class=\"col-inner text-center\"  >\n\t\t\t\n\t\t\t\n\n\t<div id=\"text-2475308188\" class=\"text\">\n\t\t\n\n<h1 class=\"uppercase\" style=\"text-align: center;\">financial transparency<\/h1>\n\t\t\n<style>\n#text-2475308188 {\n  font-size: 1.35rem;\n}\n<\/style>\n\t<\/div>\n\t\n\n\t\t<\/div>\n\t\t\t\t\n<style>\n#col-365717813 > .col-inner {\n  padding: 0px 0px 0px 0px;\n  margin: 0px 0px -40px 0px;\n}\n<\/style>\n\t<\/div>\n\n\t\n\n<\/div>\n\n\t\t<\/div>\n\n\t\t\n<style>\n#section_313295915 {\n  padding-top: 5px;\n  padding-bottom: 5px;\n}\n<\/style>\n\t<\/section>\n\t\n\n\t<section class=\"section\" id=\"section_1855360269\">\n\t\t<div class=\"section-bg fill\" >\n\t\t\t\t\t\t\t\t\t\n\t\t\t\n\n\t\t<\/div>\n\n\t\t\n\n\t\t<div class=\"section-content relative\">\n\t\t\t\n\n<div class=\"row row-solid\"  id=\"row-713231275\">\n\n\n\t<div id=\"col-406933234\" class=\"col medium-4 small-12 large-4\"  >\n\t\t\t\t<div class=\"col-inner\"  >\n\t\t\t\n\t\t\t\n\n\n\t\t<div class=\"icon-box featured-box icon-box-center text-center\"  >\n\t\t\t\t\t<div class=\"icon-box-img\" style=\"width: 50px\">\n\t\t\t\t<div class=\"icon\">\n\t\t\t\t\t<div class=\"icon-inner\" >\n\t\t\t\t\t\t<img loading=\"lazy\" decoding=\"async\" width=\"300\" height=\"300\" src=\"https:\/\/sipar.org\/wp-content\/uploads\/don-sipar-terrain-cambodge-300x300.png\" class=\"attachment-medium size-medium\" alt=\"91% des dons au Cambodge\" srcset=\"https:\/\/sipar.org\/wp-content\/uploads\/don-sipar-terrain-cambodge-300x300.png 300w, https:\/\/sipar.org\/wp-content\/uploads\/don-sipar-terrain-cambodge-150x150.png 150w, https:\/\/sipar.org\/wp-content\/uploads\/don-sipar-terrain-cambodge-12x12.png 12w, https:\/\/sipar.org\/wp-content\/uploads\/don-sipar-terrain-cambodge.png 512w\" sizes=\"auto, (max-width: 300px) 100vw, 300px\" \/>\t\t\t\t\t<\/div>\n\t\t\t\t<\/div>\n\t\t\t<\/div>\n\t\t\t\t<div class=\"icon-box-text last-reset\">\n\t\t\t\t\t\t\t\t\t\n\n<p>We reallocate <strong>90% of your donations<\/strong> for our actions on the field in Cambodia<\/p>\n\n\t\t<\/div>\n\t<\/div>\n\t\n\t\n\n\t\t<\/div>\n\t\t\t\t\t<\/div>\n\n\t\n\n\t<div id=\"col-77037979\" class=\"col medium-4 small-12 large-4\"  >\n\t\t\t\t<div class=\"col-inner\"  >\n\t\t\t\n\t\t\t\n\n\n\t\t<div class=\"icon-box featured-box icon-box-center text-center\"  >\n\t\t\t\t\t<div class=\"icon-box-img\" style=\"width: 50px\">\n\t\t\t\t<div class=\"icon\">\n\t\t\t\t\t<div class=\"icon-inner\" >\n\t\t\t\t\t\t<img loading=\"lazy\" decoding=\"async\" width=\"128\" height=\"128\" src=\"https:\/\/sipar.org\/wp-content\/uploads\/transparence-financiere-sipar.png\" class=\"attachment-medium size-medium\" alt=\"Transparence financi\u00e8re Sipar\" \/>\t\t\t\t\t<\/div>\n\t\t\t\t<\/div>\n\t\t\t<\/div>\n\t\t\t\t<div class=\"icon-box-text last-reset\">\n\t\t\t\t\t\t\t\t\t\n\n<p>The accounts of the association are audited by the Board of Directors, certified by the Statutory Auditor and approved at the General Assembly. All the results are published each year on this site.<\/p>\n\n\t\t<\/div>\n\t<\/div>\n\t\n\t\n\n\t\t<\/div>\n\t\t\t\t\t<\/div>\n\n\t\n\n\t<div id=\"col-112556776\" class=\"col medium-4 small-12 large-4\"  >\n\t\t\t\t<div class=\"col-inner\"  >\n\t\t\t\n\t\t\t\n\n\n\t\t<div class=\"icon-box featured-box icon-box-center text-center\"  >\n\t\t\t\t\t<div class=\"icon-box-img\" style=\"width: 50px\">\n\t\t\t\t<div class=\"icon\">\n\t\t\t\t\t<div class=\"icon-inner\" >\n\t\t\t\t\t\t<img loading=\"lazy\" decoding=\"async\" width=\"128\" height=\"128\" src=\"https:\/\/sipar.org\/wp-content\/uploads\/annual-report-sipar.png\" class=\"attachment-medium size-medium\" alt=\"rapport annuel sipar\" \/>\t\t\t\t\t<\/div>\n\t\t\t\t<\/div>\n\t\t\t<\/div>\n\t\t\t\t<div class=\"icon-box-text last-reset\">\n\t\t\t\t\t\t\t\t\t\n\n<p>To get to know more, you can download our 2024 annual report<\/p>\n\t<div id=\"gap-548325076\" class=\"gap-element clearfix\" style=\"display:block; height:auto;\">\n\t\t\n<style>\n#gap-548325076 {\n  padding-top: 30px;\n}\n<\/style>\n\t<\/div>\n\t\n\n<a href=\"https:\/\/sipar.org\/wp-content\/uploads\/Annual-Report-2024-FR.pdf\" target=\"_blank\" class=\"button primary is-underline\" rel=\"noopener\"  >\n\t\t<span>download<\/span>\n\t<\/a>\n\n\n\n\t\t<\/div>\n\t<\/div>\n\t\n\t\n\n\t\t<\/div>\n\t\t\t\t\t<\/div>\n\n\t\n\n\n<style>\n#row-713231275 > .col > .col-inner {\n  padding: 20px 20px 20px 20px;\n}\n<\/style>\n<\/div>\n\n\t\t<\/div>\n\n\t\t\n<style>\n#section_1855360269 {\n  padding-top: 30px;\n  padding-bottom: 30px;\n}\n<\/style>\n\t<\/section>\n\t\n\t<div id=\"gap-1143496435\" class=\"gap-element clearfix\" style=\"display:block; height:auto;\">\n\t\t\n<style>\n#gap-1143496435 {\n  padding-top: 40px;\n}\n<\/style>\n\t<\/div>\n\t\n\n\n\t<section class=\"section\" id=\"section_329842278\">\n\t\t<div class=\"section-bg fill\" >\n\t\t\t\t\t\t\t\t\t\n\t\t\t\n\n\t\t<\/div>\n\n\t\t\n\n\t\t<div class=\"section-content relative\">\n\t\t\t\n\n<div class=\"row row-collapse row-full-width align-middle\"  id=\"row-581572631\">\n\n\n\t<div id=\"col-2029183439\" class=\"col medium-6 small-12 large-6\"  >\n\t\t\t\t<div class=\"col-inner\"  >\n\t\t\t\n\t\t\t\n\n\t<div class=\"img has-hover x md-x lg-x y md-y lg-y\" id=\"image_1158440152\">\n\t\t\t\t\t\t\t\t<div class=\"img-inner dark\" >\n\t\t\t<img loading=\"lazy\" decoding=\"async\" width=\"489\" height=\"181\" src=\"https:\/\/sipar.org\/wp-content\/uploads\/sipar-label-ideas.png\" class=\"attachment-large size-large\" alt=\"Sipar obtient le label IDEAS\" srcset=\"https:\/\/sipar.org\/wp-content\/uploads\/sipar-label-ideas.png 489w, https:\/\/sipar.org\/wp-content\/uploads\/sipar-label-ideas-300x111.png 300w, https:\/\/sipar.org\/wp-content\/uploads\/sipar-label-ideas-18x7.png 18w\" sizes=\"auto, (max-width: 489px) 100vw, 489px\" \/>\t\t\t\t\t\t\n\t\t\t\t\t<\/div>\n\t\t\t\t\t\t\t\t\n<style>\n#image_1158440152 {\n  width: 100%;\n}\n<\/style>\n\t<\/div>\n\t\n\n\t<div id=\"gap-347426617\" class=\"gap-element clearfix\" style=\"display:block; height:auto;\">\n\t\t\n<style>\n#gap-347426617 {\n  padding-top: 40px;\n}\n<\/style>\n\t<\/div>\n\t\n\n\n\t\t<\/div>\n\t\t\t\t\t<\/div>\n\n\t\n\n\t<div id=\"col-927743833\" class=\"col medium-6 small-12 large-6\"  >\n\t\t\t\t<div class=\"col-inner\"  >\n\t\t\t\n\t\t\t\n\n<p>Since 2023, Sipar is labeled IDEAS. <a href=\"https:\/\/ideas.asso.fr\/le-label\/\" target=\"_blank\" rel=\"noopener\">The label<\/a> attests to good practices in the field of governance, finance, and evaluation.<\/p>\n<a href=\"https:\/\/sipar.org\/en\/sipar-obtient-le-label-ideas\/\" class=\"button primary is-underline\"  >\n\t\t<span>Read our article<\/span>\n\t<\/a>\n\n\n\n\t\t<\/div>\n\t\t\t\t\n<style>\n#col-927743833 > .col-inner {\n  padding: 5% 5% 5% 5%;\n  max-width: 520px;\n}\n<\/style>\n\t<\/div>\n\n\t\n\n<\/div>\n\n\t\t<\/div>\n\n\t\t\n<style>\n#section_329842278 {\n  padding-top: 30px;\n  padding-bottom: 30px;\n  background-color: rgb(255, 255, 255);\n}\n<\/style>\n\t<\/section>\n\t\n\n\t<section class=\"section\" id=\"section_421224665\">\n\t\t<div class=\"section-bg fill\" >\n\t\t\t\t\t\t\t\t\t\n\t\t\t\n\n\t\t<\/div>\n\n\t\t\n\n\t\t<div class=\"section-content relative\">\n\t\t\t\n\n\t<div id=\"text-1224417792\" class=\"text\">\n\t\t\n\n<h2>2024 activities<\/h2>\n\t\t\n<style>\n#text-1224417792 {\n  font-size: 1.3rem;\n}\n<\/style>\n\t<\/div>\n\t\n\t<div id=\"gap-1679520996\" class=\"gap-element clearfix\" style=\"display:block; height:auto;\">\n\t\t\n<style>\n#gap-1679520996 {\n  padding-top: 30px;\n}\n<\/style>\n\t<\/div>\n\t\n\n<div class=\"row\"  id=\"row-515219093\">\n\n\n\t<div id=\"col-1683884737\" class=\"col medium-6 small-12 large-6\"  >\n\t\t\t\t<div class=\"col-inner\"  >\n\t\t\t\n\t\t\t\n\n\t<div id=\"text-2879164569\" class=\"text\">\n\t\t\n\n<p><strong>Breakdown of expenditure by program in 2024<\/strong><\/p>\n\t\t\n<style>\n#text-2879164569 {\n  font-size: 0.9rem;\n  text-align: center;\n  color: rgb(0,0,0);\n}\n#text-2879164569 > * {\n  color: rgb(0,0,0);\n}\n<\/style>\n\t<\/div>\n\t\n<div class=\"text-center\"><div class=\"is-divider divider clearfix\" style=\"max-width:200px;background-color:rgb(84, 84, 84);\"><\/div><\/div>\n\n\t<div class=\"img has-hover x md-x lg-x y md-y lg-y\" id=\"image_605973204\">\n\t\t\t\t\t\t\t\t<div class=\"img-inner dark\" >\n\t\t\t<img loading=\"lazy\" decoding=\"async\" width=\"496\" height=\"365\" src=\"https:\/\/sipar.org\/wp-content\/uploads\/repartition-depenses-programme-.png\" class=\"attachment-large size-large\" alt=\"R\u00e9partition des d\u00e9penses par programme\" srcset=\"https:\/\/sipar.org\/wp-content\/uploads\/repartition-depenses-programme-.png 496w, https:\/\/sipar.org\/wp-content\/uploads\/repartition-depenses-programme--300x221.png 300w, https:\/\/sipar.org\/wp-content\/uploads\/repartition-depenses-programme--16x12.png 16w\" sizes=\"auto, (max-width: 496px) 100vw, 496px\" \/>\t\t\t\t\t\t\n\t\t\t\t\t<\/div>\n\t\t\t\t\t\t\t\t\n<style>\n#image_605973204 {\n  width: 100%;\n}\n<\/style>\n\t<\/div>\n\t\n\n\n\t\t<\/div>\n\t\t\t\t\t<\/div>\n\n\t\n\n\t<div id=\"col-2120695092\" class=\"col medium-6 small-12 large-6\"  >\n\t\t\t\t<div class=\"col-inner\"  >\n\t\t\t\n\t\t\t\n\n\t<div id=\"text-1507328262\" class=\"text\">\n\t\t\n\n<p><strong>Breakdown of resources by nature in 2024<\/strong><\/p>\n\t\t\n<style>\n#text-1507328262 {\n  font-size: 0.9rem;\n  text-align: center;\n  color: rgb(0,0,0);\n}\n#text-1507328262 > * {\n  color: rgb(0,0,0);\n}\n<\/style>\n\t<\/div>\n\t\n<div class=\"text-center\"><div class=\"is-divider divider clearfix\" style=\"max-width:200px;background-color:rgb(84, 84, 84);\"><\/div><\/div>\n\n\t<div id=\"gap-2059671865\" class=\"gap-element clearfix\" style=\"display:block; height:auto;\">\n\t\t\n<style>\n#gap-2059671865 {\n  padding-top: 30px;\n}\n<\/style>\n\t<\/div>\n\t\n\n\t<div class=\"img has-hover x md-x lg-x y md-y lg-y\" id=\"image_2043075721\">\n\t\t\t\t\t\t\t\t<div class=\"img-inner dark\" >\n\t\t\t<img loading=\"lazy\" decoding=\"async\" width=\"1020\" height=\"624\" src=\"https:\/\/sipar.org\/wp-content\/uploads\/ressources-sipar-2023.png\" class=\"attachment-large size-large\" alt=\"Camembert ressources Sipar 2023\" srcset=\"https:\/\/sipar.org\/wp-content\/uploads\/ressources-sipar-2023.png 1102w, https:\/\/sipar.org\/wp-content\/uploads\/ressources-sipar-2023-300x201.png 300w, https:\/\/sipar.org\/wp-content\/uploads\/ressources-sipar-2023-1024x685.png 1024w, https:\/\/sipar.org\/wp-content\/uploads\/ressources-sipar-2023-768x514.png 768w, https:\/\/sipar.org\/wp-content\/uploads\/ressources-sipar-2023-18x12.png 18w\" sizes=\"auto, (max-width: 1020px) 100vw, 1020px\" \/>\t\t\t\t\t\t\n\t\t\t\t\t<\/div>\n\t\t\t\t\t\t\t\t\n<style>\n#image_2043075721 {\n  width: 100%;\n}\n<\/style>\n\t<\/div>\n\t\n\n\n\t\t<\/div>\n\t\t\t\t\t<\/div>\n\n\t\n\n<\/div>\n\n\t\t<\/div>\n\n\t\t\n<style>\n#section_421224665 {\n  padding-top: 30px;\n  padding-bottom: 30px;\n  background-color: rgb(255, 255, 255);\n}\n<\/style>\n\t<\/section>\n\t\n\n\t<section class=\"section\" id=\"section_1283638962\">\n\t\t<div class=\"section-bg fill\" >\n\t\t\t\t\t\t\t\t\t\n\t\t\t\n\n\t\t<\/div>\n\n\t\t\n\n\t\t<div class=\"section-content relative\">\n\t\t\t\n\n<div class=\"row\"  id=\"row-1300258421\">\n\n\n\t<div id=\"col-1387172320\" class=\"col small-12 large-12\"  >\n\t\t\t\t<div class=\"col-inner\"  >\n\t\t\t\n\t\t\t\n\n\t<div id=\"text-250269894\" class=\"text\">\n\t\t\n\n<h2>For more information<\/h2>\n\t\t\n<style>\n#text-250269894 {\n  font-size: 1.3rem;\n}\n<\/style>\n\t<\/div>\n\t\n<p><strong>2024 information (in French)<\/strong><\/p>\n<ul>\n<li><a href=\"https:\/\/sipar.org\/wp-content\/uploads\/convocation-ag-2025.pdf\">Convocation Assembl\u00e9e G\u00e9n\u00e9rale 2025<\/a><\/li>\n<li><a href=\"https:\/\/sipar.org\/wp-content\/uploads\/rapport-moral-2025.pdf\">Rapport moral 2024<\/a><\/li>\n<li><a href=\"https:\/\/sipar.org\/wp-content\/uploads\/rapport-activite-resume-2024.pdf\">Rapport d&rsquo;activit\u00e9 r\u00e9sum\u00e9 2024<\/a><\/li>\n<li><a href=\"https:\/\/sipar.org\/wp-content\/uploads\/rapport-financier-2024.pdf\">Rapport financier 2024<\/a><\/li>\n<li><a href=\"https:\/\/sipar.org\/wp-content\/uploads\/rapport-CAC-2024-sipar.pdf\">Rapport du commissaire aux comptes 2024<\/a><\/li>\n<li><a href=\"https:\/\/sipar.org\/wp-content\/uploads\/PV-AG-2025.pdf\">PV AG 2025<\/a><\/li>\n<\/ul>\n\n\t\t<\/div>\n\t\t\t\t\t<\/div>\n\n\t\n\n<\/div>\n\n\t\t<\/div>\n\n\t\t\n<style>\n#section_1283638962 {\n  padding-top: 30px;\n  padding-bottom: 30px;\n}\n<\/style>\n\t<\/section>","protected":false},"excerpt":{"rendered":"","protected":false},"author":1,"featured_media":266,"parent":15,"menu_order":0,"comment_status":"closed","ping_status":"closed","template":"","meta":{"footnotes":""},"class_list":["post-21","page","type-page","status-publish","has-post-thumbnail","hentry"],"yoast_head":"<!-- This site is optimized with the Yoast SEO plugin v27.3 - https:\/\/yoast.com\/product\/yoast-seo-wordpress\/ -->\n<title>Transparence financi\u00e8re - Sipar<\/title>\n<meta name=\"description\" content=\"La transparence financi\u00e8re est au c\u0153ur des engagements de Sipar. Nous reversons 91% de vos dons sur le terrain.\" \/>\n<meta name=\"robots\" content=\"index, follow, max-snippet:-1, max-image-preview:large, max-video-preview:-1\" \/>\n<link rel=\"canonical\" href=\"https:\/\/sipar.org\/en\/association-cambodge-sipar\/decouvrir-sipar\/transparence-financiere\/\" \/>\n<meta property=\"og:locale\" content=\"en_US\" \/>\n<meta property=\"og:type\" content=\"article\" \/>\n<meta property=\"og:title\" content=\"Transparence financi\u00e8re - Sipar\" \/>\n<meta property=\"og:description\" content=\"La transparence financi\u00e8re est au c\u0153ur des engagements de Sipar. Nous reversons 91% de vos dons sur le terrain.\" \/>\n<meta property=\"og:url\" content=\"https:\/\/sipar.org\/en\/association-cambodge-sipar\/decouvrir-sipar\/transparence-financiere\/\" \/>\n<meta property=\"og:site_name\" content=\"Sipar\" \/>\n<meta property=\"article:publisher\" content=\"https:\/\/facebook.com\/siparfrance\" \/>\n<meta property=\"article:modified_time\" content=\"2026-01-20T09:53:58+00:00\" \/>\n<meta property=\"og:image\" content=\"https:\/\/sipar.org\/wp-content\/uploads\/icone-transparence.png\" \/>\n\t<meta property=\"og:image:width\" content=\"512\" \/>\n\t<meta property=\"og:image:height\" content=\"512\" \/>\n\t<meta property=\"og:image:type\" content=\"image\/png\" \/>\n<meta name=\"twitter:card\" content=\"summary_large_image\" \/>\n<meta name=\"twitter:label1\" content=\"Est. reading time\" \/>\n\t<meta name=\"twitter:data1\" content=\"2 minutes\" \/>\n<script type=\"application\/ld+json\" class=\"yoast-schema-graph\">{\"@context\":\"https:\\\/\\\/schema.org\",\"@graph\":[{\"@type\":\"WebPage\",\"@id\":\"https:\\\/\\\/sipar.org\\\/association-cambodge-sipar\\\/decouvrir-sipar\\\/transparence-financiere\\\/\",\"url\":\"https:\\\/\\\/sipar.org\\\/association-cambodge-sipar\\\/decouvrir-sipar\\\/transparence-financiere\\\/\",\"name\":\"Transparence financi\u00e8re - Sipar\",\"isPartOf\":{\"@id\":\"https:\\\/\\\/sipar.org\\\/#website\"},\"primaryImageOfPage\":{\"@id\":\"https:\\\/\\\/sipar.org\\\/association-cambodge-sipar\\\/decouvrir-sipar\\\/transparence-financiere\\\/#primaryimage\"},\"image\":{\"@id\":\"https:\\\/\\\/sipar.org\\\/association-cambodge-sipar\\\/decouvrir-sipar\\\/transparence-financiere\\\/#primaryimage\"},\"thumbnailUrl\":\"https:\\\/\\\/sipar.org\\\/wp-content\\\/uploads\\\/icone-transparence.png\",\"datePublished\":\"2022-11-07T08:13:17+00:00\",\"dateModified\":\"2026-01-20T09:53:58+00:00\",\"description\":\"La transparence financi\u00e8re est au c\u0153ur des engagements de Sipar. Nous reversons 91% de vos dons sur le terrain.\",\"breadcrumb\":{\"@id\":\"https:\\\/\\\/sipar.org\\\/association-cambodge-sipar\\\/decouvrir-sipar\\\/transparence-financiere\\\/#breadcrumb\"},\"inLanguage\":\"en-US\",\"potentialAction\":[{\"@type\":\"ReadAction\",\"target\":[\"https:\\\/\\\/sipar.org\\\/association-cambodge-sipar\\\/decouvrir-sipar\\\/transparence-financiere\\\/\"]}]},{\"@type\":\"ImageObject\",\"inLanguage\":\"en-US\",\"@id\":\"https:\\\/\\\/sipar.org\\\/association-cambodge-sipar\\\/decouvrir-sipar\\\/transparence-financiere\\\/#primaryimage\",\"url\":\"https:\\\/\\\/sipar.org\\\/wp-content\\\/uploads\\\/icone-transparence.png\",\"contentUrl\":\"https:\\\/\\\/sipar.org\\\/wp-content\\\/uploads\\\/icone-transparence.png\",\"width\":512,\"height\":512,\"caption\":\"transparence\"},{\"@type\":\"BreadcrumbList\",\"@id\":\"https:\\\/\\\/sipar.org\\\/association-cambodge-sipar\\\/decouvrir-sipar\\\/transparence-financiere\\\/#breadcrumb\",\"itemListElement\":[{\"@type\":\"ListItem\",\"position\":1,\"name\":\"Accueil\",\"item\":\"https:\\\/\\\/sipar.org\\\/\"},{\"@type\":\"ListItem\",\"position\":2,\"name\":\"Accueil\",\"item\":\"https:\\\/\\\/sipar.org\\\/\"},{\"@type\":\"ListItem\",\"position\":3,\"name\":\"D\u00e9couvrir Sipar\",\"item\":\"https:\\\/\\\/sipar.org\\\/association-cambodge-sipar\\\/decouvrir-sipar\\\/\"},{\"@type\":\"ListItem\",\"position\":4,\"name\":\"Transparence financi\u00e8re\"}]},{\"@type\":\"WebSite\",\"@id\":\"https:\\\/\\\/sipar.org\\\/#website\",\"url\":\"https:\\\/\\\/sipar.org\\\/\",\"name\":\"Sipar\",\"description\":\"Lire et s&#039;instruire pour construire l&#039;avenir\",\"publisher\":{\"@id\":\"https:\\\/\\\/sipar.org\\\/#organization\"},\"potentialAction\":[{\"@type\":\"SearchAction\",\"target\":{\"@type\":\"EntryPoint\",\"urlTemplate\":\"https:\\\/\\\/sipar.org\\\/?s={search_term_string}\"},\"query-input\":{\"@type\":\"PropertyValueSpecification\",\"valueRequired\":true,\"valueName\":\"search_term_string\"}}],\"inLanguage\":\"en-US\"},{\"@type\":\"Organization\",\"@id\":\"https:\\\/\\\/sipar.org\\\/#organization\",\"name\":\"Sipar\",\"url\":\"https:\\\/\\\/sipar.org\\\/\",\"logo\":{\"@type\":\"ImageObject\",\"inLanguage\":\"en-US\",\"@id\":\"https:\\\/\\\/sipar.org\\\/#\\\/schema\\\/logo\\\/image\\\/\",\"url\":\"https:\\\/\\\/sipar.org\\\/wp-content\\\/uploads\\\/LOGO-FINAL-SIPAR.jpg\",\"contentUrl\":\"https:\\\/\\\/sipar.org\\\/wp-content\\\/uploads\\\/LOGO-FINAL-SIPAR.jpg\",\"width\":2362,\"height\":2362,\"caption\":\"Sipar\"},\"image\":{\"@id\":\"https:\\\/\\\/sipar.org\\\/#\\\/schema\\\/logo\\\/image\\\/\"},\"sameAs\":[\"https:\\\/\\\/facebook.com\\\/siparfrance\",\"https:\\\/\\\/instagram.com\\\/siparfrance\",\"https:\\\/\\\/www.linkedin.com\\\/company\\\/sipar-cambodia\",\"https:\\\/\\\/www.youtube.com\\\/channel\\\/UCjYqDfhBs1Q9rpXcPwTTbPg\"]}]}<\/script>\n<!-- \/ Yoast SEO plugin. -->","yoast_head_json":{"title":"Transparence financi\u00e8re - Sipar","description":"La transparence financi\u00e8re est au c\u0153ur des engagements de Sipar. Nous reversons 91% de vos dons sur le terrain.","robots":{"index":"index","follow":"follow","max-snippet":"max-snippet:-1","max-image-preview":"max-image-preview:large","max-video-preview":"max-video-preview:-1"},"canonical":"https:\/\/sipar.org\/en\/association-cambodge-sipar\/decouvrir-sipar\/transparence-financiere\/","og_locale":"en_US","og_type":"article","og_title":"Transparence financi\u00e8re - Sipar","og_description":"La transparence financi\u00e8re est au c\u0153ur des engagements de Sipar. Nous reversons 91% de vos dons sur le terrain.","og_url":"https:\/\/sipar.org\/en\/association-cambodge-sipar\/decouvrir-sipar\/transparence-financiere\/","og_site_name":"Sipar","article_publisher":"https:\/\/facebook.com\/siparfrance","article_modified_time":"2026-01-20T09:53:58+00:00","og_image":[{"width":512,"height":512,"url":"https:\/\/sipar.org\/wp-content\/uploads\/icone-transparence.png","type":"image\/png"}],"twitter_card":"summary_large_image","twitter_misc":{"Est. reading time":"2 minutes"},"schema":{"@context":"https:\/\/schema.org","@graph":[{"@type":"WebPage","@id":"https:\/\/sipar.org\/association-cambodge-sipar\/decouvrir-sipar\/transparence-financiere\/","url":"https:\/\/sipar.org\/association-cambodge-sipar\/decouvrir-sipar\/transparence-financiere\/","name":"Transparence financi\u00e8re - Sipar","isPartOf":{"@id":"https:\/\/sipar.org\/#website"},"primaryImageOfPage":{"@id":"https:\/\/sipar.org\/association-cambodge-sipar\/decouvrir-sipar\/transparence-financiere\/#primaryimage"},"image":{"@id":"https:\/\/sipar.org\/association-cambodge-sipar\/decouvrir-sipar\/transparence-financiere\/#primaryimage"},"thumbnailUrl":"https:\/\/sipar.org\/wp-content\/uploads\/icone-transparence.png","datePublished":"2022-11-07T08:13:17+00:00","dateModified":"2026-01-20T09:53:58+00:00","description":"La transparence financi\u00e8re est au c\u0153ur des engagements de Sipar. Nous reversons 91% de vos dons sur le terrain.","breadcrumb":{"@id":"https:\/\/sipar.org\/association-cambodge-sipar\/decouvrir-sipar\/transparence-financiere\/#breadcrumb"},"inLanguage":"en-US","potentialAction":[{"@type":"ReadAction","target":["https:\/\/sipar.org\/association-cambodge-sipar\/decouvrir-sipar\/transparence-financiere\/"]}]},{"@type":"ImageObject","inLanguage":"en-US","@id":"https:\/\/sipar.org\/association-cambodge-sipar\/decouvrir-sipar\/transparence-financiere\/#primaryimage","url":"https:\/\/sipar.org\/wp-content\/uploads\/icone-transparence.png","contentUrl":"https:\/\/sipar.org\/wp-content\/uploads\/icone-transparence.png","width":512,"height":512,"caption":"transparence"},{"@type":"BreadcrumbList","@id":"https:\/\/sipar.org\/association-cambodge-sipar\/decouvrir-sipar\/transparence-financiere\/#breadcrumb","itemListElement":[{"@type":"ListItem","position":1,"name":"Accueil","item":"https:\/\/sipar.org\/"},{"@type":"ListItem","position":2,"name":"Accueil","item":"https:\/\/sipar.org\/"},{"@type":"ListItem","position":3,"name":"D\u00e9couvrir Sipar","item":"https:\/\/sipar.org\/association-cambodge-sipar\/decouvrir-sipar\/"},{"@type":"ListItem","position":4,"name":"Transparence financi\u00e8re"}]},{"@type":"WebSite","@id":"https:\/\/sipar.org\/#website","url":"https:\/\/sipar.org\/","name":"Sipar","description":"Lire et s&#039;instruire pour construire l&#039;avenir","publisher":{"@id":"https:\/\/sipar.org\/#organization"},"potentialAction":[{"@type":"SearchAction","target":{"@type":"EntryPoint","urlTemplate":"https:\/\/sipar.org\/?s={search_term_string}"},"query-input":{"@type":"PropertyValueSpecification","valueRequired":true,"valueName":"search_term_string"}}],"inLanguage":"en-US"},{"@type":"Organization","@id":"https:\/\/sipar.org\/#organization","name":"Sipar","url":"https:\/\/sipar.org\/","logo":{"@type":"ImageObject","inLanguage":"en-US","@id":"https:\/\/sipar.org\/#\/schema\/logo\/image\/","url":"https:\/\/sipar.org\/wp-content\/uploads\/LOGO-FINAL-SIPAR.jpg","contentUrl":"https:\/\/sipar.org\/wp-content\/uploads\/LOGO-FINAL-SIPAR.jpg","width":2362,"height":2362,"caption":"Sipar"},"image":{"@id":"https:\/\/sipar.org\/#\/schema\/logo\/image\/"},"sameAs":["https:\/\/facebook.com\/siparfrance","https:\/\/instagram.com\/siparfrance","https:\/\/www.linkedin.com\/company\/sipar-cambodia","https:\/\/www.youtube.com\/channel\/UCjYqDfhBs1Q9rpXcPwTTbPg"]}]}},"_links":{"self":[{"href":"https:\/\/sipar.org\/en\/wp-json\/wp\/v2\/pages\/21","targetHints":{"allow":["GET"]}}],"collection":[{"href":"https:\/\/sipar.org\/en\/wp-json\/wp\/v2\/pages"}],"about":[{"href":"https:\/\/sipar.org\/en\/wp-json\/wp\/v2\/types\/page"}],"author":[{"embeddable":true,"href":"https:\/\/sipar.org\/en\/wp-json\/wp\/v2\/users\/1"}],"replies":[{"embeddable":true,"href":"https:\/\/sipar.org\/en\/wp-json\/wp\/v2\/comments?post=21"}],"version-history":[{"count":85,"href":"https:\/\/sipar.org\/en\/wp-json\/wp\/v2\/pages\/21\/revisions"}],"predecessor-version":[{"id":2588,"href":"https:\/\/sipar.org\/en\/wp-json\/wp\/v2\/pages\/21\/revisions\/2588"}],"up":[{"embeddable":true,"href":"https:\/\/sipar.org\/en\/wp-json\/wp\/v2\/pages\/15"}],"wp:featuredmedia":[{"embeddable":true,"href":"https:\/\/sipar.org\/en\/wp-json\/wp\/v2\/media\/266"}],"wp:attachment":[{"href":"https:\/\/sipar.org\/en\/wp-json\/wp\/v2\/media?parent=21"}],"curies":[{"name":"wp","href":"https:\/\/api.w.org\/{rel}","templated":true}]}}