{"id":2080,"date":"2024-08-13T11:51:23","date_gmt":"2024-08-13T09:51:23","guid":{"rendered":"https:\/\/sipar.org\/?page_id=2080"},"modified":"2026-01-21T14:33:39","modified_gmt":"2026-01-21T13:33:39","slug":"education-dans-les-briqueteries","status":"publish","type":"page","link":"https:\/\/sipar.org\/en\/education-dans-les-briqueteries\/","title":{"rendered":"Education in brick factories"},"content":{"rendered":"<section class=\"section\" id=\"section_957698234\">\n\t\t<div class=\"section-bg fill\" >\n\t\t\t\t\t\t\t\t\t\n\t\t\t\n\t<div class=\"is-border\"\n\t\tstyle=\"border-width:0px 0px 0px 0px;\">\n\t<\/div>\n\n\t\t<\/div>\n\n\t\t\n\n\t\t<div class=\"section-content relative\">\n\t\t\t\n\n<div class=\"row\"  id=\"row-1098570057\">\n\n\n\t<div id=\"col-1112948542\" class=\"col small-12 large-12\"  >\n\t\t\t\t<div class=\"col-inner text-center\"  >\n\t\t\t\n\t\t\t\n\n\t<div id=\"text-1427149715\" class=\"text\">\n\t\t\n\n<h1 class=\"uppercase\" style=\"text-align: center;\">education in brick factories<\/h1>\n\t\t\n<style>\n#text-1427149715 {\n  font-size: 1.35rem;\n}\n<\/style>\n\t<\/div>\n\t\n\n\t\t<\/div>\n\t\t\t\t\n<style>\n#col-1112948542 > .col-inner {\n  padding: 0px 0px 0px 0px;\n  margin: 0px 0px -40px 0px;\n}\n<\/style>\n\t<\/div>\n\n\t\n\n<\/div>\n\t<div id=\"gap-190866666\" class=\"gap-element clearfix hide-for-medium\" style=\"display:block; height:auto;\">\n\t\t\n<style>\n#gap-190866666 {\n  padding-top: 30px;\n}\n<\/style>\n\t<\/div>\n\t\n\n\n\t\t<\/div>\n\n\t\t\n<style>\n#section_957698234 {\n  padding-top: 5px;\n  padding-bottom: 5px;\n}\n<\/style>\n\t<\/section>\n\t\n\n\t<section class=\"section hide-for-medium\" id=\"section_1036881418\">\n\t\t<div class=\"section-bg fill\" >\n\t\t\t\t\t\t\t\t\t\n\t\t\t\n\n\t\t<\/div>\n\n\t\t\n\n\t\t<div class=\"section-content relative\">\n\t\t\t\n\n<div class=\"row\"  id=\"row-241898454\">\n\n\n\t<div id=\"col-2042651052\" class=\"col small-12 large-12\"  >\n\t\t\t\t<div class=\"col-inner\"  >\n\t\t\t\n\t\t\t\n\n\n  <div class=\"banner has-hover\" id=\"banner-1486406630\">\n          <div class=\"banner-inner fill\">\n        <div class=\"banner-bg fill\" >\n            <img loading=\"lazy\" decoding=\"async\" width=\"1020\" height=\"765\" src=\"https:\/\/sipar.org\/wp-content\/uploads\/education-briqueteries-1024x768.jpg\" class=\"bg attachment-large size-large\" alt=\"Education briqueteries\" \/>                        <div class=\"overlay\"><\/div>            \n                    <\/div>\n\t\t\n        <div class=\"banner-layers container\">\n            <div class=\"fill banner-link\"><\/div>            \n\n   <div id=\"text-box-1918079779\" class=\"text-box banner-layer x10 md-x10 lg-x10 y50 md-y50 lg-y50 res-text\">\n                                <div class=\"text-box-content text dark\">\n              \n              <div class=\"text-inner text-center\">\n                  \n\n\t<div id=\"text-2060473793\" class=\"text\">\n\t\t\n\n<h2>Contribute to the socio-educational development of brick factories workers and their children<\/h2>\n\t\t\n<style>\n#text-2060473793 {\n  font-size: 0.75rem;\n  line-height: 1.5;\n}\n<\/style>\n\t<\/div>\n\t\n\n              <\/div>\n           <\/div>\n                            \n<style>\n#text-box-1918079779 {\n  width: 60%;\n}\n#text-box-1918079779 .text-box-content {\n  font-size: 100%;\n}\n@media (min-width:550px) {\n  #text-box-1918079779 {\n    width: 40%;\n  }\n}\n<\/style>\n    <\/div>\n \n\n        <\/div>\n      <\/div>\n\n            \n<style>\n#banner-1486406630 {\n  padding-top: 30%;\n}\n#banner-1486406630 .overlay {\n  background-color: rgba(0,0,0,.5);\n}\n#banner-1486406630 .banner-bg img {\n  object-position: 3% 33%;\n}\n<\/style>\n  <\/div>\n\n\n\n\t\t<\/div>\n\t\t\t\t\t<\/div>\n\n\t\n\n<\/div>\n<p>Brick factories are fairly secret places, where no NGOs enter. <strong>Living and working conditions are extremely difficult.<\/strong> Almost all the families are over-indebted and have asked the owner to cover their debts. Workers find themselves in a situation of dependence on their boss, sometimes spanning several generations. <strong>This is an extremely vulnerable population, especially children.<\/strong><\/p>\n<p>Since 2018, Sipar has been visiting 12 brick factories every week with two mobile libraries. Since October 2023, 20 additional brick factories have also benefited from this initiative, bringing the total number of sites served by four mobile libraries to 32.<\/p>\n<p><strong>They support the socio-educational development of children living on production sites and, more broadly, of teenagers and workers.<\/strong> Sipar's librarian-educators offer a range of activities for children <strong>around reading and writing, a book lending service, as well as tutoring and awareness-raising on crucial social issues (hygiene, nutrition, health, violence prevention...)<\/strong><\/p>\n\n\t\t<\/div>\n\n\t\t\n<style>\n#section_1036881418 {\n  padding-top: 30px;\n  padding-bottom: 30px;\n}\n<\/style>\n\t<\/section>\n\t\n\n\t<section class=\"section show-for-small\" id=\"section_152566628\">\n\t\t<div class=\"section-bg fill\" >\n\t\t\t\t\t\t\t\t\t\n\t\t\t\n\n\t\t<\/div>\n\n\t\t\n\n\t\t<div class=\"section-content relative\">\n\t\t\t\n\n\t<div class=\"img has-hover x md-x lg-x y md-y lg-y\" id=\"image_1323416930\">\n\t\t\t\t\t\t\t\t<div class=\"img-inner dark\" >\n\t\t\t<img loading=\"lazy\" decoding=\"async\" width=\"1020\" height=\"765\" src=\"https:\/\/sipar.org\/wp-content\/uploads\/education-briqueteries-1024x768.jpg\" class=\"attachment-large size-large\" alt=\"Education briqueteries\" srcset=\"https:\/\/sipar.org\/wp-content\/uploads\/education-briqueteries-1024x768.jpg 1024w, https:\/\/sipar.org\/wp-content\/uploads\/education-briqueteries-300x225.jpg 300w, https:\/\/sipar.org\/wp-content\/uploads\/education-briqueteries-768x576.jpg 768w, https:\/\/sipar.org\/wp-content\/uploads\/education-briqueteries-1536x1152.jpg 1536w, https:\/\/sipar.org\/wp-content\/uploads\/education-briqueteries-16x12.jpg 16w, https:\/\/sipar.org\/wp-content\/uploads\/education-briqueteries.jpg 1800w\" sizes=\"auto, (max-width: 1020px) 100vw, 1020px\" \/>\t\t\t\t\t\t\n\t\t\t\t\t<\/div>\n\t\t\t\t\t\t\t\t\n<style>\n#image_1323416930 {\n  width: 100%;\n}\n<\/style>\n\t<\/div>\n\t\n\n\t<div id=\"gap-1044773104\" class=\"gap-element clearfix\" style=\"display:block; height:auto;\">\n\t\t\n<style>\n#gap-1044773104 {\n  padding-top: 30px;\n}\n<\/style>\n\t<\/div>\n\t\n\n<p>Brick factories are fairly secret places, where no NGOs enter. <strong>Living and working conditions are extremely difficult.<\/strong> Almost all the families are over-indebted and have asked the owner to cover their debts. Workers find themselves in a situation of dependence on their boss, sometimes spanning several generations. <strong>This is an extremely vulnerable population, especially children.<\/strong><\/p>\n<p>Since 2018, Sipar has been visiting 12 brick factories every week with two mobile libraries. Since October 2023, 20 additional brick factories have also benefited from this initiative, bringing the total number of sites served by four mobile libraries to 32.<\/p>\n<p><strong>They support the socio-educational development of children living on production sites and, more broadly, of teenagers and workers.<\/strong> Sipar's librarian-educators offer a range of activities for children <strong>around reading and writing, a book lending service, as well as tutoring and awareness-raising on crucial social issues (hygiene, nutrition, health, violence prevention...)<\/strong><\/p>\n\n\t\t<\/div>\n\n\t\t\n<style>\n#section_152566628 {\n  padding-top: 30px;\n  padding-bottom: 30px;\n}\n<\/style>\n\t<\/section>\n\t\n\n\t<section class=\"section\" id=\"section_117879234\">\n\t\t<div class=\"section-bg fill\" >\n\t\t\t\t\t\t\t\t\t\n\t\t\t\n\n\t\t<\/div>\n\n\t\t\n\n\t\t<div class=\"section-content relative\">\n\t\t\t\n\n<div class=\"video video-fit mb\" style=\"padding-top:400px;\"><iframe loading=\"lazy\" title=\"One Day with Mobile Library in Brick Factory\" width=\"1020\" height=\"574\" src=\"https:\/\/www.youtube.com\/embed\/JBUpGbXvuas?feature=oembed\" frameborder=\"0\" allow=\"accelerometer; autoplay; clipboard-write; encrypted-media; gyroscope; picture-in-picture; web-share\" referrerpolicy=\"strict-origin-when-cross-origin\" allowfullscreen><\/iframe><\/div>\n\n\n\t\t<\/div>\n\n\t\t\n<style>\n#section_117879234 {\n  padding-top: 30px;\n  padding-bottom: 30px;\n}\n<\/style>\n\t<\/section>\n\t\n<h3><span style=\"font-size: 160%;\">Our educative impact in brick factories<\/span><\/h3>\n<p>The impact on children is considerable: <strong>improved school enrolment, better literacy and numeracy, better socialization...<\/strong> Parents are also changing their perception of education and grasping its importance.<strong> By letting their child go to school, they hope for a better future for all.<\/strong><\/p>\n<p>The results of our June 2025 survey illustrate the tremendous work carried out by the teams at Sipar and our partner CWPD, exceeding our expectations. <a href=\"https:\/\/sipar.org\/en\/briqueteries-des-resultats-au-dela-des-previsions\/\">Read the article.<\/a><\/p>\n\t<div id=\"gap-194038253\" class=\"gap-element clearfix\" style=\"display:block; height:auto;\">\n\t\t\n<style>\n#gap-194038253 {\n  padding-top: 30px;\n}\n<\/style>\n\t<\/div>\n\t\n\n\n\t<section class=\"section\" id=\"section_372936651\">\n\t\t<div class=\"section-bg fill\" >\n\t\t\t\t\t\t\t\t\t\n\t\t\t\n\t<div class=\"is-border\"\n\t\tstyle=\"border-width:0px 0px 0px 0px;margin:0px 0px 50px 0px;\">\n\t<\/div>\n\n\t\t<\/div>\n\n\t\t\n\n\t\t<div class=\"section-content relative\">\n\t\t\t\n\n<div class=\"row\"  id=\"row-1850863387\">\n\n\n\t<div id=\"col-999778116\" class=\"col hide-for-medium medium-1 small-12 large-1\"  >\n\t\t\t\t<div class=\"col-inner\"  >\n\t\t\t\n\t\t\t\n\n\n\t\t<\/div>\n\t\t\t\t\t<\/div>\n\n\t\n\n\t<div id=\"col-2045031737\" class=\"col medium-10 small-12 large-10\"  >\n\t\t\t\t<div class=\"col-inner\"  >\n\t\t\t\n\t\t\t\n\n\t<div id=\"gap-469132321\" class=\"gap-element clearfix\" style=\"display:block; height:auto;\">\n\t\t\n<style>\n#gap-469132321 {\n  padding-top: 30px;\n}\n<\/style>\n\t<\/div>\n\t\n\n<div class=\"row align-middle\"  id=\"row-279833493\">\n\n\n\t<div id=\"col-1940677608\" class=\"col medium-4 small-12 large-4\"  >\n\t\t\t\t<div class=\"col-inner\"  >\n\t\t\t\n\t\t\t\n\n\t<div class=\"img has-hover circle x md-x lg-x y md-y lg-y\" id=\"image_1426077545\">\n\t\t\t\t\t\t\t\t<div class=\"img-inner dark\" >\n\t\t\t<img loading=\"lazy\" decoding=\"async\" width=\"542\" height=\"501\" src=\"https:\/\/sipar.org\/wp-content\/uploads\/briqueteries-sipar.jpg\" class=\"attachment-large size-large\" alt=\"briqueteries sipar\" srcset=\"https:\/\/sipar.org\/wp-content\/uploads\/briqueteries-sipar.jpg 542w, https:\/\/sipar.org\/wp-content\/uploads\/briqueteries-sipar-300x277.jpg 300w, https:\/\/sipar.org\/wp-content\/uploads\/briqueteries-sipar-13x12.jpg 13w\" sizes=\"auto, (max-width: 542px) 100vw, 542px\" \/>\t\t\t\t\t\t\n\t\t\t\t\t<\/div>\n\t\t\t\t\t\t\t\t\n<style>\n#image_1426077545 {\n  width: 100%;\n}\n<\/style>\n\t<\/div>\n\t\n\n\n\t\t<\/div>\n\t\t\t\t\t<\/div>\n\n\t\n\n\t<div id=\"col-2106196347\" class=\"col medium-8 small-12 large-8\"  >\n\t\t\t\t<div class=\"col-inner\"  >\n\t\t\t\n\t\t\t\n\n\t<div id=\"text-131261823\" class=\"text\">\n\t\t\n\n<p class=\"\" style=\"text-align: left;\" data-start=\"108\" data-end=\"418\"><span style=\"color: #000000; font-size: 95%;\"><em>When the mobile library arrives at the brick factory, it's always a moment I look forward to. I love choosing books, especially those about fruit and vegetables, which teach me how to eat healthily. Thanks to the mobile library, I read two books a month, and the librarians bring the stories to life.<\/em><\/span><\/p>\n\t\t\n<style>\n#text-131261823 {\n  font-size: 0.9rem;\n  color: rgb(0,0,0);\n}\n#text-131261823 > * {\n  color: rgb(0,0,0);\n}\n<\/style>\n\t<\/div>\n\t\n\t<div id=\"text-3369941499\" class=\"text\">\n\t\t\n\n<h3>LENG, Dany<\/h3>\n<p><span style=\"color: #282828;\">beneficiary of the mobile library in brick factories<\/span><\/p>\n\t\t\n<style>\n#text-3369941499 {\n  text-align: left;\n  color: #e32119;\n}\n#text-3369941499 > * {\n  color: #e32119;\n}\n<\/style>\n\t<\/div>\n\t\n\n\t\t<\/div>\n\t\t\t\t\t<\/div>\n\n\t\n\n<\/div>\n\n\t\t<\/div>\n\t\t\t\t\n<style>\n#col-2045031737 > .col-inner {\n  margin: 0px 0px -50px 0px;\n}\n<\/style>\n\t<\/div>\n\n\t\n\n\t<div id=\"col-1525218074\" class=\"col hide-for-medium medium-1 small-12 large-1\"  >\n\t\t\t\t<div class=\"col-inner\"  >\n\t\t\t\n\t\t\t\n\n\n\t\t<\/div>\n\t\t\t\t\t<\/div>\n\n\t\n\n<\/div>\n\n\t\t<\/div>\n\n\t\t\n<style>\n#section_372936651 {\n  padding-top: 30px;\n  padding-bottom: 30px;\n  background-color: rgb(228, 228, 228);\n}\n<\/style>\n\t<\/section>\n\t\n\t<div id=\"gap-2101888553\" class=\"gap-element clearfix\" style=\"display:block; height:auto;\">\n\t\t\n<style>\n#gap-2101888553 {\n  padding-top: 30px;\n}\n<\/style>\n\t<\/div>\n\t\n\n\n\t<section class=\"section\" id=\"section_1815194167\">\n\t\t<div class=\"section-bg fill\" >\n\t\t\t\t\t\t\t\t\t\n\t\t\t\n\n\t\t<\/div>\n\n\t\t\n\n\t\t<div class=\"section-content relative\">\n\t\t\t\n\n\t<div id=\"text-117701442\" class=\"text\">\n\t\t\n\n<h2>Sipar multiplies its impact in brick factories<\/h2>\n\t\t\n<style>\n#text-117701442 {\n  font-size: 1.3rem;\n}\n<\/style>\n\t<\/div>\n\t\n<div class=\"row align-middle\"  id=\"row-300631018\">\n\n\n\t<div id=\"col-665268251\" class=\"col medium-6 small-12 large-6\"  >\n\t\t\t\t<div class=\"col-inner\"  >\n\t\t\t\n\t\t\t\n\n\t<div class=\"img has-hover x md-x lg-x y md-y lg-y\" id=\"image_905325361\">\n\t\t\t\t\t\t\t\t<div class=\"img-inner dark\" >\n\t\t\t<img loading=\"lazy\" decoding=\"async\" width=\"1200\" height=\"900\" src=\"https:\/\/sipar.org\/wp-content\/uploads\/sipar-briqueterie-2.jpg\" class=\"attachment-original size-original\" alt=\"sipar briqueterie\" srcset=\"https:\/\/sipar.org\/wp-content\/uploads\/sipar-briqueterie-2.jpg 1200w, https:\/\/sipar.org\/wp-content\/uploads\/sipar-briqueterie-2-300x225.jpg 300w, https:\/\/sipar.org\/wp-content\/uploads\/sipar-briqueterie-2-1024x768.jpg 1024w, https:\/\/sipar.org\/wp-content\/uploads\/sipar-briqueterie-2-768x576.jpg 768w, https:\/\/sipar.org\/wp-content\/uploads\/sipar-briqueterie-2-16x12.jpg 16w\" sizes=\"auto, (max-width: 1200px) 100vw, 1200px\" \/>\t\t\t\t\t\t\n\t\t\t\t\t<\/div>\n\t\t\t\t\t\t\t\t\n<style>\n#image_905325361 {\n  width: 100%;\n}\n<\/style>\n\t<\/div>\n\t\n\n\n\t\t<\/div>\n\t\t\t\t\t<\/div>\n\n\t\n\n\t<div id=\"col-1561504369\" class=\"col medium-6 small-12 large-6\"  >\n\t\t\t\t<div class=\"col-inner\"  >\n\t\t\t\n\t\t\t\n\n<p>Since October 2023, thanks to support from Agence Fran\u00e7aise de D\u00e9veloppement (AFD), Sipar has been serving 32 brick factories with four mobile libraries. The aim: to directly improve the living conditions of over 3,300 children and adults. This support is also helping to organize awareness-raising sessions for parents on social issues, and to set up an innovative program dedicated to out-of-school teenagers.<\/p>\n<p>Over a three-year period, the project will also see the development of 20 micro-libraries, managed by volunteers from the surrounding villages. These spaces will give residents living outside the brick factories access to over 1,000 books for all ages and tastes.<\/p>\n\n\t\t<\/div>\n\t\t\t\t\t<\/div>\n\n\t\n\n<\/div>\n<p>Thank you to our pioneers partners the<a href=\"https:\/\/www.institutdefrance.fr\/lesfondations\/prix-fondations-fondation-luciole\/\"> Fondation Luciole<\/a>, <a href=\"https:\/\/www.thecomgestfoundation.com\/\">The Comgest Foundation<\/a>, l&rsquo;<a href=\"https:\/\/www.afd.fr\/en\">AFD<\/a>,\u00a0 <a href=\"https:\/\/fondationcassiopee.org\/fr\/\">Fondation Cassiop\u00e9e<\/a>, <a href=\"https:\/\/www.one-percent-for-education.org\/\">1% for Education,<\/a> <a href=\"https:\/\/www.lavoixdelenfant.org\/\">\u00a0La Voix de l&rsquo;Enfant<\/a>, <a href=\"https:\/\/azickia.org\/\">Azickia Foundation<\/a>, <a href=\"https:\/\/fondation-lama.org\/\">Fondation Lama<\/a> and to <a href=\"https:\/\/www.sensefoundationbrussels.org\/submit-your-project\">Sense Foundation<\/a> for their support on this ambitious program.<\/p>\n\n\t\t<\/div>\n\n\t\t\n<style>\n#section_1815194167 {\n  padding-top: 30px;\n  padding-bottom: 30px;\n}\n<\/style>\n\t<\/section>\n\t\n\n\t<section class=\"section\" id=\"section_587789263\">\n\t\t<div class=\"section-bg fill\" >\n\t\t\t\t\t\t\t\t\t\n\t\t\t\n\n\t\t<\/div>\n\n\t\t\n\n\t\t<div class=\"section-content relative\">\n\t\t\t\n\n\t<div id=\"gap-1857445362\" class=\"gap-element clearfix\" style=\"display:block; height:auto;\">\n\t\t\n<style>\n#gap-1857445362 {\n  padding-top: 70px;\n}\n<\/style>\n\t<\/div>\n\t\n\n<div class=\"row row-large\"  id=\"row-1166492299\">\n\n\n\t<div id=\"col-1116308443\" class=\"col medium-3 small-12 large-3\"  >\n\t\t\t\t<div class=\"col-inner text-center\"  >\n\t\t\t\n\t\t\t\n\n\t<div id=\"text-3512023585\" class=\"text\">\n\t\t\n\n<h3>32<\/h3>\n\t\t\n<style>\n#text-3512023585 {\n  font-size: 1.75rem;\n  line-height: 0.75;\n}\n<\/style>\n\t<\/div>\n\t\n<p>brick factories<\/p>\n\n\t\t<\/div>\n\t\t\t\t\t<\/div>\n\n\t\n\n\t<div id=\"col-650686969\" class=\"col medium-3 small-12 large-3\"  >\n\t\t\t\t<div class=\"col-inner text-center\"  >\n\t\t\t\n\t\t\t\n\n\t<div id=\"text-3891248122\" class=\"text\">\n\t\t\n\n<h3>4<\/h3>\n\t\t\n<style>\n#text-3891248122 {\n  font-size: 1.75rem;\n  line-height: 0.75;\n}\n<\/style>\n\t<\/div>\n\t\n<p>mobiles libraries<\/p>\n\n\t\t<\/div>\n\t\t\t\t\t<\/div>\n\n\t\n\n\t<div id=\"col-2083010065\" class=\"col medium-3 small-12 large-3\"  >\n\t\t\t\t<div class=\"col-inner text-center\"  >\n\t\t\t\n\t\t\t\n\n\t<div id=\"text-2645903360\" class=\"text\">\n\t\t\n\n<h3>3 300<\/h3>\n\t\t\n<style>\n#text-2645903360 {\n  font-size: 1.75rem;\n  line-height: 0.75;\n}\n<\/style>\n\t<\/div>\n\t\n<p>direct beneficiaries<\/p>\n\n\t\t<\/div>\n\t\t\t\t\t<\/div>\n\n\t\n\n\t<div id=\"col-708162517\" class=\"col medium-3 small-12 large-3\"  >\n\t\t\t\t<div class=\"col-inner text-center\"  >\n\t\t\t\n\t\t\t\n\n\t<div id=\"text-496765751\" class=\"text\">\n\t\t\n\n<h3>20<\/h3>\n\t\t\n<style>\n#text-496765751 {\n  font-size: 1.75rem;\n  line-height: 0.75;\n}\n<\/style>\n\t<\/div>\n\t\n<p>micro-libraries in rural villages<\/p>\n\n\t\t<\/div>\n\t\t\t\t\t<\/div>\n\n\t\n\n\n<style>\n#row-1166492299 > .col > .col-inner {\n  padding: 0px 5% 0px 5%;\n}\n<\/style>\n<\/div>\n\n\t\t<\/div>\n\n\t\t\n<style>\n#section_587789263 {\n  padding-top: 0px;\n  padding-bottom: 0px;\n}\n<\/style>\n\t<\/section>","protected":false},"excerpt":{"rendered":"","protected":false},"author":1,"featured_media":0,"parent":0,"menu_order":0,"comment_status":"closed","ping_status":"closed","template":"","meta":{"footnotes":""},"class_list":["post-2080","page","type-page","status-publish","hentry"],"yoast_head":"<!-- This site is optimized with the Yoast SEO plugin v27.3 - https:\/\/yoast.com\/product\/yoast-seo-wordpress\/ -->\n<title>Education dans les briqueteries - Sipar<\/title>\n<meta name=\"description\" content=\"Education dans les briqueteries : Sipar permet \u00e0 plus de 3 300 Cambodgiens et Cambodgiennes d&#039;avoir acc\u00e8s \u00e0 une \u00e9ducation de qualit\u00e9.\" \/>\n<meta name=\"robots\" content=\"index, follow, max-snippet:-1, max-image-preview:large, max-video-preview:-1\" \/>\n<link rel=\"canonical\" href=\"https:\/\/sipar.org\/en\/education-dans-les-briqueteries\/\" \/>\n<meta property=\"og:locale\" content=\"en_US\" \/>\n<meta property=\"og:type\" content=\"article\" \/>\n<meta property=\"og:title\" content=\"Education dans les briqueteries - Sipar\" \/>\n<meta property=\"og:description\" content=\"Education dans les briqueteries : Sipar permet \u00e0 plus de 3 300 Cambodgiens et Cambodgiennes d&#039;avoir acc\u00e8s \u00e0 une \u00e9ducation de qualit\u00e9.\" \/>\n<meta property=\"og:url\" content=\"https:\/\/sipar.org\/en\/education-dans-les-briqueteries\/\" \/>\n<meta property=\"og:site_name\" content=\"Sipar\" \/>\n<meta property=\"article:publisher\" content=\"https:\/\/facebook.com\/siparfrance\" \/>\n<meta property=\"article:modified_time\" content=\"2026-01-21T13:33:39+00:00\" \/>\n<meta property=\"og:image\" content=\"https:\/\/sipar.org\/wp-content\/uploads\/LOGO-FINAL-SIPAR.jpg\" \/>\n\t<meta property=\"og:image:width\" content=\"2362\" \/>\n\t<meta property=\"og:image:height\" content=\"2362\" \/>\n\t<meta property=\"og:image:type\" content=\"image\/jpeg\" \/>\n<meta name=\"twitter:card\" content=\"summary_large_image\" \/>\n<meta name=\"twitter:label1\" content=\"Est. reading time\" \/>\n\t<meta name=\"twitter:data1\" content=\"3 minutes\" \/>\n<script type=\"application\/ld+json\" class=\"yoast-schema-graph\">{\"@context\":\"https:\\\/\\\/schema.org\",\"@graph\":[{\"@type\":\"WebPage\",\"@id\":\"https:\\\/\\\/sipar.org\\\/education-dans-les-briqueteries\\\/\",\"url\":\"https:\\\/\\\/sipar.org\\\/education-dans-les-briqueteries\\\/\",\"name\":\"Education dans les briqueteries - Sipar\",\"isPartOf\":{\"@id\":\"https:\\\/\\\/sipar.org\\\/#website\"},\"datePublished\":\"2024-08-13T09:51:23+00:00\",\"dateModified\":\"2026-01-21T13:33:39+00:00\",\"description\":\"Education dans les briqueteries : Sipar permet \u00e0 plus de 3 300 Cambodgiens et Cambodgiennes d'avoir acc\u00e8s \u00e0 une \u00e9ducation de qualit\u00e9.\",\"breadcrumb\":{\"@id\":\"https:\\\/\\\/sipar.org\\\/education-dans-les-briqueteries\\\/#breadcrumb\"},\"inLanguage\":\"en-US\",\"potentialAction\":[{\"@type\":\"ReadAction\",\"target\":[\"https:\\\/\\\/sipar.org\\\/education-dans-les-briqueteries\\\/\"]}]},{\"@type\":\"BreadcrumbList\",\"@id\":\"https:\\\/\\\/sipar.org\\\/education-dans-les-briqueteries\\\/#breadcrumb\",\"itemListElement\":[{\"@type\":\"ListItem\",\"position\":1,\"name\":\"Accueil\",\"item\":\"https:\\\/\\\/sipar.org\\\/\"},{\"@type\":\"ListItem\",\"position\":2,\"name\":\"Education dans les briqueteries\"}]},{\"@type\":\"WebSite\",\"@id\":\"https:\\\/\\\/sipar.org\\\/#website\",\"url\":\"https:\\\/\\\/sipar.org\\\/\",\"name\":\"Sipar\",\"description\":\"Lire et s&#039;instruire pour construire l&#039;avenir\",\"publisher\":{\"@id\":\"https:\\\/\\\/sipar.org\\\/#organization\"},\"potentialAction\":[{\"@type\":\"SearchAction\",\"target\":{\"@type\":\"EntryPoint\",\"urlTemplate\":\"https:\\\/\\\/sipar.org\\\/?s={search_term_string}\"},\"query-input\":{\"@type\":\"PropertyValueSpecification\",\"valueRequired\":true,\"valueName\":\"search_term_string\"}}],\"inLanguage\":\"en-US\"},{\"@type\":\"Organization\",\"@id\":\"https:\\\/\\\/sipar.org\\\/#organization\",\"name\":\"Sipar\",\"url\":\"https:\\\/\\\/sipar.org\\\/\",\"logo\":{\"@type\":\"ImageObject\",\"inLanguage\":\"en-US\",\"@id\":\"https:\\\/\\\/sipar.org\\\/#\\\/schema\\\/logo\\\/image\\\/\",\"url\":\"https:\\\/\\\/sipar.org\\\/wp-content\\\/uploads\\\/LOGO-FINAL-SIPAR.jpg\",\"contentUrl\":\"https:\\\/\\\/sipar.org\\\/wp-content\\\/uploads\\\/LOGO-FINAL-SIPAR.jpg\",\"width\":2362,\"height\":2362,\"caption\":\"Sipar\"},\"image\":{\"@id\":\"https:\\\/\\\/sipar.org\\\/#\\\/schema\\\/logo\\\/image\\\/\"},\"sameAs\":[\"https:\\\/\\\/facebook.com\\\/siparfrance\",\"https:\\\/\\\/instagram.com\\\/siparfrance\",\"https:\\\/\\\/www.linkedin.com\\\/company\\\/sipar-cambodia\",\"https:\\\/\\\/www.youtube.com\\\/channel\\\/UCjYqDfhBs1Q9rpXcPwTTbPg\"]}]}<\/script>\n<!-- \/ Yoast SEO plugin. -->","yoast_head_json":{"title":"Education dans les briqueteries - Sipar","description":"Education dans les briqueteries : Sipar permet \u00e0 plus de 3 300 Cambodgiens et Cambodgiennes d'avoir acc\u00e8s \u00e0 une \u00e9ducation de qualit\u00e9.","robots":{"index":"index","follow":"follow","max-snippet":"max-snippet:-1","max-image-preview":"max-image-preview:large","max-video-preview":"max-video-preview:-1"},"canonical":"https:\/\/sipar.org\/en\/education-dans-les-briqueteries\/","og_locale":"en_US","og_type":"article","og_title":"Education dans les briqueteries - Sipar","og_description":"Education dans les briqueteries : Sipar permet \u00e0 plus de 3 300 Cambodgiens et Cambodgiennes d'avoir acc\u00e8s \u00e0 une \u00e9ducation de qualit\u00e9.","og_url":"https:\/\/sipar.org\/en\/education-dans-les-briqueteries\/","og_site_name":"Sipar","article_publisher":"https:\/\/facebook.com\/siparfrance","article_modified_time":"2026-01-21T13:33:39+00:00","og_image":[{"width":2362,"height":2362,"url":"https:\/\/sipar.org\/wp-content\/uploads\/LOGO-FINAL-SIPAR.jpg","type":"image\/jpeg"}],"twitter_card":"summary_large_image","twitter_misc":{"Est. reading time":"3 minutes"},"schema":{"@context":"https:\/\/schema.org","@graph":[{"@type":"WebPage","@id":"https:\/\/sipar.org\/education-dans-les-briqueteries\/","url":"https:\/\/sipar.org\/education-dans-les-briqueteries\/","name":"Education dans les briqueteries - Sipar","isPartOf":{"@id":"https:\/\/sipar.org\/#website"},"datePublished":"2024-08-13T09:51:23+00:00","dateModified":"2026-01-21T13:33:39+00:00","description":"Education dans les briqueteries : Sipar permet \u00e0 plus de 3 300 Cambodgiens et Cambodgiennes d'avoir acc\u00e8s \u00e0 une \u00e9ducation de qualit\u00e9.","breadcrumb":{"@id":"https:\/\/sipar.org\/education-dans-les-briqueteries\/#breadcrumb"},"inLanguage":"en-US","potentialAction":[{"@type":"ReadAction","target":["https:\/\/sipar.org\/education-dans-les-briqueteries\/"]}]},{"@type":"BreadcrumbList","@id":"https:\/\/sipar.org\/education-dans-les-briqueteries\/#breadcrumb","itemListElement":[{"@type":"ListItem","position":1,"name":"Accueil","item":"https:\/\/sipar.org\/"},{"@type":"ListItem","position":2,"name":"Education dans les briqueteries"}]},{"@type":"WebSite","@id":"https:\/\/sipar.org\/#website","url":"https:\/\/sipar.org\/","name":"Sipar","description":"Lire et s&#039;instruire pour construire l&#039;avenir","publisher":{"@id":"https:\/\/sipar.org\/#organization"},"potentialAction":[{"@type":"SearchAction","target":{"@type":"EntryPoint","urlTemplate":"https:\/\/sipar.org\/?s={search_term_string}"},"query-input":{"@type":"PropertyValueSpecification","valueRequired":true,"valueName":"search_term_string"}}],"inLanguage":"en-US"},{"@type":"Organization","@id":"https:\/\/sipar.org\/#organization","name":"Sipar","url":"https:\/\/sipar.org\/","logo":{"@type":"ImageObject","inLanguage":"en-US","@id":"https:\/\/sipar.org\/#\/schema\/logo\/image\/","url":"https:\/\/sipar.org\/wp-content\/uploads\/LOGO-FINAL-SIPAR.jpg","contentUrl":"https:\/\/sipar.org\/wp-content\/uploads\/LOGO-FINAL-SIPAR.jpg","width":2362,"height":2362,"caption":"Sipar"},"image":{"@id":"https:\/\/sipar.org\/#\/schema\/logo\/image\/"},"sameAs":["https:\/\/facebook.com\/siparfrance","https:\/\/instagram.com\/siparfrance","https:\/\/www.linkedin.com\/company\/sipar-cambodia","https:\/\/www.youtube.com\/channel\/UCjYqDfhBs1Q9rpXcPwTTbPg"]}]}},"_links":{"self":[{"href":"https:\/\/sipar.org\/en\/wp-json\/wp\/v2\/pages\/2080","targetHints":{"allow":["GET"]}}],"collection":[{"href":"https:\/\/sipar.org\/en\/wp-json\/wp\/v2\/pages"}],"about":[{"href":"https:\/\/sipar.org\/en\/wp-json\/wp\/v2\/types\/page"}],"author":[{"embeddable":true,"href":"https:\/\/sipar.org\/en\/wp-json\/wp\/v2\/users\/1"}],"replies":[{"embeddable":true,"href":"https:\/\/sipar.org\/en\/wp-json\/wp\/v2\/comments?post=2080"}],"version-history":[{"count":33,"href":"https:\/\/sipar.org\/en\/wp-json\/wp\/v2\/pages\/2080\/revisions"}],"predecessor-version":[{"id":2617,"href":"https:\/\/sipar.org\/en\/wp-json\/wp\/v2\/pages\/2080\/revisions\/2617"}],"wp:attachment":[{"href":"https:\/\/sipar.org\/en\/wp-json\/wp\/v2\/media?parent=2080"}],"curies":[{"name":"wp","href":"https:\/\/api.w.org\/{rel}","templated":true}]}}